{"id":1084,"date":"2020-09-11T20:31:28","date_gmt":"2020-09-11T20:31:28","guid":{"rendered":"http:\/\/www.intergate.net.br\/conector\/?page_id=1084"},"modified":"2024-05-22T10:20:07","modified_gmt":"2024-05-22T13:20:07","slug":"supplyapi","status":"publish","type":"page","link":"https:\/\/intergate.net.br\/conector\/supplyapi\/","title":{"rendered":"supplyAPI"},"content":{"rendered":"\t\t<div data-elementor-type=\"wp-page\" data-elementor-id=\"1084\" class=\"elementor elementor-1084\">\n\t\t\t\t\t\t<section class=\"elementor-section elementor-top-section elementor-element elementor-element-fa637b8 elementor-section-boxed elementor-section-height-default elementor-section-height-default\" data-id=\"fa637b8\" data-element_type=\"section\" data-e-type=\"section\">\n\t\t\t\t\t\t<div class=\"elementor-container elementor-column-gap-default\">\n\t\t\t\t\t<div class=\"elementor-column elementor-col-100 elementor-top-column elementor-element elementor-element-f408178\" data-id=\"f408178\" data-element_type=\"column\" data-e-type=\"column\">\n\t\t\t<div class=\"elementor-widget-wrap elementor-element-populated\">\n\t\t\t\t\t\t<div class=\"elementor-element elementor-element-4980dfa elementor-widget elementor-widget-spacer\" data-id=\"4980dfa\" data-element_type=\"widget\" data-e-type=\"widget\" data-widget_type=\"spacer.default\">\n\t\t\t\t<div class=\"elementor-widget-container\">\n\t\t\t\t\t\t\t<div class=\"elementor-spacer\">\n\t\t\t<div class=\"elementor-spacer-inner\"><\/div>\n\t\t<\/div>\n\t\t\t\t\t\t<\/div>\n\t\t\t\t<\/div>\n\t\t\t\t\t<\/div>\n\t\t<\/div>\n\t\t\t\t\t<\/div>\n\t\t<\/section>\n\t\t\t\t<section class=\"elementor-section elementor-top-section elementor-element elementor-element-5e5a7a2c elementor-section-boxed elementor-section-height-default elementor-section-height-default\" data-id=\"5e5a7a2c\" data-element_type=\"section\" data-e-type=\"section\">\n\t\t\t\t\t\t<div class=\"elementor-container elementor-column-gap-default\">\n\t\t\t\t\t<div class=\"elementor-column elementor-col-100 elementor-top-column elementor-element elementor-element-11e2eea9\" data-id=\"11e2eea9\" data-element_type=\"column\" data-e-type=\"column\">\n\t\t\t<div class=\"elementor-widget-wrap elementor-element-populated\">\n\t\t\t\t\t\t<div class=\"elementor-element elementor-element-41659a94 elementor-widget elementor-widget-text-editor\" data-id=\"41659a94\" data-element_type=\"widget\" data-e-type=\"widget\" data-widget_type=\"text-editor.default\">\n\t\t\t\t<div class=\"elementor-widget-container\">\n\t\t\t\t\t\t\t\t\t\n<p>\u00a0<\/p>\n<figure class=\"wp-block-image aligncenter size-full\"><a href=\"http:\/\/www.intergate.net.br\/conector\/wp-content\/uploads\/2020\/09\/supplyAPI-1.png\" target=\"_blank\" rel=\"noopener noreferrer\"><img fetchpriority=\"high\" decoding=\"async\" width=\"590\" height=\"331\" class=\"wp-image-1094\" src=\"https:\/\/intergate.net.br\/conector\/wp-content\/uploads\/2020\/09\/supplyAPI-1.png\" alt=\"O conector supplyAPI \u00e9 uma API REST passiva e padronizada para acesso a dados do sistema de ERP (SAP Business One e TOTVS Protheus), visando a integra\u00e7\u00e3o com plataformas de Compras\" srcset=\"https:\/\/intergate.net.br\/conector\/wp-content\/uploads\/2020\/09\/supplyAPI-1.png 590w, https:\/\/intergate.net.br\/conector\/wp-content\/uploads\/2020\/09\/supplyAPI-1-300x168.png 300w\" sizes=\"(max-width: 590px) 100vw, 590px\" \/><\/a><\/figure>\n<p>\u00a0<\/p>\n\n<h2>\u00a0<\/h2>\n<h2 class=\"wp-block-heading\"><em>Destrave seu ERP com nossa supplyAPI <\/em><\/h2>\n<p>A API <strong>supplyAPI<a href=\"http:\/\/www.intergate.net.br\/blog\/integracao-erp-e-ecommerce\/?__hstc=183024505.94f9b4032077fe2e4800395082fff116.1573219380430.1582136593016.1582138974612.64&amp;__hssc=183024505.26.1582138974612&amp;__hsfp=2626539632\">\u00a0<\/a><\/strong>\u00e9 uma API HTTP REST passiva e padronizada para acesso a dados do sistema de ERP (SAP Business One ou TOTVS Protheus), visando a <strong>integra\u00e7\u00e3o com plataformas de Compras<\/strong>.<\/p>\n<p><strong>A API supplyAPI (<strong>SAP B1If<\/strong><\/strong> <strong>1.x) oferece os seguintes servi\u00e7os (v2.2)*: <\/strong><\/p>\n<p><br \/><!-- \/wp:paragraph --><br \/><br \/><!-- wp:table {\"className\":\"is-style-stripes\"} --><\/p>\n<figure class=\"wp-block-table is-style-stripes\">\n<table>\n<thead>\n<tr>\n<th><strong>SERVI\u00c7OS<\/strong><\/th>\n<th><strong>M\u00c9TODOS<\/strong><\/th>\n<th class=\"has-text-align-center\" data-align=\"center\"><img decoding=\"async\" style=\"width: 60px;\" src=\"http:\/\/www.intergate.net.br\/conector\/wp-content\/uploads\/2020\/09\/logo-sap.png\" alt=\"\" \/><\/th>\n<th class=\"has-text-align-center\" data-align=\"center\"><img decoding=\"async\" src=\"http:\/\/www.intergate.net.br\/conector\/wp-content\/uploads\/2020\/09\/totvs_novo-1.jpg\" alt=\"\" \/><\/th>\n<\/tr>\n<\/thead>\n<tbody>\n<tr>\n<td>buyers<\/td>\n<td>GET<\/td>\n<td class=\"has-text-align-center\" data-align=\"center\"><img decoding=\"async\" src=\"http:\/\/www.intergate.net.br\/conector\/wp-content\/uploads\/2020\/09\/SINAL-VERDE-e1600193401310.jpg\" alt=\"\" \/><\/td>\n<td class=\"has-text-align-center\" data-align=\"center\"><img decoding=\"async\" src=\"http:\/\/www.intergate.net.br\/conector\/wp-content\/uploads\/2020\/09\/SINAL-VERDE-e1600193401310.jpg\" alt=\"\" \/><\/td>\n<\/tr>\n<tr>\n<td>purchaseContracts<\/td>\n<td>GET<\/td>\n<td class=\"has-text-align-center\" data-align=\"center\"><img decoding=\"async\" src=\"http:\/\/www.intergate.net.br\/conector\/wp-content\/uploads\/2020\/09\/SINAL-VERDE-e1600193401310.jpg\" alt=\"\" \/><\/td>\n<td class=\"has-text-align-center\" data-align=\"center\">&#8211;<\/td>\n<\/tr>\n<tr>\n<td>purchaseRequests<\/td>\n<td>GET\/PUT<\/td>\n<td class=\"has-text-align-center\" data-align=\"center\"><img decoding=\"async\" src=\"http:\/\/www.intergate.net.br\/conector\/wp-content\/uploads\/2020\/09\/SINAL-VERDE-e1600193401310.jpg\" alt=\"\" \/><\/td>\n<td class=\"has-text-align-center\" data-align=\"center\">&#8211;<\/td>\n<\/tr>\n<tr>\n<td>purchaseOrders<\/td>\n<td>GET\/PUT<\/td>\n<td class=\"has-text-align-center\" data-align=\"center\"><img decoding=\"async\" src=\"http:\/\/www.intergate.net.br\/conector\/wp-content\/uploads\/2020\/09\/SINAL-VERDE-e1600193401310.jpg\" alt=\"\" \/><\/td>\n<td class=\"has-text-align-center\" data-align=\"center\"><img decoding=\"async\" src=\"http:\/\/www.intergate.net.br\/conector\/wp-content\/uploads\/2020\/09\/SINAL-VERDE-e1600193401310.jpg\" alt=\"\" \/><\/td>\n<\/tr>\n<tr>\n<td>purchaseOrderStatus<\/td>\n<td>GET\/POST<\/td>\n<td class=\"has-text-align-center\" data-align=\"center\"><img decoding=\"async\" src=\"http:\/\/www.intergate.net.br\/conector\/wp-content\/uploads\/2020\/09\/SINAL-VERDE-e1600193401310.jpg\" alt=\"\" \/><\/td>\n<td class=\"has-text-align-center\" data-align=\"center\">\u00a0<\/td>\n<\/tr>\n<tr>\n<td>purchaseInvoices<\/td>\n<td>GET<\/td>\n<td class=\"has-text-align-center\" data-align=\"center\"><img decoding=\"async\" src=\"http:\/\/www.intergate.net.br\/conector\/wp-content\/uploads\/2020\/09\/SINAL-VERDE-e1600193401310.jpg\" alt=\"\" \/><\/td>\n<td class=\"has-text-align-center\" data-align=\"center\"><img decoding=\"async\" src=\"http:\/\/www.intergate.net.br\/conector\/wp-content\/uploads\/2020\/09\/SINAL-VERDE-e1600193401310.jpg\" alt=\"\" \/><\/td>\n<\/tr>\n<tr>\n<td>payables<\/td>\n<td>GET<\/td>\n<td class=\"has-text-align-center\" data-align=\"center\"><img decoding=\"async\" style=\"width: 30px;\" src=\"http:\/\/www.intergate.net.br\/conector\/wp-content\/uploads\/2020\/09\/SINAL-VERDE-e1600193401310.jpg\" alt=\"\" \/><\/td>\n<td class=\"has-text-align-center\" data-align=\"center\"><img decoding=\"async\" src=\"http:\/\/www.intergate.net.br\/conector\/wp-content\/uploads\/2020\/09\/SINAL-VERDE-e1600193401310.jpg\" alt=\"\" \/><\/td>\n<\/tr>\n<tr>\n<td>outPayments<\/td>\n<td>GET\/PUT<\/td>\n<td class=\"has-text-align-center\" data-align=\"center\"><img decoding=\"async\" style=\"width: 30px;\" src=\"http:\/\/www.intergate.net.br\/conector\/wp-content\/uploads\/2020\/09\/SINAL-VERDE-e1600193401310.jpg\" alt=\"\" \/><\/td>\n<td class=\"has-text-align-center\" data-align=\"center\"><img decoding=\"async\" src=\"http:\/\/www.intergate.net.br\/conector\/wp-content\/uploads\/2020\/09\/SINAL-VERDE-e1600193401310.jpg\" alt=\"\" \/><\/td>\n<\/tr>\n<tr>\n<td>purCreditNotes<\/td>\n<td>GET<\/td>\n<td class=\"has-text-align-center\" data-align=\"center\"><img decoding=\"async\" src=\"http:\/\/www.intergate.net.br\/conector\/wp-content\/uploads\/2020\/09\/SINAL-VERDE-e1600193401310.jpg\" alt=\"\" \/><\/td>\n<td class=\"has-text-align-center\" data-align=\"center\"><img decoding=\"async\" src=\"http:\/\/www.intergate.net.br\/conector\/wp-content\/uploads\/2020\/09\/SINAL-VERDE-e1600193401310.jpg\" alt=\"\" \/><\/td>\n<\/tr>\n<tr>\n<td>purDownPayments<\/td>\n<td>GET<\/td>\n<td class=\"has-text-align-center\" data-align=\"center\"><img decoding=\"async\" src=\"http:\/\/www.intergate.net.br\/conector\/wp-content\/uploads\/2020\/09\/SINAL-VERDE-e1600193401310.jpg\" alt=\"\" \/><\/td>\n<td class=\"has-text-align-center\" data-align=\"center\">&#8211;<\/td>\n<\/tr>\n<\/tbody>\n<\/table>\n<figcaption class=\"wp-element-caption\"><mark class=\"has-inline-color has-accent-color\" style=\"background-color: rgba(0, 0, 0, 0);\"><em>* <strong>Al\u00e9m desses servi\u00e7os, a supplyAPI contempla todos os servi\u00e7os do API-base salesAPI<\/strong><\/em><\/mark><\/figcaption>\n<br \/><!-- wp:paragraph --><\/figure>\n<p><strong>Detalhes<\/strong><br \/><!-- wp:paragraph --><\/p>\n<p>Basic Auth, body request\/response: application\/json, pagina\u00e7\u00e3o, consulta incremental, monitoramento (usage, database), tratamento de campos custom, roadmap, configur\u00e1vel por cliente, etc.<\/p>\n<p><strong>Documenta\u00e7\u00e3o da API<\/strong><\/p>\n<p>Nossa p\u00e1gina de documenta\u00e7\u00e3o est\u00e1 exposta via <a href=\"http:\/\/www.intergate.net.br\/blog\/desenvolva-sua-api-com-postman\/\" target=\"_blank\" rel=\"noreferrer noopener\">Postman<\/a> e cont\u00e9m todas as informa\u00e7\u00f5es e atualiza\u00e7\u00f5es, com as melhores pr\u00e1ticas para automa\u00e7\u00f5es e desenvolvimentos usando APIs.<\/p>\n<p><a class=\"wp-block-button__link has-accent-background-color has-background wp-element-button\" href=\"https:\/\/documenter.getpostman.com\/view\/8243187\/TVKA5Khm\" target=\"_blank\" rel=\"noreferrer noopener\">Veja nossa documenta\u00e7\u00e3o Postman<\/a><\/p>\n<p><script type=\"text\/javascript\"><br>  (function (p,o,s,t,m,a,n) {<br>    !p[s] && (p[s] = function () { (p[t] || (p[t] = [])).push(arguments); });<br>    !o.getElementById(s+t) && o.getElementsByTagName(\"head\")[0].appendChild((<br>      (n = o.createElement(\"script\")),<br>      (n.id = s+t), (n.async = 1), (n.src = m), n<br>    ));<br>  }(window, document, \"_pm\", \"PostmanRunObject\", \"https:\/\/run.pstmn.io\/button.js\"));<br><\/script><\/p>\n<p><strong>Acesse nosso Blog e saiba mais..<\/strong><\/p>\n<ul>\n<li style=\"list-style-type: none;\">\n<ul><!-- wp:list-item --><\/ul>\n<\/li>\n<\/ul>\n<ul>\n<li style=\"list-style-type: none;\">\n<ul>\n<li><a href=\"http:\/\/www.intergate.net.br\/blog\/suprir-implanta-sap-business-one\/\" target=\"_blank\" rel=\"noreferrer noopener\">Suprir implanta SAP B1, obt\u00e9m controle, integra\u00e7\u00e3o e visibilidade.<\/a><\/li>\n<\/ul>\n<\/li>\n<\/ul>\n<ul>\n<li style=\"list-style-type: none;\">\n<ul><!-- \/wp:list-item --><\/ul>\n<\/li>\n<\/ul>\n<ul>\n<li style=\"list-style-type: none;\">\n<ul><!-- wp:list-item --><\/ul>\n<\/li>\n<\/ul>\n<ul>\n<li style=\"list-style-type: none;\">\n<ul>\n<li><a href=\"http:\/\/www.intergate.net.br\/blog\/as-apis-em-nosso-cotidiano\/\" target=\"_blank\" rel=\"noreferrer noopener\">As APIs em nosso cotidiano<\/a><\/li>\n<\/ul>\n<\/li>\n<\/ul>\n<ul>\n<li style=\"list-style-type: none;\">\n<ul><!-- \/wp:list-item --><\/ul>\n<\/li>\n<\/ul>\n<ul>\n<li style=\"list-style-type: none;\">\n<ul><!-- wp:list-item --><\/ul>\n<\/li>\n<\/ul>\n<ul>\n<li style=\"list-style-type: none;\">\n<ul>\n<li><a href=\"http:\/\/www.intergate.net.br\/blog\/destrave-seu-erp-com-nosso-conectorgateapis\/\" target=\"_blank\" rel=\"noreferrer noopener\">Destrave seu ERP com nosso ConectorGate APIs<\/a><\/li>\n<\/ul>\n<\/li>\n<\/ul>\n<p>\u00a0<\/p>\n<ul><!-- \/wp:list-item --><\/ul>\n<p><br \/><!-- \/wp:list --><\/p>\t\t\t\t\t\t\t\t<\/div>\n\t\t\t\t<\/div>\n\t\t\t\t\t<\/div>\n\t\t<\/div>\n\t\t\t\t\t<\/div>\n\t\t<\/section>\n\t\t\t\t<\/div>\n\t\t","protected":false},"excerpt":{"rendered":"<p>\u00a0 Destrave seu ERP com nossa supplyAPI A API supplyAPI\u00a0\u00e9 uma API HTTP REST passiva e padronizada para acesso a dados do sistema de ERP (SAP Business One ou TOTVS Protheus), visando a integra\u00e7\u00e3o com plataformas de Compras. A API supplyAPI (SAP B1If 1.x) oferece os seguintes servi\u00e7os (v2.2)*: SERVI\u00c7OS M\u00c9TODOS buyers GET purchaseContracts GET&hellip;&nbsp;<a href=\"https:\/\/intergate.net.br\/conector\/supplyapi\/\" rel=\"bookmark\">Ler mais &raquo;<span class=\"screen-reader-text\">supplyAPI<\/span><\/a><\/p>\n","protected":false},"author":1,"featured_media":0,"parent":0,"menu_order":0,"comment_status":"closed","ping_status":"closed","template":"page-templates\/template-pagebuilder-full-width.php","meta":{"content-type":"","neve_meta_sidebar":"","neve_meta_container":"","neve_meta_enable_content_width":"","neve_meta_content_width":0,"neve_meta_title_alignment":"","neve_meta_author_avatar":"","neve_post_elements_order":"","neve_meta_disable_header":"","neve_meta_disable_footer":"","neve_meta_disable_title":"","footnotes":""},"class_list":["post-1084","page","type-page","status-publish","hentry"],"yoast_head":"<!-- This site is optimized with the Yoast SEO plugin v27.4 - https:\/\/yoast.com\/product\/yoast-seo-wordpress\/ -->\n<title>supplyAPI - Conectorgate<\/title>\n<meta name=\"description\" content=\"O conector supplyAPI \u00e9 uma API padronizada para acesso a dados de ERPs (como SAP Business One e TOTVS Protheus), integrando com compras.\" \/>\n<meta name=\"robots\" content=\"index, follow, max-snippet:-1, max-image-preview:large, max-video-preview:-1\" \/>\n<link rel=\"canonical\" href=\"https:\/\/intergate.net.br\/conector\/supplyapi\/\" \/>\n<meta name=\"twitter:card\" content=\"summary_large_image\" \/>\n<meta name=\"twitter:title\" content=\"supplyAPI - Conectorgate\" \/>\n<meta name=\"twitter:description\" content=\"O conector supplyAPI \u00e9 uma API padronizada para acesso a dados de ERPs (como SAP Business One e TOTVS Protheus), integrando com compras.\" \/>\n<meta name=\"twitter:image\" content=\"https:\/\/intergate.net.br\/conector\/wp-content\/uploads\/2020\/09\/supplyAPI-1.png\" \/>\n<meta name=\"twitter:label1\" content=\"Tempo estimado de leitura\" \/>\n\t<meta name=\"twitter:data1\" content=\"5 minutos\" \/>\n<script type=\"application\/ld+json\" class=\"yoast-schema-graph\">{\"@context\":\"https:\\\/\\\/schema.org\",\"@graph\":[{\"@type\":\"WebPage\",\"@id\":\"https:\\\/\\\/intergate.net.br\\\/conector\\\/supplyapi\\\/\",\"url\":\"https:\\\/\\\/intergate.net.br\\\/conector\\\/supplyapi\\\/\",\"name\":\"supplyAPI - Conectorgate\",\"isPartOf\":{\"@id\":\"https:\\\/\\\/intergate.net.br\\\/conector\\\/#website\"},\"primaryImageOfPage\":{\"@id\":\"https:\\\/\\\/intergate.net.br\\\/conector\\\/supplyapi\\\/#primaryimage\"},\"image\":{\"@id\":\"https:\\\/\\\/intergate.net.br\\\/conector\\\/supplyapi\\\/#primaryimage\"},\"thumbnailUrl\":\"https:\\\/\\\/intergate.net.br\\\/conector\\\/wp-content\\\/uploads\\\/2020\\\/09\\\/supplyAPI-1.png\",\"datePublished\":\"2020-09-11T20:31:28+00:00\",\"dateModified\":\"2024-05-22T13:20:07+00:00\",\"description\":\"O conector supplyAPI \u00e9 uma API padronizada para acesso a dados de ERPs (como SAP Business One e TOTVS Protheus), integrando com compras.\",\"breadcrumb\":{\"@id\":\"https:\\\/\\\/intergate.net.br\\\/conector\\\/supplyapi\\\/#breadcrumb\"},\"inLanguage\":\"pt-PT\",\"potentialAction\":[{\"@type\":\"ReadAction\",\"target\":[\"https:\\\/\\\/intergate.net.br\\\/conector\\\/supplyapi\\\/\"]}]},{\"@type\":\"ImageObject\",\"inLanguage\":\"pt-PT\",\"@id\":\"https:\\\/\\\/intergate.net.br\\\/conector\\\/supplyapi\\\/#primaryimage\",\"url\":\"https:\\\/\\\/intergate.net.br\\\/conector\\\/wp-content\\\/uploads\\\/2020\\\/09\\\/supplyAPI-1.png\",\"contentUrl\":\"https:\\\/\\\/intergate.net.br\\\/conector\\\/wp-content\\\/uploads\\\/2020\\\/09\\\/supplyAPI-1.png\",\"width\":590,\"height\":331},{\"@type\":\"BreadcrumbList\",\"@id\":\"https:\\\/\\\/intergate.net.br\\\/conector\\\/supplyapi\\\/#breadcrumb\",\"itemListElement\":[{\"@type\":\"ListItem\",\"position\":1,\"name\":\"In\u00edcio\",\"item\":\"https:\\\/\\\/intergate.net.br\\\/conector\\\/\"},{\"@type\":\"ListItem\",\"position\":2,\"name\":\"supplyAPI\"}]},{\"@type\":\"WebSite\",\"@id\":\"https:\\\/\\\/intergate.net.br\\\/conector\\\/#website\",\"url\":\"https:\\\/\\\/intergate.net.br\\\/conector\\\/\",\"name\":\"Conectorgate\",\"description\":\"Integra\u00e7\u00f5es SAP Business One e Totvs Protheus\",\"potentialAction\":[{\"@type\":\"SearchAction\",\"target\":{\"@type\":\"EntryPoint\",\"urlTemplate\":\"https:\\\/\\\/intergate.net.br\\\/conector\\\/?s={search_term_string}\"},\"query-input\":{\"@type\":\"PropertyValueSpecification\",\"valueRequired\":true,\"valueName\":\"search_term_string\"}}],\"inLanguage\":\"pt-PT\"}]}<\/script>\n<!-- \/ Yoast SEO plugin. -->","yoast_head_json":{"title":"supplyAPI - Conectorgate","description":"O conector supplyAPI \u00e9 uma API padronizada para acesso a dados de ERPs (como SAP Business One e TOTVS Protheus), integrando com compras.","robots":{"index":"index","follow":"follow","max-snippet":"max-snippet:-1","max-image-preview":"max-image-preview:large","max-video-preview":"max-video-preview:-1"},"canonical":"https:\/\/intergate.net.br\/conector\/supplyapi\/","twitter_card":"summary_large_image","twitter_title":"supplyAPI - Conectorgate","twitter_description":"O conector supplyAPI \u00e9 uma API padronizada para acesso a dados de ERPs (como SAP Business One e TOTVS Protheus), integrando com compras.","twitter_image":"https:\/\/intergate.net.br\/conector\/wp-content\/uploads\/2020\/09\/supplyAPI-1.png","twitter_misc":{"Tempo estimado de leitura":"5 minutos"},"schema":{"@context":"https:\/\/schema.org","@graph":[{"@type":"WebPage","@id":"https:\/\/intergate.net.br\/conector\/supplyapi\/","url":"https:\/\/intergate.net.br\/conector\/supplyapi\/","name":"supplyAPI - Conectorgate","isPartOf":{"@id":"https:\/\/intergate.net.br\/conector\/#website"},"primaryImageOfPage":{"@id":"https:\/\/intergate.net.br\/conector\/supplyapi\/#primaryimage"},"image":{"@id":"https:\/\/intergate.net.br\/conector\/supplyapi\/#primaryimage"},"thumbnailUrl":"https:\/\/intergate.net.br\/conector\/wp-content\/uploads\/2020\/09\/supplyAPI-1.png","datePublished":"2020-09-11T20:31:28+00:00","dateModified":"2024-05-22T13:20:07+00:00","description":"O conector supplyAPI \u00e9 uma API padronizada para acesso a dados de ERPs (como SAP Business One e TOTVS Protheus), integrando com compras.","breadcrumb":{"@id":"https:\/\/intergate.net.br\/conector\/supplyapi\/#breadcrumb"},"inLanguage":"pt-PT","potentialAction":[{"@type":"ReadAction","target":["https:\/\/intergate.net.br\/conector\/supplyapi\/"]}]},{"@type":"ImageObject","inLanguage":"pt-PT","@id":"https:\/\/intergate.net.br\/conector\/supplyapi\/#primaryimage","url":"https:\/\/intergate.net.br\/conector\/wp-content\/uploads\/2020\/09\/supplyAPI-1.png","contentUrl":"https:\/\/intergate.net.br\/conector\/wp-content\/uploads\/2020\/09\/supplyAPI-1.png","width":590,"height":331},{"@type":"BreadcrumbList","@id":"https:\/\/intergate.net.br\/conector\/supplyapi\/#breadcrumb","itemListElement":[{"@type":"ListItem","position":1,"name":"In\u00edcio","item":"https:\/\/intergate.net.br\/conector\/"},{"@type":"ListItem","position":2,"name":"supplyAPI"}]},{"@type":"WebSite","@id":"https:\/\/intergate.net.br\/conector\/#website","url":"https:\/\/intergate.net.br\/conector\/","name":"Conectorgate","description":"Integra\u00e7\u00f5es SAP Business One e Totvs Protheus","potentialAction":[{"@type":"SearchAction","target":{"@type":"EntryPoint","urlTemplate":"https:\/\/intergate.net.br\/conector\/?s={search_term_string}"},"query-input":{"@type":"PropertyValueSpecification","valueRequired":true,"valueName":"search_term_string"}}],"inLanguage":"pt-PT"}]}},"_links":{"self":[{"href":"https:\/\/intergate.net.br\/conector\/wp-json\/wp\/v2\/pages\/1084","targetHints":{"allow":["GET"]}}],"collection":[{"href":"https:\/\/intergate.net.br\/conector\/wp-json\/wp\/v2\/pages"}],"about":[{"href":"https:\/\/intergate.net.br\/conector\/wp-json\/wp\/v2\/types\/page"}],"author":[{"embeddable":true,"href":"https:\/\/intergate.net.br\/conector\/wp-json\/wp\/v2\/users\/1"}],"replies":[{"embeddable":true,"href":"https:\/\/intergate.net.br\/conector\/wp-json\/wp\/v2\/comments?post=1084"}],"version-history":[{"count":18,"href":"https:\/\/intergate.net.br\/conector\/wp-json\/wp\/v2\/pages\/1084\/revisions"}],"predecessor-version":[{"id":5896,"href":"https:\/\/intergate.net.br\/conector\/wp-json\/wp\/v2\/pages\/1084\/revisions\/5896"}],"wp:attachment":[{"href":"https:\/\/intergate.net.br\/conector\/wp-json\/wp\/v2\/media?parent=1084"}],"curies":[{"name":"wp","href":"https:\/\/api.w.org\/{rel}","templated":true}]}}