{"id":5777,"date":"2024-05-21T11:25:29","date_gmt":"2024-05-21T14:25:29","guid":{"rendered":"https:\/\/intergate.net.br\/conector\/?page_id=5777"},"modified":"2024-05-21T14:56:17","modified_gmt":"2024-05-21T17:56:17","slug":"quem-somos","status":"publish","type":"page","link":"https:\/\/intergate.net.br\/conector\/quem-somos\/","title":{"rendered":"Quem somos"},"content":{"rendered":"\t\t<div data-elementor-type=\"wp-page\" data-elementor-id=\"5777\" class=\"elementor elementor-5777\">\n\t\t\t\t\t\t<section class=\"elementor-section elementor-top-section elementor-element elementor-element-0b2d712 elementor-section-boxed elementor-section-height-default elementor-section-height-default\" data-id=\"0b2d712\" data-element_type=\"section\" data-e-type=\"section\">\n\t\t\t\t\t\t<div class=\"elementor-container elementor-column-gap-default\">\n\t\t\t\t\t<div class=\"elementor-column elementor-col-100 elementor-top-column elementor-element elementor-element-87f1b8c\" data-id=\"87f1b8c\" data-element_type=\"column\" data-e-type=\"column\">\n\t\t\t<div class=\"elementor-widget-wrap elementor-element-populated\">\n\t\t\t\t\t\t<div class=\"elementor-element elementor-element-d511a70 elementor-widget elementor-widget-spacer\" data-id=\"d511a70\" data-element_type=\"widget\" data-e-type=\"widget\" data-widget_type=\"spacer.default\">\n\t\t\t\t<div class=\"elementor-widget-container\">\n\t\t\t\t\t\t\t<div class=\"elementor-spacer\">\n\t\t\t<div class=\"elementor-spacer-inner\"><\/div>\n\t\t<\/div>\n\t\t\t\t\t\t<\/div>\n\t\t\t\t<\/div>\n\t\t\t\t\t<\/div>\n\t\t<\/div>\n\t\t\t\t\t<\/div>\n\t\t<\/section>\n\t\t\t\t<section class=\"elementor-section elementor-top-section elementor-element elementor-element-e960625 elementor-section-boxed elementor-section-height-default elementor-section-height-default\" data-id=\"e960625\" data-element_type=\"section\" data-e-type=\"section\">\n\t\t\t\t\t\t<div class=\"elementor-container elementor-column-gap-default\">\n\t\t\t\t\t<div class=\"elementor-column elementor-col-100 elementor-top-column elementor-element elementor-element-082c788\" data-id=\"082c788\" data-element_type=\"column\" data-e-type=\"column\">\n\t\t\t<div class=\"elementor-widget-wrap elementor-element-populated\">\n\t\t\t\t\t\t<div class=\"elementor-element elementor-element-c0ec549 elementor-widget elementor-widget-text-editor\" data-id=\"c0ec549\" data-element_type=\"widget\" data-e-type=\"widget\" data-widget_type=\"text-editor.default\">\n\t\t\t\t<div class=\"elementor-widget-container\">\n\t\t\t\t\t\t\t\t\t<p style=\"color: #0d1317; font-size: 17px;\">A Intergate \u00e9 uma empresa que ao longo de 20 anos passou de uma consultoria para uma empresa especialista em Integra\u00e7\u00f5es dos ERPs SAP Business One e Totvs Protheus.<\/p><p style=\"color: #0d1317; font-size: 17px;\">Atendemos nesse tempo, mais de 90 empresas em todo o territ\u00f3rio Nacional, criamos credibilidade, experi\u00eancia e muita dedica\u00e7\u00e3o e comprometimento no que fazemos.<\/p><p style=\"color: #0d1317; font-size: 17px;\">Em 2020, efetivamos nosso primeiro case de Integra\u00e7\u00e3o com o Conectorgate, integrador desenvolvido pela Intergate.<\/p><p style=\"color: #0d1317; font-size: 17px;\"><em>Com larga experi\u00eancia, a InterGATE atua desde 2003 com os principais ERPs do mercado, possu\u00edmos amplo know-how na gest\u00e3o de neg\u00f3cios e nos especializamos em <a href=\"http:\/\/www.intergate.net.br\/conector\/\" target=\"_blank\" rel=\"noreferrer noopener\">Integra\u00e7\u00e3o de Sistemas<\/a>. <\/em><br \/><em>Somos inquietos e disruptivos em nosso DNA, e acreditamos que empresas eficientes s\u00e3o empresas com processos definidos, integrados e conectados .<\/em><\/p>\t\t\t\t\t\t\t\t<\/div>\n\t\t\t\t<\/div>\n\t\t\t\t\t<\/div>\n\t\t<\/div>\n\t\t\t\t\t<\/div>\n\t\t<\/section>\n\t\t\t\t<section class=\"elementor-section elementor-top-section elementor-element elementor-element-b35a53f elementor-section-boxed elementor-section-height-default elementor-section-height-default\" data-id=\"b35a53f\" data-element_type=\"section\" data-e-type=\"section\">\n\t\t\t\t\t\t<div class=\"elementor-container elementor-column-gap-default\">\n\t\t\t\t\t<div class=\"elementor-column elementor-col-100 elementor-top-column elementor-element elementor-element-e6aeab0\" data-id=\"e6aeab0\" data-element_type=\"column\" data-e-type=\"column\">\n\t\t\t<div class=\"elementor-widget-wrap elementor-element-populated\">\n\t\t\t\t\t\t<div class=\"elementor-element elementor-element-779af3b elementor-widget elementor-widget-image\" data-id=\"779af3b\" data-element_type=\"widget\" data-e-type=\"widget\" data-widget_type=\"image.default\">\n\t\t\t\t<div class=\"elementor-widget-container\">\n\t\t\t\t\t\t\t\t\t\t\t\t\t\t\t<img fetchpriority=\"high\" decoding=\"async\" width=\"484\" height=\"331\" src=\"https:\/\/intergate.net.br\/conector\/wp-content\/uploads\/2024\/05\/Imagem-Canva-Copia.jpg\" class=\"attachment-large size-large wp-image-5780\" alt=\"\" srcset=\"https:\/\/intergate.net.br\/conector\/wp-content\/uploads\/2024\/05\/Imagem-Canva-Copia.jpg 484w, https:\/\/intergate.net.br\/conector\/wp-content\/uploads\/2024\/05\/Imagem-Canva-Copia-300x205.jpg 300w\" sizes=\"(max-width: 484px) 100vw, 484px\" \/>\t\t\t\t\t\t\t\t\t\t\t\t\t\t\t<\/div>\n\t\t\t\t<\/div>\n\t\t\t\t\t<\/div>\n\t\t<\/div>\n\t\t\t\t\t<\/div>\n\t\t<\/section>\n\t\t\t\t<\/div>\n\t\t","protected":false},"excerpt":{"rendered":"<p>A Intergate \u00e9 uma empresa que ao longo de 20 anos passou de uma consultoria para uma empresa especialista em Integra\u00e7\u00f5es dos ERPs SAP Business One e Totvs Protheus. Atendemos nesse tempo, mais de 90 empresas em todo o territ\u00f3rio Nacional, criamos credibilidade, experi\u00eancia e muita dedica\u00e7\u00e3o e comprometimento no que fazemos. Em 2020, efetivamos&hellip;&nbsp;<a href=\"https:\/\/intergate.net.br\/conector\/quem-somos\/\" rel=\"bookmark\">Ler mais &raquo;<span class=\"screen-reader-text\">Quem somos<\/span><\/a><\/p>\n","protected":false},"author":1,"featured_media":0,"parent":0,"menu_order":0,"comment_status":"closed","ping_status":"closed","template":"page-templates\/template-pagebuilder-full-width.php","meta":{"content-type":"","neve_meta_sidebar":"","neve_meta_container":"","neve_meta_enable_content_width":"","neve_meta_content_width":0,"neve_meta_title_alignment":"","neve_meta_author_avatar":"","neve_post_elements_order":"","neve_meta_disable_header":"","neve_meta_disable_footer":"","neve_meta_disable_title":"","footnotes":""},"class_list":["post-5777","page","type-page","status-publish","hentry"],"yoast_head":"<!-- This site is optimized with the Yoast SEO plugin v27.4 - https:\/\/yoast.com\/product\/yoast-seo-wordpress\/ -->\n<title>Quem somos - Conectorgate<\/title>\n<meta name=\"robots\" content=\"index, follow, max-snippet:-1, max-image-preview:large, max-video-preview:-1\" \/>\n<link rel=\"canonical\" href=\"https:\/\/intergate.net.br\/conector\/quem-somos\/\" \/>\n<meta name=\"twitter:card\" content=\"summary_large_image\" \/>\n<meta name=\"twitter:title\" content=\"Quem somos - Conectorgate\" \/>\n<meta name=\"twitter:description\" content=\"A Intergate \u00e9 uma empresa que ao longo de 20 anos passou de uma consultoria para uma empresa especialista em Integra\u00e7\u00f5es dos ERPs SAP Business One e Totvs Protheus. Atendemos nesse tempo, mais de 90 empresas em todo o territ\u00f3rio Nacional, criamos credibilidade, experi\u00eancia e muita dedica\u00e7\u00e3o e comprometimento no que fazemos. Em 2020, efetivamos&hellip;&nbsp;Ler mais &raquo;Quem somos\" \/>\n<meta name=\"twitter:image\" content=\"https:\/\/intergate.net.br\/conector\/wp-content\/uploads\/2024\/05\/Imagem-Canva-Copia.jpg\" \/>\n<meta name=\"twitter:label1\" content=\"Tempo estimado de leitura\" \/>\n\t<meta name=\"twitter:data1\" content=\"1 minuto\" \/>\n<script type=\"application\/ld+json\" class=\"yoast-schema-graph\">{\"@context\":\"https:\\\/\\\/schema.org\",\"@graph\":[{\"@type\":\"WebPage\",\"@id\":\"https:\\\/\\\/intergate.net.br\\\/conector\\\/quem-somos\\\/\",\"url\":\"https:\\\/\\\/intergate.net.br\\\/conector\\\/quem-somos\\\/\",\"name\":\"Quem somos - Conectorgate\",\"isPartOf\":{\"@id\":\"https:\\\/\\\/intergate.net.br\\\/conector\\\/#website\"},\"primaryImageOfPage\":{\"@id\":\"https:\\\/\\\/intergate.net.br\\\/conector\\\/quem-somos\\\/#primaryimage\"},\"image\":{\"@id\":\"https:\\\/\\\/intergate.net.br\\\/conector\\\/quem-somos\\\/#primaryimage\"},\"thumbnailUrl\":\"https:\\\/\\\/intergate.net.br\\\/conector\\\/wp-content\\\/uploads\\\/2024\\\/05\\\/Imagem-Canva-Copia.jpg\",\"datePublished\":\"2024-05-21T14:25:29+00:00\",\"dateModified\":\"2024-05-21T17:56:17+00:00\",\"breadcrumb\":{\"@id\":\"https:\\\/\\\/intergate.net.br\\\/conector\\\/quem-somos\\\/#breadcrumb\"},\"inLanguage\":\"pt-PT\",\"potentialAction\":[{\"@type\":\"ReadAction\",\"target\":[\"https:\\\/\\\/intergate.net.br\\\/conector\\\/quem-somos\\\/\"]}]},{\"@type\":\"ImageObject\",\"inLanguage\":\"pt-PT\",\"@id\":\"https:\\\/\\\/intergate.net.br\\\/conector\\\/quem-somos\\\/#primaryimage\",\"url\":\"https:\\\/\\\/intergate.net.br\\\/conector\\\/wp-content\\\/uploads\\\/2024\\\/05\\\/Imagem-Canva-Copia.jpg\",\"contentUrl\":\"https:\\\/\\\/intergate.net.br\\\/conector\\\/wp-content\\\/uploads\\\/2024\\\/05\\\/Imagem-Canva-Copia.jpg\",\"width\":484,\"height\":331,\"caption\":\"xr:d:DAF_a1CfTXA:220,j:3371366730277393997,t:24032121\"},{\"@type\":\"BreadcrumbList\",\"@id\":\"https:\\\/\\\/intergate.net.br\\\/conector\\\/quem-somos\\\/#breadcrumb\",\"itemListElement\":[{\"@type\":\"ListItem\",\"position\":1,\"name\":\"In\u00edcio\",\"item\":\"https:\\\/\\\/intergate.net.br\\\/conector\\\/\"},{\"@type\":\"ListItem\",\"position\":2,\"name\":\"Quem somos\"}]},{\"@type\":\"WebSite\",\"@id\":\"https:\\\/\\\/intergate.net.br\\\/conector\\\/#website\",\"url\":\"https:\\\/\\\/intergate.net.br\\\/conector\\\/\",\"name\":\"Conectorgate\",\"description\":\"Integra\u00e7\u00f5es SAP Business One e Totvs Protheus\",\"potentialAction\":[{\"@type\":\"SearchAction\",\"target\":{\"@type\":\"EntryPoint\",\"urlTemplate\":\"https:\\\/\\\/intergate.net.br\\\/conector\\\/?s={search_term_string}\"},\"query-input\":{\"@type\":\"PropertyValueSpecification\",\"valueRequired\":true,\"valueName\":\"search_term_string\"}}],\"inLanguage\":\"pt-PT\"}]}<\/script>\n<!-- \/ Yoast SEO plugin. -->","yoast_head_json":{"title":"Quem somos - Conectorgate","robots":{"index":"index","follow":"follow","max-snippet":"max-snippet:-1","max-image-preview":"max-image-preview:large","max-video-preview":"max-video-preview:-1"},"canonical":"https:\/\/intergate.net.br\/conector\/quem-somos\/","twitter_card":"summary_large_image","twitter_title":"Quem somos - Conectorgate","twitter_description":"A Intergate \u00e9 uma empresa que ao longo de 20 anos passou de uma consultoria para uma empresa especialista em Integra\u00e7\u00f5es dos ERPs SAP Business One e Totvs Protheus. Atendemos nesse tempo, mais de 90 empresas em todo o territ\u00f3rio Nacional, criamos credibilidade, experi\u00eancia e muita dedica\u00e7\u00e3o e comprometimento no que fazemos. Em 2020, efetivamos&hellip;&nbsp;Ler mais &raquo;Quem somos","twitter_image":"https:\/\/intergate.net.br\/conector\/wp-content\/uploads\/2024\/05\/Imagem-Canva-Copia.jpg","twitter_misc":{"Tempo estimado de leitura":"1 minuto"},"schema":{"@context":"https:\/\/schema.org","@graph":[{"@type":"WebPage","@id":"https:\/\/intergate.net.br\/conector\/quem-somos\/","url":"https:\/\/intergate.net.br\/conector\/quem-somos\/","name":"Quem somos - Conectorgate","isPartOf":{"@id":"https:\/\/intergate.net.br\/conector\/#website"},"primaryImageOfPage":{"@id":"https:\/\/intergate.net.br\/conector\/quem-somos\/#primaryimage"},"image":{"@id":"https:\/\/intergate.net.br\/conector\/quem-somos\/#primaryimage"},"thumbnailUrl":"https:\/\/intergate.net.br\/conector\/wp-content\/uploads\/2024\/05\/Imagem-Canva-Copia.jpg","datePublished":"2024-05-21T14:25:29+00:00","dateModified":"2024-05-21T17:56:17+00:00","breadcrumb":{"@id":"https:\/\/intergate.net.br\/conector\/quem-somos\/#breadcrumb"},"inLanguage":"pt-PT","potentialAction":[{"@type":"ReadAction","target":["https:\/\/intergate.net.br\/conector\/quem-somos\/"]}]},{"@type":"ImageObject","inLanguage":"pt-PT","@id":"https:\/\/intergate.net.br\/conector\/quem-somos\/#primaryimage","url":"https:\/\/intergate.net.br\/conector\/wp-content\/uploads\/2024\/05\/Imagem-Canva-Copia.jpg","contentUrl":"https:\/\/intergate.net.br\/conector\/wp-content\/uploads\/2024\/05\/Imagem-Canva-Copia.jpg","width":484,"height":331,"caption":"xr:d:DAF_a1CfTXA:220,j:3371366730277393997,t:24032121"},{"@type":"BreadcrumbList","@id":"https:\/\/intergate.net.br\/conector\/quem-somos\/#breadcrumb","itemListElement":[{"@type":"ListItem","position":1,"name":"In\u00edcio","item":"https:\/\/intergate.net.br\/conector\/"},{"@type":"ListItem","position":2,"name":"Quem somos"}]},{"@type":"WebSite","@id":"https:\/\/intergate.net.br\/conector\/#website","url":"https:\/\/intergate.net.br\/conector\/","name":"Conectorgate","description":"Integra\u00e7\u00f5es SAP Business One e Totvs Protheus","potentialAction":[{"@type":"SearchAction","target":{"@type":"EntryPoint","urlTemplate":"https:\/\/intergate.net.br\/conector\/?s={search_term_string}"},"query-input":{"@type":"PropertyValueSpecification","valueRequired":true,"valueName":"search_term_string"}}],"inLanguage":"pt-PT"}]}},"_links":{"self":[{"href":"https:\/\/intergate.net.br\/conector\/wp-json\/wp\/v2\/pages\/5777","targetHints":{"allow":["GET"]}}],"collection":[{"href":"https:\/\/intergate.net.br\/conector\/wp-json\/wp\/v2\/pages"}],"about":[{"href":"https:\/\/intergate.net.br\/conector\/wp-json\/wp\/v2\/types\/page"}],"author":[{"embeddable":true,"href":"https:\/\/intergate.net.br\/conector\/wp-json\/wp\/v2\/users\/1"}],"replies":[{"embeddable":true,"href":"https:\/\/intergate.net.br\/conector\/wp-json\/wp\/v2\/comments?post=5777"}],"version-history":[{"count":11,"href":"https:\/\/intergate.net.br\/conector\/wp-json\/wp\/v2\/pages\/5777\/revisions"}],"predecessor-version":[{"id":5794,"href":"https:\/\/intergate.net.br\/conector\/wp-json\/wp\/v2\/pages\/5777\/revisions\/5794"}],"wp:attachment":[{"href":"https:\/\/intergate.net.br\/conector\/wp-json\/wp\/v2\/media?parent=5777"}],"curies":[{"name":"wp","href":"https:\/\/api.w.org\/{rel}","templated":true}]}}