{"id":61,"date":"2020-02-12T17:29:53","date_gmt":"2020-02-12T20:29:53","guid":{"rendered":"http:\/\/intergate.net.br\/conector\/?page_id=61"},"modified":"2024-05-21T16:40:03","modified_gmt":"2024-05-21T19:40:03","slug":"api-conectorgate","status":"publish","type":"page","link":"https:\/\/intergate.net.br\/conector\/api-conectorgate\/","title":{"rendered":"API ConectorGate"},"content":{"rendered":"\t\t<div data-elementor-type=\"wp-page\" data-elementor-id=\"61\" class=\"elementor elementor-61\">\n\t\t\t\t\t\t<section class=\"elementor-section elementor-top-section elementor-element elementor-element-2b89539 elementor-section-boxed elementor-section-height-default elementor-section-height-default\" data-id=\"2b89539\" data-element_type=\"section\" data-e-type=\"section\">\n\t\t\t\t\t\t<div class=\"elementor-container elementor-column-gap-default\">\n\t\t\t\t\t<div class=\"elementor-column elementor-col-100 elementor-top-column elementor-element elementor-element-af182b8\" data-id=\"af182b8\" data-element_type=\"column\" data-e-type=\"column\">\n\t\t\t<div class=\"elementor-widget-wrap elementor-element-populated\">\n\t\t\t\t\t\t<div class=\"elementor-element elementor-element-9ddb1c5 elementor-widget elementor-widget-spacer\" data-id=\"9ddb1c5\" data-element_type=\"widget\" data-e-type=\"widget\" data-widget_type=\"spacer.default\">\n\t\t\t\t<div class=\"elementor-widget-container\">\n\t\t\t\t\t\t\t<div class=\"elementor-spacer\">\n\t\t\t<div class=\"elementor-spacer-inner\"><\/div>\n\t\t<\/div>\n\t\t\t\t\t\t<\/div>\n\t\t\t\t<\/div>\n\t\t\t\t\t<\/div>\n\t\t<\/div>\n\t\t\t\t\t<\/div>\n\t\t<\/section>\n\t\t\t\t<section class=\"elementor-section elementor-top-section elementor-element elementor-element-fd2093e elementor-section-boxed elementor-section-height-default elementor-section-height-default\" data-id=\"fd2093e\" data-element_type=\"section\" data-e-type=\"section\">\n\t\t\t\t\t\t<div class=\"elementor-container elementor-column-gap-default\">\n\t\t\t\t\t<div class=\"elementor-column elementor-col-100 elementor-top-column elementor-element elementor-element-af32acb\" data-id=\"af32acb\" data-element_type=\"column\" data-e-type=\"column\">\n\t\t\t<div class=\"elementor-widget-wrap elementor-element-populated\">\n\t\t\t\t\t\t<div class=\"elementor-element elementor-element-0f2ebd8 elementor-widget elementor-widget-heading\" data-id=\"0f2ebd8\" data-element_type=\"widget\" data-e-type=\"widget\" data-widget_type=\"heading.default\">\n\t\t\t\t<div class=\"elementor-widget-container\">\n\t\t\t\t\t<h2 class=\"elementor-heading-title elementor-size-default\">API inteligente para integra\u00e7\u00e3o com ERP <\/h2>\t\t\t\t<\/div>\n\t\t\t\t<\/div>\n\t\t\t\t\t<\/div>\n\t\t<\/div>\n\t\t\t\t\t<\/div>\n\t\t<\/section>\n\t\t\t\t<section class=\"elementor-section elementor-top-section elementor-element elementor-element-5fd783ae elementor-section-full_width elementor-section-height-default elementor-section-height-default\" data-id=\"5fd783ae\" data-element_type=\"section\" data-e-type=\"section\">\n\t\t\t\t\t\t\t<div class=\"elementor-background-overlay\"><\/div>\n\t\t\t\t\t\t\t<div class=\"elementor-container elementor-column-gap-default\">\n\t\t\t\t\t<div class=\"elementor-column elementor-col-100 elementor-top-column elementor-element elementor-element-3649e5a0\" data-id=\"3649e5a0\" data-element_type=\"column\" data-e-type=\"column\">\n\t\t\t<div class=\"elementor-widget-wrap elementor-element-populated\">\n\t\t\t\t\t\t<div class=\"elementor-element elementor-element-58ad3f17 elementor-widget elementor-widget-text-editor\" data-id=\"58ad3f17\" data-element_type=\"widget\" data-e-type=\"widget\" data-widget_type=\"text-editor.default\">\n\t\t\t\t<div class=\"elementor-widget-container\">\n\t\t\t\t\t\t\t\t\t<p><\/p>\n<figure class=\"wp-block-pullquote alignfull is-style-solid-color has-small-font-size\">\n<blockquote>\n<p><strong>A API ConectorGATE \u00e9 um conjunto de API HTTP REST passivas e escal\u00e1veis, agrupadas por segmento, contendo todos os servi\u00e7os necess\u00e1rios para a conex\u00e3o e integra\u00e7\u00e3o do ERP SAP Business One ou TOTVS Protheus com sistemas e plataformas especialistas de cada segmento.\u00a0<\/strong><\/p>\n<\/blockquote>\n<\/figure>\n<p><\/p>\n<p><b>\u00a0 \u00a0 \u00a0 \u00a0 \u00a0 \u00a0 \u00a0 \u00a0A\u00a0 API possui uma API-base presente em todos os projetos (salesAPI), e mais tr\u00eas APIs especialistas e opcionais por projeto (supplyAPI, finAPI e mesAPI).<\/b><\/p>\n<p><\/p>\n<figure class=\"wp-block-image aligncenter size-large is-style-default\"><img fetchpriority=\"high\" decoding=\"async\" class=\"alignnone wp-image-2434\" src=\"https:\/\/intergate.net.br\/conector\/wp-content\/uploads\/2021\/07\/SEGMENTOS-1-1024x466.png\" alt=\"\" width=\"590\" height=\"269\" srcset=\"https:\/\/intergate.net.br\/conector\/wp-content\/uploads\/2021\/07\/SEGMENTOS-1-1024x466.png 1024w, https:\/\/intergate.net.br\/conector\/wp-content\/uploads\/2021\/07\/SEGMENTOS-1-300x137.png 300w, https:\/\/intergate.net.br\/conector\/wp-content\/uploads\/2021\/07\/SEGMENTOS-1-768x350.png 768w, https:\/\/intergate.net.br\/conector\/wp-content\/uploads\/2021\/07\/SEGMENTOS-1.png 1080w\" sizes=\"(max-width: 590px) 100vw, 590px\" \/><\/figure>\n<p>\u00a0<\/p>\n<p class=\"has-text-align-left has-background has-medium-font-size\" style=\"background-color: #eef3f5;\">Com a API ConectorGATE \u00e9 poss\u00edvel integrar seu ERP SAP Business One ou TOTVS Protheus com portais web, apps mobile, plataformas iPaas ou sistemas especialistas.<br \/><br \/><br \/><br \/>A API ConectorGate \u00e9 smart, ou seja, incorpora intelig\u00eancia de dados (como valida\u00e7\u00f5es, orquestra\u00e7\u00e3o de processos, etc).<br \/><br \/><br \/><br \/>Cada API possui roadmap de expans\u00e3o planejado, e desta forma a API ConectorGate constantemente \u00e9 expandida, aperfei\u00e7oada e novas intelig\u00eancias s\u00e3o incorporadas.<\/p>\n<p><\/p>\n<figure class=\"wp-block-image aligncenter size-large\"><img decoding=\"async\" width=\"590\" height=\"331\" class=\"wp-image-1328\" src=\"http:\/\/www.intergate.net.br\/conector\/wp-content\/uploads\/2020\/10\/coectorGATE_integracao.png\" alt=\"\" srcset=\"https:\/\/intergate.net.br\/conector\/wp-content\/uploads\/2020\/10\/coectorGATE_integracao.png 590w, https:\/\/intergate.net.br\/conector\/wp-content\/uploads\/2020\/10\/coectorGATE_integracao-300x168.png 300w\" sizes=\"(max-width: 590px) 100vw, 590px\" \/>\n<p>\u00a0<\/p>\n<figcaption class=\"wp-element-caption\">A API ConectorGate &#8220;destrava&#8221; seu ERP<\/figcaption>\n<\/figure>\n<p><\/p>\n<p class=\"has-text-color has-medium-font-size\" style=\"color: #f16816;\">Veja a documenta\u00e7\u00e3o da API principal (salesAPI) no <a href=\"https:\/\/documenter.getpostman.com\/view\/8243187\/SWE3dfdQ?version=latest\" target=\"_blank\" rel=\"noreferrer noopener\">&#8220;Postman API Network&#8221;<\/a><\/p>\n<p><\/p>\n<h2 class=\"wp-block-heading alignfull has-white-color has-text-color has-background\" style=\"background-color: #3d3939; font-size: 27px;\">Recursos e Diferenciais<\/h2>\n<p><\/p>\n<figure class=\"wp-block-image aligncenter size-large\"><img decoding=\"async\" width=\"500\" height=\"189\" class=\"wp-image-337\" src=\"http:\/\/intergate.net.br\/conector\/wp-content\/uploads\/2020\/02\/SETA-3.jpg\" alt=\"ConectorGATE APIs para Totvs Protheus e SAP B1\" srcset=\"https:\/\/intergate.net.br\/conector\/wp-content\/uploads\/2020\/02\/SETA-3.jpg 500w, https:\/\/intergate.net.br\/conector\/wp-content\/uploads\/2020\/02\/SETA-3-300x113.jpg 300w\" sizes=\"(max-width: 500px) 100vw, 500px\" \/><\/figure>\n<p><\/p>\n<ul class=\"wp-block-list\">\n<li style=\"list-style-type: none;\">\n<ul><\/ul>\n<\/li>\n<\/ul>\n<ul>\n<li style=\"list-style-type: none;\">\n<ul>\n<li>Multi ERP: SAP Business One e TOTVS Protheus<\/li>\n<\/ul>\n<\/li>\n<\/ul>\n<p><\/p>\n<ul>\n<li style=\"list-style-type: none;\">\n<ul>\n<li>Multi database: SAP Business One (SQL e HANA), TOTVS Protheus (SQL e Oracle)<\/li>\n<\/ul>\n<\/li>\n<\/ul>\n<p><\/p>\n<ul>\n<li style=\"list-style-type: none;\">\n<ul>\n<li>Solu\u00e7\u00e3o fracamente acoplada<\/li>\n<\/ul>\n<\/li>\n<\/ul>\n<p><\/p>\n<ul>\n<li style=\"list-style-type: none;\">\n<ul>\n<li>Intelig\u00eancia de Dados: valida\u00e7\u00f5es, orquestra\u00e7\u00e3o de processos, etc<\/li>\n<\/ul>\n<\/li>\n<\/ul>\n<p><\/p>\n<ul>\n<li style=\"list-style-type: none;\">\n<ul>\n<li>Expans\u00e3o cont\u00ednua de servi\u00e7os (roadmap)<\/li>\n<\/ul>\n<\/li>\n<\/ul>\n<p><\/p>\n<ul>\n<li style=\"list-style-type: none;\">\n<ul>\n<li>Portal de Monitoramento web responsivo (BI de utiliza\u00e7\u00e3o da API e de transa\u00e7\u00f5es no ERP)<\/li>\n<\/ul>\n<\/li>\n<\/ul>\n<p><\/p>\n<ul>\n<li style=\"list-style-type: none;\">\n<ul>\n<li>Personaliz\u00e1vel via mapeamento de campos de usu\u00e1rio<\/li>\n<\/ul>\n<\/li>\n<\/ul>\n<p><\/p>\n<ul>\n<li style=\"list-style-type: none;\">\n<ul>\n<li>Controle de acesso<\/li>\n<\/ul>\n<\/li>\n<\/ul>\n<p><\/p>\n<ul>\n<li style=\"list-style-type: none;\">\n<ul>\n<li>Desenvolvimento padronizado e escal\u00e1vel, com utiliza\u00e7\u00e3o de microservi\u00e7os e melhores pr\u00e1ticas para APIs (pagina\u00e7\u00e3o, consulta incremental, nomenclatura camelCase, etc) e para ERPs (DI-API, ServiceLayer, MsExecAuto, etc)<\/li>\n<\/ul>\n<\/li>\n<\/ul>\n<p><\/p>\n<ul>\n<li style=\"list-style-type: none;\">\u00a0<\/li>\n<\/ul>\n<div class=\"wp-block-spacer\" style=\"height: 66px;\" aria-hidden=\"true\">\u00a0<\/div>\n<p><\/p>\n<figure class=\"wp-block-image aligncenter size-large\"><img loading=\"lazy\" decoding=\"async\" width=\"1024\" height=\"471\" class=\"wp-image-2341\" src=\"https:\/\/intergate.net.br\/conector\/wp-content\/uploads\/2021\/07\/20210728-Portal-ConectorGate-1024x471.png\" alt=\"\" srcset=\"https:\/\/intergate.net.br\/conector\/wp-content\/uploads\/2021\/07\/20210728-Portal-ConectorGate-1024x471.png 1024w, https:\/\/intergate.net.br\/conector\/wp-content\/uploads\/2021\/07\/20210728-Portal-ConectorGate-300x138.png 300w, https:\/\/intergate.net.br\/conector\/wp-content\/uploads\/2021\/07\/20210728-Portal-ConectorGate-768x353.png 768w, https:\/\/intergate.net.br\/conector\/wp-content\/uploads\/2021\/07\/20210728-Portal-ConectorGate-1536x706.png 1536w, https:\/\/intergate.net.br\/conector\/wp-content\/uploads\/2021\/07\/20210728-Portal-ConectorGate-2048x941.png 2048w\" sizes=\"(max-width: 1024px) 100vw, 1024px\" \/>\n<p>\u00a0<\/p>\n<figcaption class=\"wp-element-caption\"><\/figcaption>\n<\/figure>\n<p><\/p>\n<p><strong>Saiba mais sobre APIs e ERPs acessando nosso Blog<\/strong><\/p>\n<p><\/p>\n<ul class=\"wp-block-list\">\n<li style=\"list-style-type: none;\">\n<ul><\/ul>\n<\/li>\n<\/ul>\n<ul>\n<li style=\"list-style-type: none;\">\n<ul>\n<li><a href=\"http:\/\/www.intergate.net.br\/blog\/integracao-entre-sistemas-e-a-evolucao-das-apis\/\" target=\"_blank\" rel=\"noreferrer noopener\">Integra\u00e7\u00e3o entre sistemas e a evolu\u00e7\u00e3o das APIs<\/a><\/li>\n<\/ul>\n<\/li>\n<\/ul>\n<p><\/p>\n<ul>\n<li style=\"list-style-type: none;\">\n<ul>\n<li><a href=\"http:\/\/www.intergate.net.br\/blog\/integracao-de-erp-com-apis-parte-1\/\" target=\"_blank\" rel=\"noreferrer noopener\">Integra\u00e7\u00e3o de ERP com APIs \u2013 Parte 1<\/a><\/li>\n<\/ul>\n<\/li>\n<\/ul>\n<p><\/p>\n<ul>\n<li style=\"list-style-type: none;\">\n<ul>\n<li><a href=\"http:\/\/www.intergate.net.br\/blog\/integracao-de-erp-com-apis-parte-2\/\" target=\"_blank\" rel=\"noreferrer noopener\">Integra\u00e7\u00e3o de ERP com APIs- Parte 2<\/a><\/li>\n<\/ul>\n<\/li>\n<\/ul>\n<p><\/p>\n<ul>\n<li style=\"list-style-type: none;\">\n<ul>\n<li><a href=\"http:\/\/www.intergate.net.br\/blog\/o-saas-e-as-apis-estao-transformando-negocios-e-ti\/\" target=\"_blank\" rel=\"noreferrer noopener\">O SaaS e as APIs est\u00e3o transformando neg\u00f3cios e TI<\/a><\/li>\n<\/ul>\n<\/li>\n<\/ul>\n<p><\/p>\n<p><\/p>\n<p><\/p>\t\t\t\t\t\t\t\t<\/div>\n\t\t\t\t<\/div>\n\t\t\t\t\t<\/div>\n\t\t<\/div>\n\t\t\t\t\t<\/div>\n\t\t<\/section>\n\t\t\t\t<\/div>\n\t\t","protected":false},"excerpt":{"rendered":"<p>API inteligente para integra\u00e7\u00e3o com ERP A API ConectorGATE \u00e9 um conjunto de API HTTP REST passivas e escal\u00e1veis, agrupadas por segmento, contendo todos os servi\u00e7os necess\u00e1rios para a conex\u00e3o e integra\u00e7\u00e3o do ERP SAP Business One ou TOTVS Protheus com sistemas e plataformas especialistas de cada segmento.\u00a0 \u00a0 \u00a0 \u00a0 \u00a0 \u00a0 \u00a0 \u00a0&hellip;&nbsp;<a href=\"https:\/\/intergate.net.br\/conector\/api-conectorgate\/\" rel=\"bookmark\">Ler mais &raquo;<span class=\"screen-reader-text\">API ConectorGate<\/span><\/a><\/p>\n","protected":false},"author":1,"featured_media":0,"parent":0,"menu_order":0,"comment_status":"closed","ping_status":"closed","template":"page-templates\/template-pagebuilder-full-width.php","meta":{"content-type":"","neve_meta_sidebar":"","neve_meta_container":"","neve_meta_enable_content_width":"","neve_meta_content_width":0,"neve_meta_title_alignment":"","neve_meta_author_avatar":"","neve_post_elements_order":"","neve_meta_disable_header":"","neve_meta_disable_footer":"","neve_meta_disable_title":"","footnotes":""},"class_list":["post-61","page","type-page","status-publish","hentry"],"yoast_head":"<!-- This site is optimized with the Yoast SEO plugin v27.5 - https:\/\/yoast.com\/product\/yoast-seo-wordpress\/ -->\n<title>API ConectorGate - Conectorgate<\/title>\n<meta name=\"description\" content=\"A API ConectorGATE \u00e9 um conjunto de APIs para integra\u00e7\u00e3o TOTVS Protheus ou SAP Business One com outros sistemas especialistas\" \/>\n<meta name=\"robots\" content=\"index, follow, max-snippet:-1, max-image-preview:large, max-video-preview:-1\" \/>\n<link rel=\"canonical\" href=\"https:\/\/intergate.net.br\/conector\/api-conectorgate\/\" \/>\n<meta name=\"twitter:card\" content=\"summary_large_image\" \/>\n<meta name=\"twitter:title\" content=\"API ConectorGate - Conectorgate\" \/>\n<meta name=\"twitter:description\" content=\"A API ConectorGATE \u00e9 um conjunto de APIs para integra\u00e7\u00e3o TOTVS Protheus ou SAP Business One com outros sistemas especialistas\" \/>\n<meta name=\"twitter:image\" content=\"https:\/\/intergate.net.br\/conector\/wp-content\/uploads\/2021\/07\/SEGMENTOS-1.png\" \/>\n<meta name=\"twitter:label1\" content=\"Tempo estimado de leitura\" \/>\n\t<meta name=\"twitter:data1\" content=\"3 minutos\" \/>\n<script type=\"application\/ld+json\" class=\"yoast-schema-graph\">{\"@context\":\"https:\\\/\\\/schema.org\",\"@graph\":[{\"@type\":\"WebPage\",\"@id\":\"https:\\\/\\\/intergate.net.br\\\/conector\\\/api-conectorgate\\\/\",\"url\":\"https:\\\/\\\/intergate.net.br\\\/conector\\\/api-conectorgate\\\/\",\"name\":\"API ConectorGate - Conectorgate\",\"isPartOf\":{\"@id\":\"https:\\\/\\\/intergate.net.br\\\/conector\\\/#website\"},\"primaryImageOfPage\":{\"@id\":\"https:\\\/\\\/intergate.net.br\\\/conector\\\/api-conectorgate\\\/#primaryimage\"},\"image\":{\"@id\":\"https:\\\/\\\/intergate.net.br\\\/conector\\\/api-conectorgate\\\/#primaryimage\"},\"thumbnailUrl\":\"https:\\\/\\\/intergate.net.br\\\/conector\\\/wp-content\\\/uploads\\\/2021\\\/07\\\/SEGMENTOS-1-1024x466.png\",\"datePublished\":\"2020-02-12T20:29:53+00:00\",\"dateModified\":\"2024-05-21T19:40:03+00:00\",\"description\":\"A API ConectorGATE \u00e9 um conjunto de APIs para integra\u00e7\u00e3o TOTVS Protheus ou SAP Business One com outros sistemas especialistas\",\"breadcrumb\":{\"@id\":\"https:\\\/\\\/intergate.net.br\\\/conector\\\/api-conectorgate\\\/#breadcrumb\"},\"inLanguage\":\"pt-PT\",\"potentialAction\":[{\"@type\":\"ReadAction\",\"target\":[\"https:\\\/\\\/intergate.net.br\\\/conector\\\/api-conectorgate\\\/\"]}]},{\"@type\":\"ImageObject\",\"inLanguage\":\"pt-PT\",\"@id\":\"https:\\\/\\\/intergate.net.br\\\/conector\\\/api-conectorgate\\\/#primaryimage\",\"url\":\"https:\\\/\\\/intergate.net.br\\\/conector\\\/wp-content\\\/uploads\\\/2021\\\/07\\\/SEGMENTOS-1.png\",\"contentUrl\":\"https:\\\/\\\/intergate.net.br\\\/conector\\\/wp-content\\\/uploads\\\/2021\\\/07\\\/SEGMENTOS-1.png\",\"width\":1080,\"height\":492},{\"@type\":\"BreadcrumbList\",\"@id\":\"https:\\\/\\\/intergate.net.br\\\/conector\\\/api-conectorgate\\\/#breadcrumb\",\"itemListElement\":[{\"@type\":\"ListItem\",\"position\":1,\"name\":\"In\u00edcio\",\"item\":\"https:\\\/\\\/intergate.net.br\\\/conector\\\/\"},{\"@type\":\"ListItem\",\"position\":2,\"name\":\"API ConectorGate\"}]},{\"@type\":\"WebSite\",\"@id\":\"https:\\\/\\\/intergate.net.br\\\/conector\\\/#website\",\"url\":\"https:\\\/\\\/intergate.net.br\\\/conector\\\/\",\"name\":\"Conectorgate\",\"description\":\"Integra\u00e7\u00f5es SAP Business One e Totvs Protheus\",\"potentialAction\":[{\"@type\":\"SearchAction\",\"target\":{\"@type\":\"EntryPoint\",\"urlTemplate\":\"https:\\\/\\\/intergate.net.br\\\/conector\\\/?s={search_term_string}\"},\"query-input\":{\"@type\":\"PropertyValueSpecification\",\"valueRequired\":true,\"valueName\":\"search_term_string\"}}],\"inLanguage\":\"pt-PT\"}]}<\/script>\n<!-- \/ Yoast SEO plugin. -->","yoast_head_json":{"title":"API ConectorGate - Conectorgate","description":"A API ConectorGATE \u00e9 um conjunto de APIs para integra\u00e7\u00e3o TOTVS Protheus ou SAP Business One com outros sistemas especialistas","robots":{"index":"index","follow":"follow","max-snippet":"max-snippet:-1","max-image-preview":"max-image-preview:large","max-video-preview":"max-video-preview:-1"},"canonical":"https:\/\/intergate.net.br\/conector\/api-conectorgate\/","twitter_card":"summary_large_image","twitter_title":"API ConectorGate - Conectorgate","twitter_description":"A API ConectorGATE \u00e9 um conjunto de APIs para integra\u00e7\u00e3o TOTVS Protheus ou SAP Business One com outros sistemas especialistas","twitter_image":"https:\/\/intergate.net.br\/conector\/wp-content\/uploads\/2021\/07\/SEGMENTOS-1.png","twitter_misc":{"Tempo estimado de leitura":"3 minutos"},"schema":{"@context":"https:\/\/schema.org","@graph":[{"@type":"WebPage","@id":"https:\/\/intergate.net.br\/conector\/api-conectorgate\/","url":"https:\/\/intergate.net.br\/conector\/api-conectorgate\/","name":"API ConectorGate - Conectorgate","isPartOf":{"@id":"https:\/\/intergate.net.br\/conector\/#website"},"primaryImageOfPage":{"@id":"https:\/\/intergate.net.br\/conector\/api-conectorgate\/#primaryimage"},"image":{"@id":"https:\/\/intergate.net.br\/conector\/api-conectorgate\/#primaryimage"},"thumbnailUrl":"https:\/\/intergate.net.br\/conector\/wp-content\/uploads\/2021\/07\/SEGMENTOS-1-1024x466.png","datePublished":"2020-02-12T20:29:53+00:00","dateModified":"2024-05-21T19:40:03+00:00","description":"A API ConectorGATE \u00e9 um conjunto de APIs para integra\u00e7\u00e3o TOTVS Protheus ou SAP Business One com outros sistemas especialistas","breadcrumb":{"@id":"https:\/\/intergate.net.br\/conector\/api-conectorgate\/#breadcrumb"},"inLanguage":"pt-PT","potentialAction":[{"@type":"ReadAction","target":["https:\/\/intergate.net.br\/conector\/api-conectorgate\/"]}]},{"@type":"ImageObject","inLanguage":"pt-PT","@id":"https:\/\/intergate.net.br\/conector\/api-conectorgate\/#primaryimage","url":"https:\/\/intergate.net.br\/conector\/wp-content\/uploads\/2021\/07\/SEGMENTOS-1.png","contentUrl":"https:\/\/intergate.net.br\/conector\/wp-content\/uploads\/2021\/07\/SEGMENTOS-1.png","width":1080,"height":492},{"@type":"BreadcrumbList","@id":"https:\/\/intergate.net.br\/conector\/api-conectorgate\/#breadcrumb","itemListElement":[{"@type":"ListItem","position":1,"name":"In\u00edcio","item":"https:\/\/intergate.net.br\/conector\/"},{"@type":"ListItem","position":2,"name":"API ConectorGate"}]},{"@type":"WebSite","@id":"https:\/\/intergate.net.br\/conector\/#website","url":"https:\/\/intergate.net.br\/conector\/","name":"Conectorgate","description":"Integra\u00e7\u00f5es SAP Business One e Totvs Protheus","potentialAction":[{"@type":"SearchAction","target":{"@type":"EntryPoint","urlTemplate":"https:\/\/intergate.net.br\/conector\/?s={search_term_string}"},"query-input":{"@type":"PropertyValueSpecification","valueRequired":true,"valueName":"search_term_string"}}],"inLanguage":"pt-PT"}]}},"_links":{"self":[{"href":"https:\/\/intergate.net.br\/conector\/wp-json\/wp\/v2\/pages\/61","targetHints":{"allow":["GET"]}}],"collection":[{"href":"https:\/\/intergate.net.br\/conector\/wp-json\/wp\/v2\/pages"}],"about":[{"href":"https:\/\/intergate.net.br\/conector\/wp-json\/wp\/v2\/types\/page"}],"author":[{"embeddable":true,"href":"https:\/\/intergate.net.br\/conector\/wp-json\/wp\/v2\/users\/1"}],"replies":[{"embeddable":true,"href":"https:\/\/intergate.net.br\/conector\/wp-json\/wp\/v2\/comments?post=61"}],"version-history":[{"count":12,"href":"https:\/\/intergate.net.br\/conector\/wp-json\/wp\/v2\/pages\/61\/revisions"}],"predecessor-version":[{"id":5817,"href":"https:\/\/intergate.net.br\/conector\/wp-json\/wp\/v2\/pages\/61\/revisions\/5817"}],"wp:attachment":[{"href":"https:\/\/intergate.net.br\/conector\/wp-json\/wp\/v2\/media?parent=61"}],"curies":[{"name":"wp","href":"https:\/\/api.w.org\/{rel}","templated":true}]}}