{"id":78,"date":"2020-02-12T17:35:44","date_gmt":"2020-02-12T17:35:44","guid":{"rendered":"http:\/\/intergate.net.br\/conector\/?page_id=78"},"modified":"2023-07-21T10:20:31","modified_gmt":"2023-07-21T13:20:31","slug":"rpa-robos-jobs","status":"publish","type":"page","link":"https:\/\/intergate.net.br\/conector\/rpa-robos-jobs\/","title":{"rendered":"RPA-bots"},"content":{"rendered":"\t\t<div data-elementor-type=\"wp-page\" data-elementor-id=\"78\" class=\"elementor elementor-78\">\n\t\t\t\t\t\t<section class=\"elementor-section elementor-top-section elementor-element elementor-element-9b225cd elementor-section-boxed elementor-section-height-default elementor-section-height-default\" data-id=\"9b225cd\" data-element_type=\"section\" data-e-type=\"section\">\n\t\t\t\t\t\t<div class=\"elementor-container elementor-column-gap-default\">\n\t\t\t\t\t<div class=\"elementor-column elementor-col-100 elementor-top-column elementor-element elementor-element-5a91625\" data-id=\"5a91625\" data-element_type=\"column\" data-e-type=\"column\">\n\t\t\t<div class=\"elementor-widget-wrap elementor-element-populated\">\n\t\t\t\t\t\t<div class=\"elementor-element elementor-element-bd3b8b3 elementor-widget elementor-widget-heading\" data-id=\"bd3b8b3\" data-element_type=\"widget\" data-e-type=\"widget\" data-widget_type=\"heading.default\">\n\t\t\t\t<div class=\"elementor-widget-container\">\n\t\t\t\t\t<h2 class=\"elementor-heading-title elementor-size-default\">Cases RPA-bots<\/h2>\t\t\t\t<\/div>\n\t\t\t\t<\/div>\n\t\t\t\t\t<\/div>\n\t\t<\/div>\n\t\t\t\t\t<\/div>\n\t\t<\/section>\n\t\t\t\t<section class=\"elementor-section elementor-top-section elementor-element elementor-element-130bfb20 elementor-section-boxed elementor-section-height-default elementor-section-height-default\" data-id=\"130bfb20\" data-element_type=\"section\" data-e-type=\"section\">\n\t\t\t\t\t\t<div class=\"elementor-container elementor-column-gap-default\">\n\t\t\t\t\t<div class=\"elementor-column elementor-col-100 elementor-top-column elementor-element elementor-element-67dca30a\" data-id=\"67dca30a\" data-element_type=\"column\" data-e-type=\"column\">\n\t\t\t<div class=\"elementor-widget-wrap elementor-element-populated\">\n\t\t\t\t\t\t<div class=\"elementor-element elementor-element-2843620c elementor-widget elementor-widget-text-editor\" data-id=\"2843620c\" data-element_type=\"widget\" data-e-type=\"widget\" data-widget_type=\"text-editor.default\">\n\t\t\t\t<div class=\"elementor-widget-container\">\n\t\t\t\t\t\t\t\t\t\n<p><strong>Caso o outro sistema envolvido seja tamb\u00e9m uma API passiva<\/strong>, ou tenha-se cen\u00e1rio onde a integra\u00e7\u00e3o ser\u00e1 via arquivo ou database ou outro m\u00e9todo passivo, <strong>ser\u00e1 necess\u00e1ria a utiliza\u00e7\u00e3o de um <a href=\"http:\/\/www.intergate.net.br\/blog\/o-que-e-rpa\/\" target=\"_blank\" rel=\"noreferrer noopener\">RPA-bots<\/a> para de tempos em tempos, ou por evento, efetivar a conex\u00e3o entre os sistemas<\/strong>.\u00a0<\/p>\n\n<p><strong>A <a href=\"http:\/\/www.intergate.net.br\" target=\"_blank\" rel=\"noreferrer noopener\">Intergate<\/a> desenvolve RPAs sob demanda<\/strong>, visando a conex\u00e3o entre o ConectorGate e o sistema\/plataforma envolvido, conforme regras de neg\u00f3cio definidas no BBP do projeto.<\/p>\n\n<p>Bots personalizados tamb\u00e9m podem ser desenvolvidos para automatizar tarefas de seu ERP.<\/p>\n\n<div class=\"wp-block-spacer\" style=\"height: 60px;\" aria-hidden=\"true\">\u00a0<\/div>\n\n<div class=\"wp-block-columns are-vertically-aligned-top is-layout-flex wp-container-core-columns-is-layout-9d6595d7 wp-block-columns-is-layout-flex\">\n<div class=\"wp-block-column is-vertically-aligned-top is-layout-flow wp-block-column-is-layout-flow\"><div class=\"wp-block-image is-style-default\">\n<figure class=\"alignright size-large\"><img fetchpriority=\"high\" decoding=\"async\" width=\"224\" height=\"238\" class=\"wp-image-624\" src=\"https:\/\/intergate.net.br\/conector\/wp-content\/uploads\/2020\/02\/flexy-4.jpg\" alt=\"\" \/><\/figure><\/div><\/div>\n\n<div class=\"wp-block-column is-vertically-aligned-top is-layout-flow wp-block-column-is-layout-flow\"><div class=\"wp-block-image is-style-default\">\n<figure class=\"alignleft size-large\"><img decoding=\"async\" width=\"222\" height=\"239\" class=\"wp-image-625\" src=\"https:\/\/intergate.net.br\/conector\/wp-content\/uploads\/2020\/02\/sapflexy-3.jpg\" alt=\"\" \/><\/figure><\/div><\/div>\n<\/div>\n\n<p class=\"has-text-align-center has-accent-color has-text-color has-medium-font-size\"><strong>Quer saber mais sobre RPA-rob\u00f4s? <\/strong><\/p>\n\n<div class=\"wp-block-button is-style-fill aligncenter\"><a class=\"wp-block-button__link has-black-color has-luminous-vivid-amber-background-color has-text-color has-background wp-element-button\" style=\"border-radius: 48px;\" href=\"http:\/\/www.intergate.net.br\/conector\/contato-2\/\" target=\"_blank\" rel=\"noopener noreferrer\">Fale Conosco&#8230;<\/a><\/div>\n\t\t\t\t\t\t\t\t<\/div>\n\t\t\t\t<\/div>\n\t\t\t\t\t<\/div>\n\t\t<\/div>\n\t\t\t\t\t<\/div>\n\t\t<\/section>\n\t\t\t\t<\/div>\n\t\t","protected":false},"excerpt":{"rendered":"<p>Cases RPA-bots Caso o outro sistema envolvido seja tamb\u00e9m uma API passiva, ou tenha-se cen\u00e1rio onde a integra\u00e7\u00e3o ser\u00e1 via arquivo ou database ou outro m\u00e9todo passivo, ser\u00e1 necess\u00e1ria a utiliza\u00e7\u00e3o de um RPA-bots para de tempos em tempos, ou por evento, efetivar a conex\u00e3o entre os sistemas.\u00a0 A Intergate desenvolve RPAs sob demanda, visando&hellip;&nbsp;<a href=\"https:\/\/intergate.net.br\/conector\/rpa-robos-jobs\/\" rel=\"bookmark\">Ler mais &raquo;<span class=\"screen-reader-text\">RPA-bots<\/span><\/a><\/p>\n","protected":false},"author":1,"featured_media":0,"parent":0,"menu_order":0,"comment_status":"closed","ping_status":"closed","template":"page-templates\/template-pagebuilder-full-width.php","meta":{"content-type":"","neve_meta_sidebar":"","neve_meta_container":"","neve_meta_enable_content_width":"","neve_meta_content_width":0,"neve_meta_title_alignment":"","neve_meta_author_avatar":"","neve_post_elements_order":"","neve_meta_disable_header":"","neve_meta_disable_footer":"","neve_meta_disable_title":"","footnotes":""},"class_list":["post-78","page","type-page","status-publish","hentry"],"yoast_head":"<!-- This site is optimized with the Yoast SEO plugin v27.4 - https:\/\/yoast.com\/product\/yoast-seo-wordpress\/ -->\n<title>RPA-bots - Conectorgate<\/title>\n<meta name=\"description\" content=\"A Intergate desenvolve RPA-bots para SAP e TOTVS, visando a conex\u00e3o entre o ConectorGate e outros sistemas ou aplica\u00e7\u00f5es.\" \/>\n<meta name=\"robots\" content=\"index, follow, max-snippet:-1, max-image-preview:large, max-video-preview:-1\" \/>\n<link rel=\"canonical\" href=\"https:\/\/intergate.net.br\/conector\/rpa-robos-jobs\/\" \/>\n<meta name=\"twitter:card\" content=\"summary_large_image\" \/>\n<meta name=\"twitter:title\" content=\"RPA-bots - Conectorgate\" \/>\n<meta name=\"twitter:description\" content=\"A Intergate desenvolve RPA-bots para SAP e TOTVS, visando a conex\u00e3o entre o ConectorGate e outros sistemas ou aplica\u00e7\u00f5es.\" \/>\n<meta name=\"twitter:image\" content=\"https:\/\/intergate.net.br\/conector\/wp-content\/uploads\/2020\/02\/flexy-4.jpg\" \/>\n<meta name=\"twitter:label1\" content=\"Tempo estimado de leitura\" \/>\n\t<meta name=\"twitter:data1\" content=\"1 minuto\" \/>\n<script type=\"application\/ld+json\" class=\"yoast-schema-graph\">{\"@context\":\"https:\\\/\\\/schema.org\",\"@graph\":[{\"@type\":\"WebPage\",\"@id\":\"https:\\\/\\\/intergate.net.br\\\/conector\\\/rpa-robos-jobs\\\/\",\"url\":\"https:\\\/\\\/intergate.net.br\\\/conector\\\/rpa-robos-jobs\\\/\",\"name\":\"RPA-bots - Conectorgate\",\"isPartOf\":{\"@id\":\"https:\\\/\\\/intergate.net.br\\\/conector\\\/#website\"},\"primaryImageOfPage\":{\"@id\":\"https:\\\/\\\/intergate.net.br\\\/conector\\\/rpa-robos-jobs\\\/#primaryimage\"},\"image\":{\"@id\":\"https:\\\/\\\/intergate.net.br\\\/conector\\\/rpa-robos-jobs\\\/#primaryimage\"},\"thumbnailUrl\":\"https:\\\/\\\/intergate.net.br\\\/conector\\\/wp-content\\\/uploads\\\/2020\\\/02\\\/flexy-4.jpg\",\"datePublished\":\"2020-02-12T17:35:44+00:00\",\"dateModified\":\"2023-07-21T13:20:31+00:00\",\"description\":\"A Intergate desenvolve RPA-bots para SAP e TOTVS, visando a conex\u00e3o entre o ConectorGate e outros sistemas ou aplica\u00e7\u00f5es.\",\"breadcrumb\":{\"@id\":\"https:\\\/\\\/intergate.net.br\\\/conector\\\/rpa-robos-jobs\\\/#breadcrumb\"},\"inLanguage\":\"pt-PT\",\"potentialAction\":[{\"@type\":\"ReadAction\",\"target\":[\"https:\\\/\\\/intergate.net.br\\\/conector\\\/rpa-robos-jobs\\\/\"]}]},{\"@type\":\"ImageObject\",\"inLanguage\":\"pt-PT\",\"@id\":\"https:\\\/\\\/intergate.net.br\\\/conector\\\/rpa-robos-jobs\\\/#primaryimage\",\"url\":\"https:\\\/\\\/intergate.net.br\\\/conector\\\/wp-content\\\/uploads\\\/2020\\\/02\\\/flexy-4.jpg\",\"contentUrl\":\"https:\\\/\\\/intergate.net.br\\\/conector\\\/wp-content\\\/uploads\\\/2020\\\/02\\\/flexy-4.jpg\",\"width\":224,\"height\":238},{\"@type\":\"BreadcrumbList\",\"@id\":\"https:\\\/\\\/intergate.net.br\\\/conector\\\/rpa-robos-jobs\\\/#breadcrumb\",\"itemListElement\":[{\"@type\":\"ListItem\",\"position\":1,\"name\":\"In\u00edcio\",\"item\":\"https:\\\/\\\/intergate.net.br\\\/conector\\\/\"},{\"@type\":\"ListItem\",\"position\":2,\"name\":\"RPA-bots\"}]},{\"@type\":\"WebSite\",\"@id\":\"https:\\\/\\\/intergate.net.br\\\/conector\\\/#website\",\"url\":\"https:\\\/\\\/intergate.net.br\\\/conector\\\/\",\"name\":\"Conectorgate\",\"description\":\"Integra\u00e7\u00f5es SAP Business One e Totvs Protheus\",\"potentialAction\":[{\"@type\":\"SearchAction\",\"target\":{\"@type\":\"EntryPoint\",\"urlTemplate\":\"https:\\\/\\\/intergate.net.br\\\/conector\\\/?s={search_term_string}\"},\"query-input\":{\"@type\":\"PropertyValueSpecification\",\"valueRequired\":true,\"valueName\":\"search_term_string\"}}],\"inLanguage\":\"pt-PT\"}]}<\/script>\n<!-- \/ Yoast SEO plugin. -->","yoast_head_json":{"title":"RPA-bots - Conectorgate","description":"A Intergate desenvolve RPA-bots para SAP e TOTVS, visando a conex\u00e3o entre o ConectorGate e outros sistemas ou aplica\u00e7\u00f5es.","robots":{"index":"index","follow":"follow","max-snippet":"max-snippet:-1","max-image-preview":"max-image-preview:large","max-video-preview":"max-video-preview:-1"},"canonical":"https:\/\/intergate.net.br\/conector\/rpa-robos-jobs\/","twitter_card":"summary_large_image","twitter_title":"RPA-bots - Conectorgate","twitter_description":"A Intergate desenvolve RPA-bots para SAP e TOTVS, visando a conex\u00e3o entre o ConectorGate e outros sistemas ou aplica\u00e7\u00f5es.","twitter_image":"https:\/\/intergate.net.br\/conector\/wp-content\/uploads\/2020\/02\/flexy-4.jpg","twitter_misc":{"Tempo estimado de leitura":"1 minuto"},"schema":{"@context":"https:\/\/schema.org","@graph":[{"@type":"WebPage","@id":"https:\/\/intergate.net.br\/conector\/rpa-robos-jobs\/","url":"https:\/\/intergate.net.br\/conector\/rpa-robos-jobs\/","name":"RPA-bots - Conectorgate","isPartOf":{"@id":"https:\/\/intergate.net.br\/conector\/#website"},"primaryImageOfPage":{"@id":"https:\/\/intergate.net.br\/conector\/rpa-robos-jobs\/#primaryimage"},"image":{"@id":"https:\/\/intergate.net.br\/conector\/rpa-robos-jobs\/#primaryimage"},"thumbnailUrl":"https:\/\/intergate.net.br\/conector\/wp-content\/uploads\/2020\/02\/flexy-4.jpg","datePublished":"2020-02-12T17:35:44+00:00","dateModified":"2023-07-21T13:20:31+00:00","description":"A Intergate desenvolve RPA-bots para SAP e TOTVS, visando a conex\u00e3o entre o ConectorGate e outros sistemas ou aplica\u00e7\u00f5es.","breadcrumb":{"@id":"https:\/\/intergate.net.br\/conector\/rpa-robos-jobs\/#breadcrumb"},"inLanguage":"pt-PT","potentialAction":[{"@type":"ReadAction","target":["https:\/\/intergate.net.br\/conector\/rpa-robos-jobs\/"]}]},{"@type":"ImageObject","inLanguage":"pt-PT","@id":"https:\/\/intergate.net.br\/conector\/rpa-robos-jobs\/#primaryimage","url":"https:\/\/intergate.net.br\/conector\/wp-content\/uploads\/2020\/02\/flexy-4.jpg","contentUrl":"https:\/\/intergate.net.br\/conector\/wp-content\/uploads\/2020\/02\/flexy-4.jpg","width":224,"height":238},{"@type":"BreadcrumbList","@id":"https:\/\/intergate.net.br\/conector\/rpa-robos-jobs\/#breadcrumb","itemListElement":[{"@type":"ListItem","position":1,"name":"In\u00edcio","item":"https:\/\/intergate.net.br\/conector\/"},{"@type":"ListItem","position":2,"name":"RPA-bots"}]},{"@type":"WebSite","@id":"https:\/\/intergate.net.br\/conector\/#website","url":"https:\/\/intergate.net.br\/conector\/","name":"Conectorgate","description":"Integra\u00e7\u00f5es SAP Business One e Totvs Protheus","potentialAction":[{"@type":"SearchAction","target":{"@type":"EntryPoint","urlTemplate":"https:\/\/intergate.net.br\/conector\/?s={search_term_string}"},"query-input":{"@type":"PropertyValueSpecification","valueRequired":true,"valueName":"search_term_string"}}],"inLanguage":"pt-PT"}]}},"_links":{"self":[{"href":"https:\/\/intergate.net.br\/conector\/wp-json\/wp\/v2\/pages\/78","targetHints":{"allow":["GET"]}}],"collection":[{"href":"https:\/\/intergate.net.br\/conector\/wp-json\/wp\/v2\/pages"}],"about":[{"href":"https:\/\/intergate.net.br\/conector\/wp-json\/wp\/v2\/types\/page"}],"author":[{"embeddable":true,"href":"https:\/\/intergate.net.br\/conector\/wp-json\/wp\/v2\/users\/1"}],"replies":[{"embeddable":true,"href":"https:\/\/intergate.net.br\/conector\/wp-json\/wp\/v2\/comments?post=78"}],"version-history":[{"count":0,"href":"https:\/\/intergate.net.br\/conector\/wp-json\/wp\/v2\/pages\/78\/revisions"}],"wp:attachment":[{"href":"https:\/\/intergate.net.br\/conector\/wp-json\/wp\/v2\/media?parent=78"}],"curies":[{"name":"wp","href":"https:\/\/api.w.org\/{rel}","templated":true}]}}