{"id":79,"date":"2020-02-12T17:35:44","date_gmt":"2020-02-12T17:35:44","guid":{"rendered":"http:\/\/intergate.net.br\/conector\/?page_id=79"},"modified":"2024-05-22T15:00:03","modified_gmt":"2024-05-22T18:00:03","slug":"apis-personalizada","status":"publish","type":"page","link":"https:\/\/intergate.net.br\/conector\/apis-personalizada\/","title":{"rendered":"API Personalizada"},"content":{"rendered":"\t\t<div data-elementor-type=\"wp-page\" data-elementor-id=\"79\" class=\"elementor elementor-79\">\n\t\t\t\t\t\t<section class=\"elementor-section elementor-top-section elementor-element elementor-element-3b5ccc1b elementor-section-boxed elementor-section-height-default elementor-section-height-default\" data-id=\"3b5ccc1b\" data-element_type=\"section\" data-e-type=\"section\">\n\t\t\t\t\t\t<div class=\"elementor-container elementor-column-gap-default\">\n\t\t\t\t\t<div class=\"elementor-column elementor-col-100 elementor-top-column elementor-element elementor-element-2e6228fd\" data-id=\"2e6228fd\" data-element_type=\"column\" data-e-type=\"column\">\n\t\t\t<div class=\"elementor-widget-wrap elementor-element-populated\">\n\t\t\t\t\t\t<div class=\"elementor-element elementor-element-e5f6793 elementor-widget elementor-widget-text-editor\" data-id=\"e5f6793\" data-element_type=\"widget\" data-e-type=\"widget\" data-widget_type=\"text-editor.default\">\n\t\t\t\t<div class=\"elementor-widget-container\">\n\t\t\t\t\t\t\t\t\t\n<p>Caso as API ConectorGate padr\u00e3o n\u00e3o supram as necessidades de seu neg\u00f3cio, <strong>podemos desenvolver API personalizada, mesclada ou n\u00e3o com as API ConectorGate<\/strong>.\u00a0<\/p>\n\n<p>Tamb\u00e9m desenvolvemos sob demanda e usando a mesma plataforma, <strong>integra\u00e7\u00f5es e automa\u00e7\u00f5es de processos pontuais e personalizadas<\/strong>.<\/p>\n\n<p>Cada necessidade \u00e9 analisada pontualmente, enviamos uma proposta detalhada e assim ser\u00e1 conduzido o projeto padronizado conforme BBP definido.<\/p>\n\n<div class=\"wp-block-spacer\" style=\"height: 57px;\" aria-hidden=\"true\">\u00a0<\/div>\n\n<h3 class=\"wp-block-heading has-white-color has-text-color has-background\" style=\"background-color: #3d3939; font-size: 25px;\"><strong>Cases InterGate<\/strong><\/h3>\n\n<div class=\"wp-block-columns is-layout-flex wp-container-core-columns-is-layout-9d6595d7 wp-block-columns-is-layout-flex\">\n<div class=\"wp-block-column is-layout-flow wp-block-column-is-layout-flow\"><div class=\"wp-block-image is-style-default\">\n<figure class=\"aligncenter size-large is-resized\"><a href=\"http:\/\/www.intergate.net.br\/blog\/integracao-bysoft-e-sap-business-one-despachos-aduaneiros\/\" target=\"_blank\" rel=\"noreferrer noopener\"><img decoding=\"async\" class=\"wp-image-564\" src=\"http:\/\/intergate.net.br\/conector\/wp-content\/uploads\/2020\/02\/bysoftcase-1.jpg\" alt=\"Integra\u00e7\u00e3o SAP Business One com sistema Bysoft\" width=\"225\" height=\"210\" \/><\/a><\/figure><\/div><\/div>\n\n<div class=\"wp-block-column is-layout-flow wp-block-column-is-layout-flow\"><div class=\"wp-block-image is-style-default\">\n<figure class=\"alignleft size-large is-resized\"><a href=\"http:\/\/www.intergate.net.br\/blog\/integracao-cobmais-e-sap-business-one-renegociacao-de-titulos\/\" target=\"_blank\" rel=\"noreferrer noopener\"><img fetchpriority=\"high\" decoding=\"async\" class=\"wp-image-565\" src=\"http:\/\/intergate.net.br\/conector\/wp-content\/uploads\/2020\/02\/cobmaiscase.jpg\" alt=\"Integra\u00e7\u00e3o SAP Business One com sistema de cobran\u00e7a CobMais\" width=\"225\" height=\"227\" \/><\/a><\/figure><\/div><\/div>\n<\/div>\n\n<div class=\"wp-block-columns is-layout-flex wp-container-core-columns-is-layout-9d6595d7 wp-block-columns-is-layout-flex\">\n<div class=\"wp-block-column is-layout-flow wp-block-column-is-layout-flow\"><div class=\"wp-block-image is-style-default\">\n<figure class=\"aligncenter size-large is-resized\"><img decoding=\"async\" class=\"wp-image-560\" src=\"http:\/\/intergate.net.br\/conector\/wp-content\/uploads\/2020\/02\/vedoiscase.jpg\" alt=\"Integra\u00e7\u00e3o Totvs Protheus com ch\u00e3o de f\u00e1brica da Vedois\" width=\"225\" height=\"215\" \/><\/figure><\/div><\/div>\n\n<div class=\"wp-block-column is-layout-flow wp-block-column-is-layout-flow\">\n<figure class=\"wp-block-image size-large is-resized is-style-default\"><a href=\"http:\/\/www.intergate.net.br\/blog\/intergate-participa-de-golive-de-integracao-entre-loja-olympikus-com-sap-business-one\/\" target=\"_blank\" rel=\"noreferrer noopener\"><img loading=\"lazy\" decoding=\"async\" class=\"wp-image-561\" src=\"http:\/\/intergate.net.br\/conector\/wp-content\/uploads\/2020\/02\/vulcabrascase.jpg\" alt=\"Integra\u00e7\u00e3o SAP Business One com \n ecommerce Vulcabr\u00e1s Azal\u00e9ia\" width=\"225\" height=\"221\" \/><\/a><\/figure>\n<\/div>\n<\/div>\n\n<p class=\"has-text-align-center has-black-color has-text-color has-medium-font-size\"><strong>Quer saber mais sobre API Personalizada?<\/strong><\/p>\n<p>\u00a0<\/p>\n\t\t\t\t\t\t\t\t<\/div>\n\t\t\t\t<\/div>\n\t\t\t\t<div class=\"elementor-element elementor-element-4eea739 elementor-button-info elementor-align-center elementor-widget elementor-widget-button\" data-id=\"4eea739\" data-element_type=\"widget\" data-e-type=\"widget\" data-widget_type=\"button.default\">\n\t\t\t\t<div class=\"elementor-widget-container\">\n\t\t\t\t\t\t\t\t\t<div class=\"elementor-button-wrapper\">\n\t\t\t\t\t<a class=\"elementor-button elementor-button-link elementor-size-sm\" href=\"https:\/\/intergate.net.br\/conector\/contato-2\/\" target=\"_blank\">\n\t\t\t\t\t\t<span class=\"elementor-button-content-wrapper\">\n\t\t\t\t\t\t\t\t\t<span class=\"elementor-button-text\">Fale Conosco<\/span>\n\t\t\t\t\t<\/span>\n\t\t\t\t\t<\/a>\n\t\t\t\t<\/div>\n\t\t\t\t\t\t\t\t<\/div>\n\t\t\t\t<\/div>\n\t\t\t\t\t<\/div>\n\t\t<\/div>\n\t\t\t\t\t<\/div>\n\t\t<\/section>\n\t\t\t\t<\/div>\n\t\t","protected":false},"excerpt":{"rendered":"<p>Caso as API ConectorGate padr\u00e3o n\u00e3o supram as necessidades de seu neg\u00f3cio, podemos desenvolver API personalizada, mesclada ou n\u00e3o com as API ConectorGate.\u00a0 Tamb\u00e9m desenvolvemos sob demanda e usando a mesma plataforma, integra\u00e7\u00f5es e automa\u00e7\u00f5es de processos pontuais e personalizadas. Cada necessidade \u00e9 analisada pontualmente, enviamos uma proposta detalhada e assim ser\u00e1 conduzido o projeto&hellip;&nbsp;<a href=\"https:\/\/intergate.net.br\/conector\/apis-personalizada\/\" rel=\"bookmark\">Ler mais &raquo;<span class=\"screen-reader-text\">API Personalizada<\/span><\/a><\/p>\n","protected":false},"author":1,"featured_media":0,"parent":0,"menu_order":0,"comment_status":"closed","ping_status":"closed","template":"page-templates\/template-pagebuilder-full-width.php","meta":{"content-type":"","neve_meta_sidebar":"","neve_meta_container":"","neve_meta_enable_content_width":"","neve_meta_content_width":0,"neve_meta_title_alignment":"","neve_meta_author_avatar":"","neve_post_elements_order":"","neve_meta_disable_header":"","neve_meta_disable_footer":"","neve_meta_disable_title":"","footnotes":""},"class_list":["post-79","page","type-page","status-publish","hentry"],"yoast_head":"<!-- This site is optimized with the Yoast SEO plugin v27.4 - https:\/\/yoast.com\/product\/yoast-seo-wordpress\/ -->\n<title>API Personalizada - Conectorgate<\/title>\n<meta name=\"description\" content=\"Integracoes com APIs customizada para SAP Business One e TOTVS Protheus-desenvolvimento conforme necessidade de sua empresa.\" \/>\n<meta name=\"robots\" content=\"index, follow, max-snippet:-1, max-image-preview:large, max-video-preview:-1\" \/>\n<link rel=\"canonical\" href=\"https:\/\/intergate.net.br\/conector\/apis-personalizada\/\" \/>\n<meta name=\"twitter:card\" content=\"summary_large_image\" \/>\n<meta name=\"twitter:title\" content=\"API Personalizada - Conectorgate\" \/>\n<meta name=\"twitter:description\" content=\"Integracoes com APIs customizada para SAP Business One e TOTVS Protheus-desenvolvimento conforme necessidade de sua empresa.\" \/>\n<meta name=\"twitter:image\" content=\"https:\/\/intergate.net.br\/conector\/wp-content\/uploads\/2020\/02\/bysoftcase-1.jpg\" \/>\n<meta name=\"twitter:label1\" content=\"Tempo estimado de leitura\" \/>\n\t<meta name=\"twitter:data1\" content=\"2 minutos\" \/>\n<script type=\"application\/ld+json\" class=\"yoast-schema-graph\">{\"@context\":\"https:\\\/\\\/schema.org\",\"@graph\":[{\"@type\":\"WebPage\",\"@id\":\"https:\\\/\\\/intergate.net.br\\\/conector\\\/apis-personalizada\\\/\",\"url\":\"https:\\\/\\\/intergate.net.br\\\/conector\\\/apis-personalizada\\\/\",\"name\":\"API Personalizada - Conectorgate\",\"isPartOf\":{\"@id\":\"https:\\\/\\\/intergate.net.br\\\/conector\\\/#website\"},\"primaryImageOfPage\":{\"@id\":\"https:\\\/\\\/intergate.net.br\\\/conector\\\/apis-personalizada\\\/#primaryimage\"},\"image\":{\"@id\":\"https:\\\/\\\/intergate.net.br\\\/conector\\\/apis-personalizada\\\/#primaryimage\"},\"thumbnailUrl\":\"http:\\\/\\\/intergate.net.br\\\/conector\\\/wp-content\\\/uploads\\\/2020\\\/02\\\/bysoftcase-1.jpg\",\"datePublished\":\"2020-02-12T17:35:44+00:00\",\"dateModified\":\"2024-05-22T18:00:03+00:00\",\"description\":\"Integracoes com APIs customizada para SAP Business One e TOTVS Protheus-desenvolvimento conforme necessidade de sua empresa.\",\"breadcrumb\":{\"@id\":\"https:\\\/\\\/intergate.net.br\\\/conector\\\/apis-personalizada\\\/#breadcrumb\"},\"inLanguage\":\"pt-PT\",\"potentialAction\":[{\"@type\":\"ReadAction\",\"target\":[\"https:\\\/\\\/intergate.net.br\\\/conector\\\/apis-personalizada\\\/\"]}]},{\"@type\":\"ImageObject\",\"inLanguage\":\"pt-PT\",\"@id\":\"https:\\\/\\\/intergate.net.br\\\/conector\\\/apis-personalizada\\\/#primaryimage\",\"url\":\"https:\\\/\\\/intergate.net.br\\\/conector\\\/wp-content\\\/uploads\\\/2020\\\/02\\\/bysoftcase-1.jpg\",\"contentUrl\":\"https:\\\/\\\/intergate.net.br\\\/conector\\\/wp-content\\\/uploads\\\/2020\\\/02\\\/bysoftcase-1.jpg\",\"width\":300,\"height\":280},{\"@type\":\"BreadcrumbList\",\"@id\":\"https:\\\/\\\/intergate.net.br\\\/conector\\\/apis-personalizada\\\/#breadcrumb\",\"itemListElement\":[{\"@type\":\"ListItem\",\"position\":1,\"name\":\"In\u00edcio\",\"item\":\"https:\\\/\\\/intergate.net.br\\\/conector\\\/\"},{\"@type\":\"ListItem\",\"position\":2,\"name\":\"API Personalizada\"}]},{\"@type\":\"WebSite\",\"@id\":\"https:\\\/\\\/intergate.net.br\\\/conector\\\/#website\",\"url\":\"https:\\\/\\\/intergate.net.br\\\/conector\\\/\",\"name\":\"Conectorgate\",\"description\":\"Integra\u00e7\u00f5es SAP Business One e Totvs Protheus\",\"potentialAction\":[{\"@type\":\"SearchAction\",\"target\":{\"@type\":\"EntryPoint\",\"urlTemplate\":\"https:\\\/\\\/intergate.net.br\\\/conector\\\/?s={search_term_string}\"},\"query-input\":{\"@type\":\"PropertyValueSpecification\",\"valueRequired\":true,\"valueName\":\"search_term_string\"}}],\"inLanguage\":\"pt-PT\"}]}<\/script>\n<!-- \/ Yoast SEO plugin. -->","yoast_head_json":{"title":"API Personalizada - Conectorgate","description":"Integracoes com APIs customizada para SAP Business One e TOTVS Protheus-desenvolvimento conforme necessidade de sua empresa.","robots":{"index":"index","follow":"follow","max-snippet":"max-snippet:-1","max-image-preview":"max-image-preview:large","max-video-preview":"max-video-preview:-1"},"canonical":"https:\/\/intergate.net.br\/conector\/apis-personalizada\/","twitter_card":"summary_large_image","twitter_title":"API Personalizada - Conectorgate","twitter_description":"Integracoes com APIs customizada para SAP Business One e TOTVS Protheus-desenvolvimento conforme necessidade de sua empresa.","twitter_image":"https:\/\/intergate.net.br\/conector\/wp-content\/uploads\/2020\/02\/bysoftcase-1.jpg","twitter_misc":{"Tempo estimado de leitura":"2 minutos"},"schema":{"@context":"https:\/\/schema.org","@graph":[{"@type":"WebPage","@id":"https:\/\/intergate.net.br\/conector\/apis-personalizada\/","url":"https:\/\/intergate.net.br\/conector\/apis-personalizada\/","name":"API Personalizada - Conectorgate","isPartOf":{"@id":"https:\/\/intergate.net.br\/conector\/#website"},"primaryImageOfPage":{"@id":"https:\/\/intergate.net.br\/conector\/apis-personalizada\/#primaryimage"},"image":{"@id":"https:\/\/intergate.net.br\/conector\/apis-personalizada\/#primaryimage"},"thumbnailUrl":"http:\/\/intergate.net.br\/conector\/wp-content\/uploads\/2020\/02\/bysoftcase-1.jpg","datePublished":"2020-02-12T17:35:44+00:00","dateModified":"2024-05-22T18:00:03+00:00","description":"Integracoes com APIs customizada para SAP Business One e TOTVS Protheus-desenvolvimento conforme necessidade de sua empresa.","breadcrumb":{"@id":"https:\/\/intergate.net.br\/conector\/apis-personalizada\/#breadcrumb"},"inLanguage":"pt-PT","potentialAction":[{"@type":"ReadAction","target":["https:\/\/intergate.net.br\/conector\/apis-personalizada\/"]}]},{"@type":"ImageObject","inLanguage":"pt-PT","@id":"https:\/\/intergate.net.br\/conector\/apis-personalizada\/#primaryimage","url":"https:\/\/intergate.net.br\/conector\/wp-content\/uploads\/2020\/02\/bysoftcase-1.jpg","contentUrl":"https:\/\/intergate.net.br\/conector\/wp-content\/uploads\/2020\/02\/bysoftcase-1.jpg","width":300,"height":280},{"@type":"BreadcrumbList","@id":"https:\/\/intergate.net.br\/conector\/apis-personalizada\/#breadcrumb","itemListElement":[{"@type":"ListItem","position":1,"name":"In\u00edcio","item":"https:\/\/intergate.net.br\/conector\/"},{"@type":"ListItem","position":2,"name":"API Personalizada"}]},{"@type":"WebSite","@id":"https:\/\/intergate.net.br\/conector\/#website","url":"https:\/\/intergate.net.br\/conector\/","name":"Conectorgate","description":"Integra\u00e7\u00f5es SAP Business One e Totvs Protheus","potentialAction":[{"@type":"SearchAction","target":{"@type":"EntryPoint","urlTemplate":"https:\/\/intergate.net.br\/conector\/?s={search_term_string}"},"query-input":{"@type":"PropertyValueSpecification","valueRequired":true,"valueName":"search_term_string"}}],"inLanguage":"pt-PT"}]}},"_links":{"self":[{"href":"https:\/\/intergate.net.br\/conector\/wp-json\/wp\/v2\/pages\/79","targetHints":{"allow":["GET"]}}],"collection":[{"href":"https:\/\/intergate.net.br\/conector\/wp-json\/wp\/v2\/pages"}],"about":[{"href":"https:\/\/intergate.net.br\/conector\/wp-json\/wp\/v2\/types\/page"}],"author":[{"embeddable":true,"href":"https:\/\/intergate.net.br\/conector\/wp-json\/wp\/v2\/users\/1"}],"replies":[{"embeddable":true,"href":"https:\/\/intergate.net.br\/conector\/wp-json\/wp\/v2\/comments?post=79"}],"version-history":[{"count":6,"href":"https:\/\/intergate.net.br\/conector\/wp-json\/wp\/v2\/pages\/79\/revisions"}],"predecessor-version":[{"id":5905,"href":"https:\/\/intergate.net.br\/conector\/wp-json\/wp\/v2\/pages\/79\/revisions\/5905"}],"wp:attachment":[{"href":"https:\/\/intergate.net.br\/conector\/wp-json\/wp\/v2\/media?parent=79"}],"curies":[{"name":"wp","href":"https:\/\/api.w.org\/{rel}","templated":true}]}}