{"id":88,"date":"2020-02-12T17:39:44","date_gmt":"2020-02-12T17:39:44","guid":{"rendered":"http:\/\/intergate.net.br\/conector\/?page_id=88"},"modified":"2024-05-21T18:15:46","modified_gmt":"2024-05-21T21:15:46","slug":"mesapi","status":"publish","type":"page","link":"https:\/\/intergate.net.br\/conector\/mesapi\/","title":{"rendered":"mesAPI"},"content":{"rendered":"\t\t<div data-elementor-type=\"wp-page\" data-elementor-id=\"88\" class=\"elementor elementor-88\">\n\t\t\t\t\t\t<section class=\"elementor-section elementor-top-section elementor-element elementor-element-97ce004 elementor-section-boxed elementor-section-height-default elementor-section-height-default\" data-id=\"97ce004\" data-element_type=\"section\" data-e-type=\"section\">\n\t\t\t\t\t\t<div class=\"elementor-container elementor-column-gap-default\">\n\t\t\t\t\t<div class=\"elementor-column elementor-col-100 elementor-top-column elementor-element elementor-element-083ba62\" data-id=\"083ba62\" data-element_type=\"column\" data-e-type=\"column\">\n\t\t\t<div class=\"elementor-widget-wrap elementor-element-populated\">\n\t\t\t\t\t\t<div class=\"elementor-element elementor-element-80792fb elementor-widget elementor-widget-spacer\" data-id=\"80792fb\" data-element_type=\"widget\" data-e-type=\"widget\" data-widget_type=\"spacer.default\">\n\t\t\t\t<div class=\"elementor-widget-container\">\n\t\t\t\t\t\t\t<div class=\"elementor-spacer\">\n\t\t\t<div class=\"elementor-spacer-inner\"><\/div>\n\t\t<\/div>\n\t\t\t\t\t\t<\/div>\n\t\t\t\t<\/div>\n\t\t\t\t\t<\/div>\n\t\t<\/div>\n\t\t\t\t\t<\/div>\n\t\t<\/section>\n\t\t\t\t<section class=\"elementor-section elementor-top-section elementor-element elementor-element-ccf6233 elementor-section-boxed elementor-section-height-default elementor-section-height-default\" data-id=\"ccf6233\" data-element_type=\"section\" data-e-type=\"section\">\n\t\t\t\t\t\t<div class=\"elementor-container elementor-column-gap-default\">\n\t\t\t\t\t<div class=\"elementor-column elementor-col-100 elementor-top-column elementor-element elementor-element-77e3e420\" data-id=\"77e3e420\" data-element_type=\"column\" data-e-type=\"column\">\n\t\t\t<div class=\"elementor-widget-wrap elementor-element-populated\">\n\t\t\t\t\t\t<div class=\"elementor-element elementor-element-37c5514 elementor-widget elementor-widget-text-editor\" data-id=\"37c5514\" data-element_type=\"widget\" data-e-type=\"widget\" data-widget_type=\"text-editor.default\">\n\t\t\t\t<div class=\"elementor-widget-container\">\n\t\t\t\t\t\t\t\t\t\n<div class=\"wp-block-image is-style-default\">\n<figure class=\"aligncenter size-large\"><a href=\"http:\/\/www.intergate.net.br\/conector\/wp-content\/uploads\/2020\/09\/mesNOVO.jpg\" target=\"_blank\" rel=\"noopener noreferrer\"><img fetchpriority=\"high\" decoding=\"async\" width=\"590\" height=\"331\" class=\"wp-image-1136\" src=\"http:\/\/www.intergate.net.br\/conector\/wp-content\/uploads\/2020\/09\/mesNOVO.jpg\" alt=\"O conector mesAPI \u00e9 uma API REST passiva e padronizada para acesso a dados do sistema de ERPs (SAP Business One e TOTVS Protheus), visando a integra\u00e7\u00e3o com plataformas de automa\u00e7\u00e3o de Ch\u00e3o de F\u00e1brica\" srcset=\"https:\/\/intergate.net.br\/conector\/wp-content\/uploads\/2020\/09\/mesNOVO.jpg 590w, https:\/\/intergate.net.br\/conector\/wp-content\/uploads\/2020\/09\/mesNOVO-300x168.jpg 300w\" sizes=\"(max-width: 590px) 100vw, 590px\" \/><\/a><\/figure>\n<\/div>\n\n<h2 class=\"wp-block-heading\">\u00a0<\/h2>\n<h2><em>Destrave seu ERP com nossa mesAPI<\/em><\/h2>\n\n<p>A API <strong>mesAPI<\/strong> \u00e9 uma API HTTP REST passiva e padronizada para acesso a dados do sistema de ERP (SAP Business One ou TOTVS Protheus), visando a <strong><a href=\"http:\/\/www.intergate.net.br\/blog\/integracao-de-erp-com-wms\/\" target=\"_blank\" rel=\"noreferrer noopener\" aria-label=\"integra\u00e7\u00e3o com ch\u00e3o de F\u00e1brica (abre num novo separador)\">integra\u00e7\u00e3o com plataformas de automa\u00e7\u00e3o de Ch\u00e3o de F\u00e1brica<\/a><\/strong>.<\/p>\n\n<p><strong>A API mesAPI <strong>(<strong>SAP B1If<\/strong><\/strong> <strong>1.x)<\/strong><\/strong> <strong>oferece os seguintes servi\u00e7os (v2.1)<\/strong>*:<\/p>\n\n<figure class=\"wp-block-table is-style-stripes\">\n<table>\n<thead>\n<tr>\n<th>SERVI\u00c7OS<\/th>\n<th class=\"has-text-align-left\" data-align=\"left\"><strong>M\u00c9TODOS<\/strong><\/th>\n<th class=\"has-text-align-center\" data-align=\"center\"><img decoding=\"async\" src=\"http:\/\/www.intergate.net.br\/conector\/wp-content\/uploads\/2020\/09\/logo-sap-e1600196221147.png\" alt=\"\" \/><\/th>\n<th class=\"has-text-align-center\" data-align=\"center\"><img decoding=\"async\" src=\"http:\/\/www.intergate.net.br\/conector\/wp-content\/uploads\/2020\/09\/totvs_novo-1.jpg\" alt=\"\" \/><\/th>\n<\/tr>\n<\/thead>\n<tbody>\n<tr>\n<td>resourceGroups<\/td>\n<td class=\"has-text-align-left\" data-align=\"left\">GET<\/td>\n<td class=\"has-text-align-center\" data-align=\"center\">\u00a0<\/td>\n<td class=\"has-text-align-center\" data-align=\"center\"><img decoding=\"async\" width=\"30\" height=\"30\" class=\"wp-image-1115\" style=\"width: 30px;\" src=\"http:\/\/www.intergate.net.br\/conector\/wp-content\/uploads\/2020\/09\/SINAL-VERDE-e1600193401310.jpg\" alt=\"\" \/><\/td>\n<\/tr>\n<tr>\n<td>productionResources<\/td>\n<td class=\"has-text-align-left\" data-align=\"left\">GET<\/td>\n<td class=\"has-text-align-center\" data-align=\"center\">\u00a0<\/td>\n<td class=\"has-text-align-center\" data-align=\"center\"><img decoding=\"async\" width=\"30\" height=\"30\" class=\"wp-image-1115\" style=\"width: 30px;\" src=\"http:\/\/www.intergate.net.br\/conector\/wp-content\/uploads\/2020\/09\/SINAL-VERDE-e1600193401310.jpg\" alt=\"\" \/><\/td>\n<\/tr>\n<tr>\n<td>tools<\/td>\n<td class=\"has-text-align-left\" data-align=\"left\">GET<\/td>\n<td class=\"has-text-align-center\" data-align=\"center\">\u00a0<\/td>\n<td class=\"has-text-align-center\" data-align=\"center\"><img decoding=\"async\" width=\"30\" height=\"30\" class=\"wp-image-1115\" style=\"width: 30px;\" src=\"http:\/\/www.intergate.net.br\/conector\/wp-content\/uploads\/2020\/09\/SINAL-VERDE-e1600193401310.jpg\" alt=\"\" \/><\/td>\n<\/tr>\n<tr>\n<td>operators<\/td>\n<td class=\"has-text-align-left\" data-align=\"left\">GET<\/td>\n<td class=\"has-text-align-center\" data-align=\"center\">\u00a0<\/td>\n<td class=\"has-text-align-center\" data-align=\"center\"><img decoding=\"async\" width=\"30\" height=\"30\" class=\"wp-image-1115\" style=\"width: 30px;\" src=\"http:\/\/www.intergate.net.br\/conector\/wp-content\/uploads\/2020\/09\/SINAL-VERDE-e1600193401310.jpg\" alt=\"\" \/><\/td>\n<\/tr>\n<tr>\n<td>stopReasons<\/td>\n<td class=\"has-text-align-left\" data-align=\"left\">GET<\/td>\n<td class=\"has-text-align-center\" data-align=\"center\">\u00a0<\/td>\n<td class=\"has-text-align-center\" data-align=\"center\"><img decoding=\"async\" width=\"30\" height=\"30\" class=\"wp-image-1115\" style=\"width: 30px;\" src=\"http:\/\/www.intergate.net.br\/conector\/wp-content\/uploads\/2020\/09\/SINAL-VERDE-e1600193401310.jpg\" alt=\"\" \/><\/td>\n<\/tr>\n<tr>\n<td>wasteReasons<\/td>\n<td class=\"has-text-align-left\" data-align=\"left\">GET<\/td>\n<td class=\"has-text-align-center\" data-align=\"center\">\u00a0<\/td>\n<td class=\"has-text-align-center\" data-align=\"center\"><img decoding=\"async\" width=\"30\" height=\"30\" class=\"wp-image-1115\" style=\"width: 30px;\" src=\"http:\/\/www.intergate.net.br\/conector\/wp-content\/uploads\/2020\/09\/SINAL-VERDE-e1600193401310.jpg\" alt=\"\" \/><\/td>\n<\/tr>\n<tr>\n<td>productionRoutes<\/td>\n<td class=\"has-text-align-left\" data-align=\"left\">GET<\/td>\n<td class=\"has-text-align-center\" data-align=\"center\">\u00a0<\/td>\n<td class=\"has-text-align-center\" data-align=\"center\"><img decoding=\"async\" width=\"30\" height=\"30\" class=\"wp-image-1115\" style=\"width: 30px;\" src=\"http:\/\/www.intergate.net.br\/conector\/wp-content\/uploads\/2020\/09\/SINAL-VERDE-e1600193401310.jpg\" alt=\"\" \/><\/td>\n<\/tr>\n<tr>\n<td>goodReceipts<\/td>\n<td class=\"has-text-align-left\" data-align=\"left\">GET\/PUT**<\/td>\n<td class=\"has-text-align-center\" data-align=\"center\"><img decoding=\"async\" src=\"http:\/\/www.intergate.net.br\/conector\/wp-content\/uploads\/2020\/09\/SINAL-VERDE-e1600193401310.jpg\" alt=\"\" \/><\/td>\n<td class=\"has-text-align-center\" data-align=\"center\"><img decoding=\"async\" src=\"http:\/\/www.intergate.net.br\/conector\/wp-content\/uploads\/2020\/09\/SINAL-VERDE-e1600193401310.jpg\" alt=\"\" \/><\/td>\n<\/tr>\n<tr>\n<td>goodIssues<\/td>\n<td class=\"has-text-align-left\" data-align=\"left\">GET\/PUT**<\/td>\n<td class=\"has-text-align-center\" data-align=\"center\"><img decoding=\"async\" src=\"http:\/\/www.intergate.net.br\/conector\/wp-content\/uploads\/2020\/09\/SINAL-VERDE-e1600193401310.jpg\" alt=\"\" \/><\/td>\n<td class=\"has-text-align-center\" data-align=\"center\"><img decoding=\"async\" src=\"http:\/\/www.intergate.net.br\/conector\/wp-content\/uploads\/2020\/09\/SINAL-VERDE-e1600193401310.jpg\" alt=\"\" \/><\/td>\n<\/tr>\n<tr>\n<td>stockTansfers<\/td>\n<td class=\"has-text-align-left\" data-align=\"left\">GET<\/td>\n<td class=\"has-text-align-center\" data-align=\"center\"><img decoding=\"async\" src=\"http:\/\/www.intergate.net.br\/conector\/wp-content\/uploads\/2020\/09\/SINAL-VERDE-e1600193401310.jpg\" alt=\"\" \/><\/td>\n<td class=\"has-text-align-center\" data-align=\"center\"><img decoding=\"async\" src=\"http:\/\/www.intergate.net.br\/conector\/wp-content\/uploads\/2020\/09\/SINAL-VERDE-e1600193401310.jpg\" alt=\"\" \/><\/td>\n<\/tr>\n<tr>\n<td>inventaryCountings<\/td>\n<td class=\"has-text-align-left\" data-align=\"left\">GET\/POST**<\/td>\n<td class=\"has-text-align-center\" data-align=\"center\"><img decoding=\"async\" src=\"http:\/\/www.intergate.net.br\/conector\/wp-content\/uploads\/2020\/09\/SINAL-VERDE-e1600193401310.jpg\" alt=\"\" \/><\/td>\n<td class=\"has-text-align-center\" data-align=\"center\"><img decoding=\"async\" src=\"http:\/\/www.intergate.net.br\/conector\/wp-content\/uploads\/2020\/09\/SINAL-VERDE-e1600193401310.jpg\" alt=\"\" \/><\/td>\n<\/tr>\n<tr>\n<td>productionOrders<\/td>\n<td class=\"has-text-align-left\" data-align=\"left\">GET<\/td>\n<td class=\"has-text-align-center\" data-align=\"center\">\u00a0<\/td>\n<td class=\"has-text-align-center\" data-align=\"center\"><img decoding=\"async\" width=\"30\" height=\"30\" class=\"wp-image-1115\" style=\"width: 30px;\" src=\"http:\/\/www.intergate.net.br\/conector\/wp-content\/uploads\/2020\/09\/SINAL-VERDE-e1600193401310.jpg\" alt=\"\" \/><\/td>\n<\/tr>\n<tr>\n<td>productionSequences<\/td>\n<td class=\"has-text-align-left\" data-align=\"left\">GET<\/td>\n<td class=\"has-text-align-center\" data-align=\"center\">\u00a0<\/td>\n<td class=\"has-text-align-center\" data-align=\"center\"><img decoding=\"async\" src=\"http:\/\/www.intergate.net.br\/conector\/wp-content\/uploads\/2020\/09\/SINAL-VERDE-e1600193401310.jpg\" alt=\"\" \/><\/td>\n<\/tr>\n<tr>\n<td>productionPoints<\/td>\n<td class=\"has-text-align-left\" data-align=\"left\">PUT<\/td>\n<td class=\"has-text-align-center\" data-align=\"center\">\u00a0<\/td>\n<td class=\"has-text-align-center\" data-align=\"center\"><img decoding=\"async\" src=\"http:\/\/www.intergate.net.br\/conector\/wp-content\/uploads\/2020\/09\/SINAL-VERDE-e1600193401310.jpg\" alt=\"\" \/><\/td>\n<\/tr>\n<tr>\n<td>stopPoints<\/td>\n<td class=\"has-text-align-left\" data-align=\"left\">PUT<\/td>\n<td class=\"has-text-align-center\" data-align=\"center\">\u00a0<\/td>\n<td class=\"has-text-align-center\" data-align=\"center\"><img decoding=\"async\" src=\"http:\/\/www.intergate.net.br\/conector\/wp-content\/uploads\/2020\/09\/SINAL-VERDE-e1600193401310.jpg\" alt=\"\" \/><\/td>\n<\/tr>\n<tr>\n<td>wastePoints<\/td>\n<td class=\"has-text-align-left\" data-align=\"left\">PUT<\/td>\n<td class=\"has-text-align-center\" data-align=\"center\">\u00a0<\/td>\n<td class=\"has-text-align-center\" data-align=\"center\"><img decoding=\"async\" src=\"http:\/\/www.intergate.net.br\/conector\/wp-content\/uploads\/2020\/09\/SINAL-VERDE-e1600193401310.jpg\" alt=\"\" \/><\/td>\n<\/tr>\n<\/tbody>\n<\/table>\n<figcaption><span class=\"has-inline-color has-accent-color\"><em>* <strong>Al\u00e9m desses servi\u00e7os, a mesAPI contempla todos os servi\u00e7os do API-base salesAPI<\/strong><\/em><\/span><br \/>** only SAP Business One for now<\/figcaption>\n<\/figure>\n\n<p><strong>Detalhes<\/strong><\/p>\n\n<p>Basic Auth, body request\/response: application\/json, pagina\u00e7\u00e3o, consulta incremental, monitoramento (usage, database), tratamento de campos custom, configur\u00e1vel por cliente, roadmap, etc.<\/p>\n\n<p><strong>Documenta\u00e7\u00e3o da API<\/strong><\/p>\n\n<p class=\"has-text-align-left has-normal-font-size\">Nossa p\u00e1gina de documenta\u00e7\u00e3o est\u00e1 exposta via <a href=\"http:\/\/www.intergate.net.br\/blog\/desenvolva-sua-api-com-postman\/\" target=\"_blank\" rel=\"noreferrer noopener\">Postman<\/a> e cont\u00e9m todas as informa\u00e7\u00f5es e atualiza\u00e7\u00f5es, com as melhores pr\u00e1ticas para automa\u00e7\u00f5es e desenvolvimento de APIs.<\/p>\n\n<div class=\"wp-block-button aligncenter is-style-fill\"><a class=\"wp-block-button__link has-accent-background-color has-background\" href=\"https:\/\/documenter.getpostman.com\/view\/8243187\/SVYkx1vD\" target=\"_blank\" rel=\"noreferrer noopener\">Veja nossa Documenta\u00e7\u00e3o POSTMAN <\/a><\/div>\n<div class=\"postman-run-button\" data-postman-action=\"collection\/import\" data-postman-var-1=\"058c8a8d3bb9bd960467\">\u00a0<\/div>\n<p><script type=\"text\/javascript\">\n  (function (p,o,s,t,m,a,n) {\n    !p[s] && (p[s] = function () { (p[t] || (p[t] = [])).push(arguments); });\n    !o.getElementById(s+t) && o.getElementsByTagName(\"head\")[0].appendChild((\n      (n = o.createElement(\"script\")),\n      (n.id = s+t), (n.async = 1), (n.src = m), n\n    ));\n  }(window, document, \"_pm\", \"PostmanRunObject\", \"https:\/\/run.pstmn.io\/button.js\"));\n<\/script><\/p>\n<hr class=\"wp-block-separator\" \/>\n<p><strong>Acesse nosso Blog e saiba mais..<\/strong><\/p>\n\n<ul class=\"wp-block-list\">\n<li><a href=\"http:\/\/www.intergate.net.br\/blog\/integracao-entre-o-chao-de-fabrica-e-o-erp\/\" target=\"_blank\" rel=\"noreferrer noopener\" aria-label=\" Integra\u00e7\u00e3o entre o Ch\u00e3o de F\u00e1brica e o ERP (abre num novo separador)\"> Integra\u00e7\u00e3o entre o Ch\u00e3o de F\u00e1brica e o ERP<\/a><\/li>\n<\/ul>\n\t\t\t\t\t\t\t\t<\/div>\n\t\t\t\t<\/div>\n\t\t\t\t\t<\/div>\n\t\t<\/div>\n\t\t\t\t\t<\/div>\n\t\t<\/section>\n\t\t\t\t<\/div>\n\t\t","protected":false},"excerpt":{"rendered":"<p>\u00a0 Destrave seu ERP com nossa mesAPI A API mesAPI \u00e9 uma API HTTP REST passiva e padronizada para acesso a dados do sistema de ERP (SAP Business One ou TOTVS Protheus), visando a integra\u00e7\u00e3o com plataformas de automa\u00e7\u00e3o de Ch\u00e3o de F\u00e1brica. A API mesAPI (SAP B1If 1.x) oferece os seguintes servi\u00e7os (v2.1)*: SERVI\u00c7OS&hellip;&nbsp;<a href=\"https:\/\/intergate.net.br\/conector\/mesapi\/\" rel=\"bookmark\">Ler mais &raquo;<span class=\"screen-reader-text\">mesAPI<\/span><\/a><\/p>\n","protected":false},"author":1,"featured_media":0,"parent":0,"menu_order":0,"comment_status":"closed","ping_status":"closed","template":"page-templates\/template-pagebuilder-full-width.php","meta":{"content-type":"","neve_meta_sidebar":"","neve_meta_container":"","neve_meta_enable_content_width":"","neve_meta_content_width":0,"neve_meta_title_alignment":"","neve_meta_author_avatar":"","neve_post_elements_order":"","neve_meta_disable_header":"","neve_meta_disable_footer":"","neve_meta_disable_title":"","footnotes":""},"class_list":["post-88","page","type-page","status-publish","hentry"],"yoast_head":"<!-- This site is optimized with the Yoast SEO plugin v27.4 - https:\/\/yoast.com\/product\/yoast-seo-wordpress\/ -->\n<title>mesAPI - Conectorgate<\/title>\n<meta name=\"description\" content=\"O conector mesAPI \u00e9 uma API para acesso a dados de ERPs (como SAP Business One e TOTVS Protheus), visando a integra\u00e7\u00e3o com ch\u00e3o de F\u00e1brica.\" \/>\n<meta name=\"robots\" content=\"index, follow, max-snippet:-1, max-image-preview:large, max-video-preview:-1\" \/>\n<link rel=\"canonical\" href=\"https:\/\/intergate.net.br\/conector\/mesapi\/\" \/>\n<meta name=\"twitter:card\" content=\"summary_large_image\" \/>\n<meta name=\"twitter:title\" content=\"mesAPI - Conectorgate\" \/>\n<meta name=\"twitter:description\" content=\"O conector mesAPI \u00e9 uma API para acesso a dados de ERPs (como SAP Business One e TOTVS Protheus), visando a integra\u00e7\u00e3o com ch\u00e3o de F\u00e1brica.\" \/>\n<meta name=\"twitter:image\" content=\"http:\/\/www.intergate.net.br\/conector\/wp-content\/uploads\/2020\/09\/mesNOVO.jpg\" \/>\n<meta name=\"twitter:label1\" content=\"Tempo estimado de leitura\" \/>\n\t<meta name=\"twitter:data1\" content=\"6 minutos\" \/>\n<script type=\"application\/ld+json\" class=\"yoast-schema-graph\">{\"@context\":\"https:\\\/\\\/schema.org\",\"@graph\":[{\"@type\":\"WebPage\",\"@id\":\"https:\\\/\\\/intergate.net.br\\\/conector\\\/mesapi\\\/\",\"url\":\"https:\\\/\\\/intergate.net.br\\\/conector\\\/mesapi\\\/\",\"name\":\"mesAPI - Conectorgate\",\"isPartOf\":{\"@id\":\"https:\\\/\\\/intergate.net.br\\\/conector\\\/#website\"},\"primaryImageOfPage\":{\"@id\":\"https:\\\/\\\/intergate.net.br\\\/conector\\\/mesapi\\\/#primaryimage\"},\"image\":{\"@id\":\"https:\\\/\\\/intergate.net.br\\\/conector\\\/mesapi\\\/#primaryimage\"},\"thumbnailUrl\":\"http:\\\/\\\/www.intergate.net.br\\\/conector\\\/wp-content\\\/uploads\\\/2020\\\/09\\\/mesNOVO.jpg\",\"datePublished\":\"2020-02-12T17:39:44+00:00\",\"dateModified\":\"2024-05-21T21:15:46+00:00\",\"description\":\"O conector mesAPI \u00e9 uma API para acesso a dados de ERPs (como SAP Business One e TOTVS Protheus), visando a integra\u00e7\u00e3o com ch\u00e3o de F\u00e1brica.\",\"breadcrumb\":{\"@id\":\"https:\\\/\\\/intergate.net.br\\\/conector\\\/mesapi\\\/#breadcrumb\"},\"inLanguage\":\"pt-PT\",\"potentialAction\":[{\"@type\":\"ReadAction\",\"target\":[\"https:\\\/\\\/intergate.net.br\\\/conector\\\/mesapi\\\/\"]}]},{\"@type\":\"ImageObject\",\"inLanguage\":\"pt-PT\",\"@id\":\"https:\\\/\\\/intergate.net.br\\\/conector\\\/mesapi\\\/#primaryimage\",\"url\":\"http:\\\/\\\/www.intergate.net.br\\\/conector\\\/wp-content\\\/uploads\\\/2020\\\/09\\\/mesNOVO.jpg\",\"contentUrl\":\"http:\\\/\\\/www.intergate.net.br\\\/conector\\\/wp-content\\\/uploads\\\/2020\\\/09\\\/mesNOVO.jpg\"},{\"@type\":\"BreadcrumbList\",\"@id\":\"https:\\\/\\\/intergate.net.br\\\/conector\\\/mesapi\\\/#breadcrumb\",\"itemListElement\":[{\"@type\":\"ListItem\",\"position\":1,\"name\":\"In\u00edcio\",\"item\":\"https:\\\/\\\/intergate.net.br\\\/conector\\\/\"},{\"@type\":\"ListItem\",\"position\":2,\"name\":\"mesAPI\"}]},{\"@type\":\"WebSite\",\"@id\":\"https:\\\/\\\/intergate.net.br\\\/conector\\\/#website\",\"url\":\"https:\\\/\\\/intergate.net.br\\\/conector\\\/\",\"name\":\"Conectorgate\",\"description\":\"Integra\u00e7\u00f5es SAP Business One e Totvs Protheus\",\"potentialAction\":[{\"@type\":\"SearchAction\",\"target\":{\"@type\":\"EntryPoint\",\"urlTemplate\":\"https:\\\/\\\/intergate.net.br\\\/conector\\\/?s={search_term_string}\"},\"query-input\":{\"@type\":\"PropertyValueSpecification\",\"valueRequired\":true,\"valueName\":\"search_term_string\"}}],\"inLanguage\":\"pt-PT\"}]}<\/script>\n<!-- \/ Yoast SEO plugin. -->","yoast_head_json":{"title":"mesAPI - Conectorgate","description":"O conector mesAPI \u00e9 uma API para acesso a dados de ERPs (como SAP Business One e TOTVS Protheus), visando a integra\u00e7\u00e3o com ch\u00e3o de F\u00e1brica.","robots":{"index":"index","follow":"follow","max-snippet":"max-snippet:-1","max-image-preview":"max-image-preview:large","max-video-preview":"max-video-preview:-1"},"canonical":"https:\/\/intergate.net.br\/conector\/mesapi\/","twitter_card":"summary_large_image","twitter_title":"mesAPI - Conectorgate","twitter_description":"O conector mesAPI \u00e9 uma API para acesso a dados de ERPs (como SAP Business One e TOTVS Protheus), visando a integra\u00e7\u00e3o com ch\u00e3o de F\u00e1brica.","twitter_image":"http:\/\/www.intergate.net.br\/conector\/wp-content\/uploads\/2020\/09\/mesNOVO.jpg","twitter_misc":{"Tempo estimado de leitura":"6 minutos"},"schema":{"@context":"https:\/\/schema.org","@graph":[{"@type":"WebPage","@id":"https:\/\/intergate.net.br\/conector\/mesapi\/","url":"https:\/\/intergate.net.br\/conector\/mesapi\/","name":"mesAPI - Conectorgate","isPartOf":{"@id":"https:\/\/intergate.net.br\/conector\/#website"},"primaryImageOfPage":{"@id":"https:\/\/intergate.net.br\/conector\/mesapi\/#primaryimage"},"image":{"@id":"https:\/\/intergate.net.br\/conector\/mesapi\/#primaryimage"},"thumbnailUrl":"http:\/\/www.intergate.net.br\/conector\/wp-content\/uploads\/2020\/09\/mesNOVO.jpg","datePublished":"2020-02-12T17:39:44+00:00","dateModified":"2024-05-21T21:15:46+00:00","description":"O conector mesAPI \u00e9 uma API para acesso a dados de ERPs (como SAP Business One e TOTVS Protheus), visando a integra\u00e7\u00e3o com ch\u00e3o de F\u00e1brica.","breadcrumb":{"@id":"https:\/\/intergate.net.br\/conector\/mesapi\/#breadcrumb"},"inLanguage":"pt-PT","potentialAction":[{"@type":"ReadAction","target":["https:\/\/intergate.net.br\/conector\/mesapi\/"]}]},{"@type":"ImageObject","inLanguage":"pt-PT","@id":"https:\/\/intergate.net.br\/conector\/mesapi\/#primaryimage","url":"http:\/\/www.intergate.net.br\/conector\/wp-content\/uploads\/2020\/09\/mesNOVO.jpg","contentUrl":"http:\/\/www.intergate.net.br\/conector\/wp-content\/uploads\/2020\/09\/mesNOVO.jpg"},{"@type":"BreadcrumbList","@id":"https:\/\/intergate.net.br\/conector\/mesapi\/#breadcrumb","itemListElement":[{"@type":"ListItem","position":1,"name":"In\u00edcio","item":"https:\/\/intergate.net.br\/conector\/"},{"@type":"ListItem","position":2,"name":"mesAPI"}]},{"@type":"WebSite","@id":"https:\/\/intergate.net.br\/conector\/#website","url":"https:\/\/intergate.net.br\/conector\/","name":"Conectorgate","description":"Integra\u00e7\u00f5es SAP Business One e Totvs Protheus","potentialAction":[{"@type":"SearchAction","target":{"@type":"EntryPoint","urlTemplate":"https:\/\/intergate.net.br\/conector\/?s={search_term_string}"},"query-input":{"@type":"PropertyValueSpecification","valueRequired":true,"valueName":"search_term_string"}}],"inLanguage":"pt-PT"}]}},"_links":{"self":[{"href":"https:\/\/intergate.net.br\/conector\/wp-json\/wp\/v2\/pages\/88","targetHints":{"allow":["GET"]}}],"collection":[{"href":"https:\/\/intergate.net.br\/conector\/wp-json\/wp\/v2\/pages"}],"about":[{"href":"https:\/\/intergate.net.br\/conector\/wp-json\/wp\/v2\/types\/page"}],"author":[{"embeddable":true,"href":"https:\/\/intergate.net.br\/conector\/wp-json\/wp\/v2\/users\/1"}],"replies":[{"embeddable":true,"href":"https:\/\/intergate.net.br\/conector\/wp-json\/wp\/v2\/comments?post=88"}],"version-history":[{"count":3,"href":"https:\/\/intergate.net.br\/conector\/wp-json\/wp\/v2\/pages\/88\/revisions"}],"predecessor-version":[{"id":5877,"href":"https:\/\/intergate.net.br\/conector\/wp-json\/wp\/v2\/pages\/88\/revisions\/5877"}],"wp:attachment":[{"href":"https:\/\/intergate.net.br\/conector\/wp-json\/wp\/v2\/media?parent=88"}],"curies":[{"name":"wp","href":"https:\/\/api.w.org\/{rel}","templated":true}]}}