{"id":880,"date":"2020-04-27T17:30:54","date_gmt":"2020-04-27T17:30:54","guid":{"rendered":"http:\/\/intergate.net.br\/conector\/?page_id=880"},"modified":"2024-03-11T16:46:37","modified_gmt":"2024-03-11T19:46:37","slug":"documentacao","status":"publish","type":"page","link":"https:\/\/intergate.net.br\/conector\/documentacao\/","title":{"rendered":"Help"},"content":{"rendered":"\t\t<div data-elementor-type=\"wp-page\" data-elementor-id=\"880\" class=\"elementor elementor-880\">\n\t\t\t\t\t\t<section class=\"elementor-section elementor-top-section elementor-element elementor-element-7e09edfd elementor-section-boxed elementor-section-height-default elementor-section-height-default\" data-id=\"7e09edfd\" data-element_type=\"section\" data-e-type=\"section\">\n\t\t\t\t\t\t<div class=\"elementor-container elementor-column-gap-default\">\n\t\t\t\t\t<div class=\"elementor-column elementor-col-100 elementor-top-column elementor-element elementor-element-2772d764\" data-id=\"2772d764\" data-element_type=\"column\" data-e-type=\"column\">\n\t\t\t<div class=\"elementor-widget-wrap elementor-element-populated\">\n\t\t\t\t\t\t<div class=\"elementor-element elementor-element-cfd1fc5 elementor-widget elementor-widget-text-editor\" data-id=\"cfd1fc5\" data-element_type=\"widget\" data-e-type=\"widget\" data-widget_type=\"text-editor.default\">\n\t\t\t\t<div class=\"elementor-widget-container\">\n\t\t\t\t\t\t\t\t\t<p><\/p>\n<p><strong>Os produtos ConectorGate possibilitam &#8220;destravar&#8221; seu ERP SAP Business One ou TOTVS Protheus<\/strong>, e facilmente ter acesso aos dados do ERP e integrar o ERP com sistemas especialistas, plataformas iPaaS ou at\u00e9 desenvolver portais web e aplica\u00e7\u00f5es mobile conectados ao seu ERP.<\/p>\n<p><\/p>\n<p>Nossa trilha de Help se divide nos 2 componentes do ConectorGate, a agente passivo e o agente ativo: API ConectorGate e RPA ConectorGate<\/p>\n<h3><span style=\"text-decoration: underline;\">API Conectorgate<\/span><\/h3>\n<p><\/p>\n<p><strong>A API ConectorGate \u00e9 uma API HTTP REST passiva desenvolvida para os ERP SAP Business One e TOTVS Protheus.<\/strong><\/p>\n<p><\/p>\n<p>Esta \u00e9 o primeiro de muitos diferenciais da API ConectorGate: ser multi-ERP. Isto significa que com a mesma requisi\u00e7\u00e3o de consulta ou de grava\u00e7\u00e3o voc\u00ea tem acesso aos dois maiores ERP do mercado brasileiro.<\/p>\n<p><\/p>\n<p><strong>Diferenciais que tornam a API ConectorGate \u00e9 melhor API para SAP Business ou TOTVS Protheus:<\/strong><\/p>\n<p><\/p>\n<ul class=\"wp-block-list\">\n<li style=\"list-style-type: none;\">\n<ul><\/ul>\n<\/li>\n<\/ul>\n<ul>\n<li style=\"list-style-type: none;\">\n<ul>\n<li>Multi database: SAP Business One (SQL e HANA), TOTVS Protheus (SQL e Oracle)<\/li>\n<\/ul>\n<\/li>\n<\/ul>\n<p><\/p>\n<ul>\n<li style=\"list-style-type: none;\">\n<ul>\n<li>Solu\u00e7\u00e3o fracamente acoplada<\/li>\n<\/ul>\n<\/li>\n<\/ul>\n<p><\/p>\n<ul>\n<li style=\"list-style-type: none;\">\n<ul>\n<li>Expans\u00e3o cont\u00ednua de servi\u00e7os (roadmap)<\/li>\n<\/ul>\n<\/li>\n<\/ul>\n<p><\/p>\n<ul>\n<li style=\"list-style-type: none;\">\n<ul>\n<li>Personaliz\u00e1vel via mapeamento de campos de usu\u00e1rio e campos padr\u00e3o n\u00e3o usados pela API<\/li>\n<\/ul>\n<\/li>\n<\/ul>\n<p><\/p>\n<ul>\n<li style=\"list-style-type: none;\">\n<ul>\n<li>Controle de acesso (Authorization: Basic Auth)<\/li>\n<\/ul>\n<\/li>\n<\/ul>\n<p><\/p>\n<ul>\n<li style=\"list-style-type: none;\">\n<ul>\n<li>Desenvolvimento padronizado e escal\u00e1vel, com utiliza\u00e7\u00e3o de microservi\u00e7os e melhores pr\u00e1ticas para APIs (pagina\u00e7\u00e3o, consulta incremental, nomenclatura camelCase, etc)<\/li>\n<\/ul>\n<\/li>\n<\/ul>\n<p><\/p>\n<ul>\n<li style=\"list-style-type: none;\">\n<ul>\n<li>Documenta\u00e7\u00e3o e collection das APIs dispon\u00edvel via Postman (plataforma de testes)<\/li>\n<\/ul>\n<\/li>\n<\/ul>\n<p><\/p>\n<ul>\n<li style=\"list-style-type: none;\">\n<ul>\n<li>Portal de Monitoramento web responsivo para equipe TI de utiliza\u00e7\u00e3o da API e de transa\u00e7\u00f5es no ERP<\/li>\n<\/ul>\n<\/li>\n<\/ul>\n<p><\/p>\n<ul>\n<li style=\"list-style-type: none;\">\n<ul>\n<li>Melhor ROI do mercado: Setup + SaaS<\/li>\n<\/ul>\n<\/li>\n<\/ul>\n<p><\/p>\n<p><\/p>\n<p>Saiba mais sobre a API ConectorGate: <a href=\"https:\/\/intergate.net.br\/conector\/2021\/07\/30\/help-api-conectorgate\/\">CLIQUE AQUI<\/a><\/p>\n<p><\/p>\n<h3><span style=\"text-decoration: underline;\">RPA Conectorgate<\/span><\/h3>\n<p><strong>O RPA Conectorgate s\u00e3o pacotes de automa\u00e7\u00e3o, espec\u00edficos por plataforma integrada.<\/strong><\/p>\n<p><\/p>\n<p>Normalmente em uma integra\u00e7\u00e3o de ERP com uma plataforma especialista temos envolvidos tr\u00eas agentes:<\/p>\n<p><\/p>\n<p><\/p>\t\t\t\t\t\t\t\t<\/div>\n\t\t\t\t<\/div>\n\t\t\t\t\t<\/div>\n\t\t<\/div>\n\t\t\t\t\t<\/div>\n\t\t<\/section>\n\t\t\t\t<section class=\"elementor-section elementor-top-section elementor-element elementor-element-9b9c0c5 elementor-section-boxed elementor-section-height-default elementor-section-height-default\" data-id=\"9b9c0c5\" data-element_type=\"section\" data-e-type=\"section\">\n\t\t\t\t\t\t<div class=\"elementor-container elementor-column-gap-wide\">\n\t\t\t\t\t<div class=\"elementor-column elementor-col-33 elementor-top-column elementor-element elementor-element-e79ce89\" data-id=\"e79ce89\" data-element_type=\"column\" data-e-type=\"column\" data-settings=\"{&quot;background_background&quot;:&quot;gradient&quot;}\">\n\t\t\t<div class=\"elementor-widget-wrap elementor-element-populated\">\n\t\t\t\t\t\t<div class=\"elementor-element elementor-element-2938668 elementor-widget elementor-widget-text-editor\" data-id=\"2938668\" data-element_type=\"widget\" data-e-type=\"widget\" data-widget_type=\"text-editor.default\">\n\t\t\t\t<div class=\"elementor-widget-container\">\n\t\t\t\t\t\t\t\t\t<p><span style=\"text-decoration: underline;\">ERP<\/span>: A<span style=\"font-size: 15pt; line-height: 107%; font-family: Arial, sans-serif; background: #f4f5f7;\">gente passivo, e exposto atrav\u00e9s da\u00a0<\/span><span style=\"font-size: 15pt; line-height: 107%; font-family: Arial, sans-serif; background: #f4f5f7;\">API ConetorGate<\/span><span style=\"font-size: 15pt; line-height: 107%; font-family: Arial, sans-serif; background: #f4f5f7;\">\u00a0via API HTTP (SAP Business One\/TOTVS Protheus)<\/span><\/p>\t\t\t\t\t\t\t\t<\/div>\n\t\t\t\t<\/div>\n\t\t\t\t\t<\/div>\n\t\t<\/div>\n\t\t\t\t<div class=\"elementor-column elementor-col-33 elementor-top-column elementor-element elementor-element-eae27b8\" data-id=\"eae27b8\" data-element_type=\"column\" data-e-type=\"column\" data-settings=\"{&quot;background_background&quot;:&quot;gradient&quot;}\">\n\t\t\t<div class=\"elementor-widget-wrap elementor-element-populated\">\n\t\t\t\t\t\t<div class=\"elementor-element elementor-element-26a8f56 elementor-widget elementor-widget-text-editor\" data-id=\"26a8f56\" data-element_type=\"widget\" data-e-type=\"widget\" data-widget_type=\"text-editor.default\">\n\t\t\t\t<div class=\"elementor-widget-container\">\n\t\t\t\t\t\t\t\t\t<p><span style=\"text-decoration: underline;\">RPA<\/span>: Agente ativo, respons\u00e1vel por sincronizar objetos de neg\u00f3cio entre o ERP e a Plataforma Especialista\u00a0<\/p>\t\t\t\t\t\t\t\t<\/div>\n\t\t\t\t<\/div>\n\t\t\t\t\t<\/div>\n\t\t<\/div>\n\t\t\t\t<div class=\"elementor-column elementor-col-33 elementor-top-column elementor-element elementor-element-bbecaed\" data-id=\"bbecaed\" data-element_type=\"column\" data-e-type=\"column\" data-settings=\"{&quot;background_background&quot;:&quot;gradient&quot;}\">\n\t\t\t<div class=\"elementor-widget-wrap elementor-element-populated\">\n\t\t\t\t\t\t<div class=\"elementor-element elementor-element-48308ea elementor-widget elementor-widget-text-editor\" data-id=\"48308ea\" data-element_type=\"widget\" data-e-type=\"widget\" data-widget_type=\"text-editor.default\">\n\t\t\t\t<div class=\"elementor-widget-container\">\n\t\t\t\t\t\t\t\t\t<p><span style=\"text-decoration: underline;\">Plataforma Especialista<\/span>: Agente normalmente passivo, geralmente possuindo uma API HTTP (ou outro protocolo de comunica\u00e7\u00e3o de dados)<\/p>\t\t\t\t\t\t\t\t<\/div>\n\t\t\t\t<\/div>\n\t\t\t\t\t<\/div>\n\t\t<\/div>\n\t\t\t\t\t<\/div>\n\t\t<\/section>\n\t\t\t\t<section class=\"elementor-section elementor-top-section elementor-element elementor-element-06f1f20 elementor-section-boxed elementor-section-height-default elementor-section-height-default\" data-id=\"06f1f20\" data-element_type=\"section\" data-e-type=\"section\">\n\t\t\t\t\t\t<div class=\"elementor-container elementor-column-gap-default\">\n\t\t\t\t\t<div class=\"elementor-column elementor-col-100 elementor-top-column elementor-element elementor-element-68528d3\" data-id=\"68528d3\" data-element_type=\"column\" data-e-type=\"column\">\n\t\t\t<div class=\"elementor-widget-wrap elementor-element-populated\">\n\t\t\t\t\t\t<div class=\"elementor-element elementor-element-0d5023f elementor-widget elementor-widget-text-editor\" data-id=\"0d5023f\" data-element_type=\"widget\" data-e-type=\"widget\" data-widget_type=\"text-editor.default\">\n\t\t\t\t<div class=\"elementor-widget-container\">\n\t\t\t\t\t\t\t\t\t<p>Como exemplo de um RPA ConectorGate, podemos verificar a Arquitetura envolvida na integra\u00e7\u00e3o padr\u00e3o de SAP Business One com Ecommerce. Para este cen\u00e1rio temos RPA ConectorGate &#8220;plug-in-play&#8221; para VTEX, Shopify, Flexy, TrayCorp, Magento, WooCommerce e outros.<\/p>\t\t\t\t\t\t\t\t<\/div>\n\t\t\t\t<\/div>\n\t\t\t\t\t<\/div>\n\t\t<\/div>\n\t\t\t\t\t<\/div>\n\t\t<\/section>\n\t\t\t\t<section class=\"elementor-section elementor-top-section elementor-element elementor-element-2d66db7 elementor-section-boxed elementor-section-height-default elementor-section-height-default\" data-id=\"2d66db7\" data-element_type=\"section\" data-e-type=\"section\">\n\t\t\t\t\t\t<div class=\"elementor-container elementor-column-gap-default\">\n\t\t\t\t\t<div class=\"elementor-column elementor-col-100 elementor-top-column elementor-element elementor-element-b575869\" data-id=\"b575869\" data-element_type=\"column\" data-e-type=\"column\">\n\t\t\t<div class=\"elementor-widget-wrap elementor-element-populated\">\n\t\t\t\t\t\t<div class=\"elementor-element elementor-element-07661da elementor-widget elementor-widget-image\" data-id=\"07661da\" data-element_type=\"widget\" data-e-type=\"widget\" data-widget_type=\"image.default\">\n\t\t\t\t<div class=\"elementor-widget-container\">\n\t\t\t\t\t\t\t\t\t\t\t\t\t\t\t<img fetchpriority=\"high\" decoding=\"async\" width=\"590\" height=\"331\" src=\"https:\/\/intergate.net.br\/conector\/wp-content\/uploads\/2024\/03\/ecom.jpg\" class=\"attachment-large size-large wp-image-5660\" alt=\"\" srcset=\"https:\/\/intergate.net.br\/conector\/wp-content\/uploads\/2024\/03\/ecom.jpg 590w, https:\/\/intergate.net.br\/conector\/wp-content\/uploads\/2024\/03\/ecom-300x168.jpg 300w\" sizes=\"(max-width: 590px) 100vw, 590px\" \/>\t\t\t\t\t\t\t\t\t\t\t\t\t\t\t<\/div>\n\t\t\t\t<\/div>\n\t\t\t\t<div class=\"elementor-element elementor-element-c9e9665 elementor-widget elementor-widget-text-editor\" data-id=\"c9e9665\" data-element_type=\"widget\" data-e-type=\"widget\" data-widget_type=\"text-editor.default\">\n\t\t\t\t<div class=\"elementor-widget-container\">\n\t\t\t\t\t\t\t\t\t<p class=\"MsoNormal\"><em><span style=\"font-family: 'Aptos',sans-serif; mso-ascii-theme-font: minor-latin; mso-hansi-theme-font: minor-latin; mso-bidi-font-family: 'Times New Roman'; mso-bidi-theme-font: minor-bidi;\">Arquitetura padr\u00e3o de integra\u00e7\u00e3o entre ERP SAP Business One e Ecommerce, usando API ConectorGate e RPA ConectorGate<\/span><\/em><\/p>\n<p class=\"MsoNormal\">Saiba mais sobre a RPA ConectorGate: <a href=\"https:\/\/intergate.net.br\/conector\/2021\/07\/30\/help-rpa-conectorgate\/\">CLIQUE AQUI<\/a><\/p>\t\t\t\t\t\t\t\t<\/div>\n\t\t\t\t<\/div>\n\t\t\t\t\t<\/div>\n\t\t<\/div>\n\t\t\t\t\t<\/div>\n\t\t<\/section>\n\t\t\t\t<\/div>\n\t\t","protected":false},"excerpt":{"rendered":"<p>Os produtos ConectorGate possibilitam &#8220;destravar&#8221; seu ERP SAP Business One ou TOTVS Protheus, e facilmente ter acesso aos dados do ERP e integrar o ERP com sistemas especialistas, plataformas iPaaS ou at\u00e9 desenvolver portais web e aplica\u00e7\u00f5es mobile conectados ao seu ERP. Nossa trilha de Help se divide nos 2 componentes do ConectorGate, a agente&hellip;&nbsp;<a href=\"https:\/\/intergate.net.br\/conector\/documentacao\/\" rel=\"bookmark\">Ler mais &raquo;<span class=\"screen-reader-text\">Help<\/span><\/a><\/p>\n","protected":false},"author":1,"featured_media":0,"parent":0,"menu_order":0,"comment_status":"closed","ping_status":"closed","template":"page-templates\/template-pagebuilder-full-width.php","meta":{"content-type":"","neve_meta_sidebar":"","neve_meta_container":"","neve_meta_enable_content_width":"","neve_meta_content_width":0,"neve_meta_title_alignment":"","neve_meta_author_avatar":"","neve_post_elements_order":"","neve_meta_disable_header":"","neve_meta_disable_footer":"","neve_meta_disable_title":"","footnotes":""},"class_list":["post-880","page","type-page","status-publish","hentry"],"yoast_head":"<!-- This site is optimized with the Yoast SEO plugin v27.6 - https:\/\/yoast.com\/product\/yoast-seo-wordpress\/ -->\n<title>Help - Conectorgate<\/title>\n<meta name=\"description\" content=\"Documenta\u00e7a\u00f5 e toda informa\u00e7\u00e3o sobre ConectorGATE, hub de integra\u00e7\u00e3o para SAP Business One e Totvs Protheus\" \/>\n<meta name=\"robots\" content=\"index, follow, max-snippet:-1, max-image-preview:large, max-video-preview:-1\" \/>\n<link rel=\"canonical\" href=\"https:\/\/intergate.net.br\/conector\/documentacao\/\" \/>\n<meta name=\"twitter:card\" content=\"summary_large_image\" \/>\n<meta name=\"twitter:title\" content=\"Help - Conectorgate\" \/>\n<meta name=\"twitter:description\" content=\"Documenta\u00e7a\u00f5 e toda informa\u00e7\u00e3o sobre ConectorGATE, hub de integra\u00e7\u00e3o para SAP Business One e Totvs Protheus\" \/>\n<meta name=\"twitter:image\" content=\"https:\/\/intergate.net.br\/conector\/wp-content\/uploads\/2024\/03\/ecom.jpg\" \/>\n<meta name=\"twitter:label1\" content=\"Tempo estimado de leitura\" \/>\n\t<meta name=\"twitter:data1\" content=\"3 minutos\" \/>\n<script type=\"application\/ld+json\" class=\"yoast-schema-graph\">{\"@context\":\"https:\\\/\\\/schema.org\",\"@graph\":[{\"@type\":\"WebPage\",\"@id\":\"https:\\\/\\\/intergate.net.br\\\/conector\\\/documentacao\\\/\",\"url\":\"https:\\\/\\\/intergate.net.br\\\/conector\\\/documentacao\\\/\",\"name\":\"Help - Conectorgate\",\"isPartOf\":{\"@id\":\"https:\\\/\\\/intergate.net.br\\\/conector\\\/#website\"},\"primaryImageOfPage\":{\"@id\":\"https:\\\/\\\/intergate.net.br\\\/conector\\\/documentacao\\\/#primaryimage\"},\"image\":{\"@id\":\"https:\\\/\\\/intergate.net.br\\\/conector\\\/documentacao\\\/#primaryimage\"},\"thumbnailUrl\":\"https:\\\/\\\/intergate.net.br\\\/conector\\\/wp-content\\\/uploads\\\/2024\\\/03\\\/ecom.jpg\",\"datePublished\":\"2020-04-27T17:30:54+00:00\",\"dateModified\":\"2024-03-11T19:46:37+00:00\",\"description\":\"Documenta\u00e7a\u00f5 e toda informa\u00e7\u00e3o sobre ConectorGATE, hub de integra\u00e7\u00e3o para SAP Business One e Totvs Protheus\",\"breadcrumb\":{\"@id\":\"https:\\\/\\\/intergate.net.br\\\/conector\\\/documentacao\\\/#breadcrumb\"},\"inLanguage\":\"pt-PT\",\"potentialAction\":[{\"@type\":\"ReadAction\",\"target\":[\"https:\\\/\\\/intergate.net.br\\\/conector\\\/documentacao\\\/\"]}]},{\"@type\":\"ImageObject\",\"inLanguage\":\"pt-PT\",\"@id\":\"https:\\\/\\\/intergate.net.br\\\/conector\\\/documentacao\\\/#primaryimage\",\"url\":\"https:\\\/\\\/intergate.net.br\\\/conector\\\/wp-content\\\/uploads\\\/2024\\\/03\\\/ecom.jpg\",\"contentUrl\":\"https:\\\/\\\/intergate.net.br\\\/conector\\\/wp-content\\\/uploads\\\/2024\\\/03\\\/ecom.jpg\",\"width\":590,\"height\":331},{\"@type\":\"BreadcrumbList\",\"@id\":\"https:\\\/\\\/intergate.net.br\\\/conector\\\/documentacao\\\/#breadcrumb\",\"itemListElement\":[{\"@type\":\"ListItem\",\"position\":1,\"name\":\"In\u00edcio\",\"item\":\"https:\\\/\\\/intergate.net.br\\\/conector\\\/\"},{\"@type\":\"ListItem\",\"position\":2,\"name\":\"Help\"}]},{\"@type\":\"WebSite\",\"@id\":\"https:\\\/\\\/intergate.net.br\\\/conector\\\/#website\",\"url\":\"https:\\\/\\\/intergate.net.br\\\/conector\\\/\",\"name\":\"Conectorgate\",\"description\":\"Integra\u00e7\u00f5es SAP Business One e Totvs Protheus\",\"potentialAction\":[{\"@type\":\"SearchAction\",\"target\":{\"@type\":\"EntryPoint\",\"urlTemplate\":\"https:\\\/\\\/intergate.net.br\\\/conector\\\/?s={search_term_string}\"},\"query-input\":{\"@type\":\"PropertyValueSpecification\",\"valueRequired\":true,\"valueName\":\"search_term_string\"}}],\"inLanguage\":\"pt-PT\"}]}<\/script>\n<!-- \/ Yoast SEO plugin. -->","yoast_head_json":{"title":"Help - Conectorgate","description":"Documenta\u00e7a\u00f5 e toda informa\u00e7\u00e3o sobre ConectorGATE, hub de integra\u00e7\u00e3o para SAP Business One e Totvs Protheus","robots":{"index":"index","follow":"follow","max-snippet":"max-snippet:-1","max-image-preview":"max-image-preview:large","max-video-preview":"max-video-preview:-1"},"canonical":"https:\/\/intergate.net.br\/conector\/documentacao\/","twitter_card":"summary_large_image","twitter_title":"Help - Conectorgate","twitter_description":"Documenta\u00e7a\u00f5 e toda informa\u00e7\u00e3o sobre ConectorGATE, hub de integra\u00e7\u00e3o para SAP Business One e Totvs Protheus","twitter_image":"https:\/\/intergate.net.br\/conector\/wp-content\/uploads\/2024\/03\/ecom.jpg","twitter_misc":{"Tempo estimado de leitura":"3 minutos"},"schema":{"@context":"https:\/\/schema.org","@graph":[{"@type":"WebPage","@id":"https:\/\/intergate.net.br\/conector\/documentacao\/","url":"https:\/\/intergate.net.br\/conector\/documentacao\/","name":"Help - Conectorgate","isPartOf":{"@id":"https:\/\/intergate.net.br\/conector\/#website"},"primaryImageOfPage":{"@id":"https:\/\/intergate.net.br\/conector\/documentacao\/#primaryimage"},"image":{"@id":"https:\/\/intergate.net.br\/conector\/documentacao\/#primaryimage"},"thumbnailUrl":"https:\/\/intergate.net.br\/conector\/wp-content\/uploads\/2024\/03\/ecom.jpg","datePublished":"2020-04-27T17:30:54+00:00","dateModified":"2024-03-11T19:46:37+00:00","description":"Documenta\u00e7a\u00f5 e toda informa\u00e7\u00e3o sobre ConectorGATE, hub de integra\u00e7\u00e3o para SAP Business One e Totvs Protheus","breadcrumb":{"@id":"https:\/\/intergate.net.br\/conector\/documentacao\/#breadcrumb"},"inLanguage":"pt-PT","potentialAction":[{"@type":"ReadAction","target":["https:\/\/intergate.net.br\/conector\/documentacao\/"]}]},{"@type":"ImageObject","inLanguage":"pt-PT","@id":"https:\/\/intergate.net.br\/conector\/documentacao\/#primaryimage","url":"https:\/\/intergate.net.br\/conector\/wp-content\/uploads\/2024\/03\/ecom.jpg","contentUrl":"https:\/\/intergate.net.br\/conector\/wp-content\/uploads\/2024\/03\/ecom.jpg","width":590,"height":331},{"@type":"BreadcrumbList","@id":"https:\/\/intergate.net.br\/conector\/documentacao\/#breadcrumb","itemListElement":[{"@type":"ListItem","position":1,"name":"In\u00edcio","item":"https:\/\/intergate.net.br\/conector\/"},{"@type":"ListItem","position":2,"name":"Help"}]},{"@type":"WebSite","@id":"https:\/\/intergate.net.br\/conector\/#website","url":"https:\/\/intergate.net.br\/conector\/","name":"Conectorgate","description":"Integra\u00e7\u00f5es SAP Business One e Totvs Protheus","potentialAction":[{"@type":"SearchAction","target":{"@type":"EntryPoint","urlTemplate":"https:\/\/intergate.net.br\/conector\/?s={search_term_string}"},"query-input":{"@type":"PropertyValueSpecification","valueRequired":true,"valueName":"search_term_string"}}],"inLanguage":"pt-PT"}]}},"_links":{"self":[{"href":"https:\/\/intergate.net.br\/conector\/wp-json\/wp\/v2\/pages\/880","targetHints":{"allow":["GET"]}}],"collection":[{"href":"https:\/\/intergate.net.br\/conector\/wp-json\/wp\/v2\/pages"}],"about":[{"href":"https:\/\/intergate.net.br\/conector\/wp-json\/wp\/v2\/types\/page"}],"author":[{"embeddable":true,"href":"https:\/\/intergate.net.br\/conector\/wp-json\/wp\/v2\/users\/1"}],"replies":[{"embeddable":true,"href":"https:\/\/intergate.net.br\/conector\/wp-json\/wp\/v2\/comments?post=880"}],"version-history":[{"count":27,"href":"https:\/\/intergate.net.br\/conector\/wp-json\/wp\/v2\/pages\/880\/revisions"}],"predecessor-version":[{"id":5685,"href":"https:\/\/intergate.net.br\/conector\/wp-json\/wp\/v2\/pages\/880\/revisions\/5685"}],"wp:attachment":[{"href":"https:\/\/intergate.net.br\/conector\/wp-json\/wp\/v2\/media?parent=880"}],"curies":[{"name":"wp","href":"https:\/\/api.w.org\/{rel}","templated":true}]}}