{"id":89,"date":"2020-02-12T17:39:44","date_gmt":"2020-02-12T17:39:44","guid":{"rendered":"http:\/\/intergate.net.br\/conector\/?page_id=89"},"modified":"2024-05-21T18:18:13","modified_gmt":"2024-05-21T21:18:13","slug":"finapi","status":"publish","type":"page","link":"https:\/\/intergate.net.br\/conector\/finapi\/","title":{"rendered":"finAPI"},"content":{"rendered":"\t\t<div data-elementor-type=\"wp-page\" data-elementor-id=\"89\" class=\"elementor elementor-89\">\n\t\t\t\t\t\t<section class=\"elementor-section elementor-top-section elementor-element elementor-element-9e82877 elementor-section-boxed elementor-section-height-default elementor-section-height-default\" data-id=\"9e82877\" data-element_type=\"section\" data-e-type=\"section\">\n\t\t\t\t\t\t<div class=\"elementor-container elementor-column-gap-default\">\n\t\t\t\t\t<div class=\"elementor-column elementor-col-100 elementor-top-column elementor-element elementor-element-0820170\" data-id=\"0820170\" data-element_type=\"column\" data-e-type=\"column\">\n\t\t\t<div class=\"elementor-widget-wrap elementor-element-populated\">\n\t\t\t\t\t\t<div class=\"elementor-element elementor-element-27255ff elementor-widget elementor-widget-spacer\" data-id=\"27255ff\" data-element_type=\"widget\" data-e-type=\"widget\" data-widget_type=\"spacer.default\">\n\t\t\t\t<div class=\"elementor-widget-container\">\n\t\t\t\t\t\t\t<div class=\"elementor-spacer\">\n\t\t\t<div class=\"elementor-spacer-inner\"><\/div>\n\t\t<\/div>\n\t\t\t\t\t\t<\/div>\n\t\t\t\t<\/div>\n\t\t\t\t\t<\/div>\n\t\t<\/div>\n\t\t\t\t\t<\/div>\n\t\t<\/section>\n\t\t\t\t<section class=\"elementor-section elementor-top-section elementor-element elementor-element-49d09942 elementor-section-boxed elementor-section-height-default elementor-section-height-default\" data-id=\"49d09942\" data-element_type=\"section\" data-e-type=\"section\">\n\t\t\t\t\t\t<div class=\"elementor-container elementor-column-gap-default\">\n\t\t\t\t\t<div class=\"elementor-column elementor-col-100 elementor-top-column elementor-element elementor-element-39093890\" data-id=\"39093890\" data-element_type=\"column\" data-e-type=\"column\">\n\t\t\t<div class=\"elementor-widget-wrap elementor-element-populated\">\n\t\t\t\t\t\t<div class=\"elementor-element elementor-element-199e2e69 elementor-widget elementor-widget-text-editor\" data-id=\"199e2e69\" data-element_type=\"widget\" data-e-type=\"widget\" data-widget_type=\"text-editor.default\">\n\t\t\t\t<div class=\"elementor-widget-container\">\n\t\t\t\t\t\t\t\t\t\n<p>\u00a0<\/p>\n<div class=\"wp-block-image is-style-default\">\n<figure class=\"aligncenter size-large\"><a href=\"http:\/\/www.intergate.net.br\/conector\/wp-content\/uploads\/2020\/09\/finAPI.png\" target=\"_blank\" rel=\"noopener noreferrer\"><img fetchpriority=\"high\" decoding=\"async\" width=\"590\" height=\"331\" class=\"wp-image-1103\" src=\"http:\/\/www.intergate.net.br\/conector\/wp-content\/uploads\/2020\/09\/finAPI.png\" alt=\"O conector finAPI \u00e9 uma API REST passiva e padronizada para acesso a dados de ERPs (como SAP Business One e TOTVS Protheus), visando a integra\u00e7\u00e3o com sistemas financeiros e cont\u00e1beis\" srcset=\"https:\/\/intergate.net.br\/conector\/wp-content\/uploads\/2020\/09\/finAPI.png 590w, https:\/\/intergate.net.br\/conector\/wp-content\/uploads\/2020\/09\/finAPI-300x168.png 300w\" sizes=\"(max-width: 590px) 100vw, 590px\" \/><\/a><\/figure>\n<\/div>\n\n<h2 class=\"wp-block-heading\">\u00a0<\/h2>\n<h2><em>Destrave seu ERP com nossa finAPI <\/em><\/h2>\n\n<p>A API <strong>finAPI<a href=\"http:\/\/www.intergate.net.br\/blog\/integracao-erp-e-ecommerce\/?__hstc=183024505.94f9b4032077fe2e4800395082fff116.1573219380430.1582136593016.1582138974612.64&amp;__hssc=183024505.26.1582138974612&amp;__hsfp=2626539632\">\u00a0<\/a><\/strong>\u00e9 uma API HTTP REST passiva e padronizada para acesso a dados de ERP (como SAP Business One ou TOTVS Protheus), visando a <strong>integra\u00e7\u00e3o com sistemas financeiros e cont\u00e1beis<\/strong>.<\/p>\n<p><br \/><strong>A API finAPI <strong>(<strong>SAP B1If<\/strong><\/strong> <strong>1.x)<\/strong><\/strong> <strong>oferece os seguintes servi\u00e7os (v2.1)<\/strong>*:<\/p>\n<figure class=\"wp-block-table is-style-stripes\">\n<p>\u00a0<\/p>\n<table>\n<thead>\n<tr>\n<th><strong>SERVI\u00c7OS<\/strong><\/th>\n<th><strong>M\u00c9TODOS<\/strong><\/th>\n<th class=\"has-text-align-center\" data-align=\"center\"><img decoding=\"async\" src=\"http:\/\/www.intergate.net.br\/conector\/wp-content\/uploads\/2020\/09\/logo-sap-e1600196221147.png\" alt=\"\" \/><\/th>\n<th class=\"has-text-align-center\" data-align=\"center\"><img decoding=\"async\" src=\"http:\/\/www.intergate.net.br\/conector\/wp-content\/uploads\/2020\/09\/totvs_novo-1.jpg\" alt=\"\" \/><\/th>\n<\/tr>\n<\/thead>\n<tbody>\n<tr>\n<td>chartAccounts<\/td>\n<td>GET<\/td>\n<td class=\"has-text-align-center\" data-align=\"center\"><img decoding=\"async\" src=\"http:\/\/www.intergate.net.br\/conector\/wp-content\/uploads\/2020\/09\/SINAL-VERDE-e1600193401310.jpg\" alt=\"\" \/><\/td>\n<td class=\"has-text-align-center\" data-align=\"center\"><img decoding=\"async\" src=\"http:\/\/www.intergate.net.br\/conector\/wp-content\/uploads\/2020\/09\/SINAL-VERDE-e1600193401310.jpg\" alt=\"\" \/><\/td>\n<\/tr>\n<tr>\n<td>bankAccounts<\/td>\n<td>GET<\/td>\n<td class=\"has-text-align-center\" data-align=\"center\"><img decoding=\"async\" src=\"http:\/\/www.intergate.net.br\/conector\/wp-content\/uploads\/2020\/09\/SINAL-VERDE-e1600193401310.jpg\" alt=\"\" \/><\/td>\n<td class=\"has-text-align-center\" data-align=\"center\"><img decoding=\"async\" src=\"http:\/\/www.intergate.net.br\/conector\/wp-content\/uploads\/2020\/09\/SINAL-VERDE-e1600193401310.jpg\" alt=\"\" \/><\/td>\n<\/tr>\n<tr>\n<td>journalEntries<\/td>\n<td>GET<\/td>\n<td class=\"has-text-align-center\" data-align=\"center\"><img decoding=\"async\" style=\"width: 30px;\" src=\"http:\/\/www.intergate.net.br\/conector\/wp-content\/uploads\/2020\/09\/SINAL-VERDE-e1600193401310.jpg\" alt=\"\" \/><\/td>\n<td class=\"has-text-align-center\" data-align=\"center\"><img decoding=\"async\" src=\"http:\/\/www.intergate.net.br\/conector\/wp-content\/uploads\/2020\/09\/SINAL-VERDE-e1600193401310.jpg\" alt=\"\" \/><\/td>\n<\/tr>\n<tr>\n<td>bankMovements<\/td>\n<td>GET<\/td>\n<td class=\"has-text-align-center\" data-align=\"center\"><img decoding=\"async\" src=\"http:\/\/www.intergate.net.br\/conector\/wp-content\/uploads\/2020\/09\/SINAL-VERDE-e1600193401310.jpg\" alt=\"\" \/><\/td>\n<td class=\"has-text-align-center\" data-align=\"center\"><img decoding=\"async\" src=\"http:\/\/www.intergate.net.br\/conector\/wp-content\/uploads\/2020\/09\/SINAL-VERDE-e1600193401310.jpg\" alt=\"\" \/><\/td>\n<\/tr>\n<tr>\n<td>financialDeposits<\/td>\n<td>GET<\/td>\n<td class=\"has-text-align-center\" data-align=\"center\"><img decoding=\"async\" src=\"http:\/\/www.intergate.net.br\/conector\/wp-content\/uploads\/2020\/09\/SINAL-VERDE-e1600193401310.jpg\" alt=\"\" \/><\/td>\n<td class=\"has-text-align-center\" data-align=\"center\">&#8211;<\/td>\n<\/tr>\n<tr>\n<td>billOfExchanges<\/td>\n<td>GET<\/td>\n<td class=\"has-text-align-center\" data-align=\"center\"><img decoding=\"async\" src=\"http:\/\/www.intergate.net.br\/conector\/wp-content\/uploads\/2020\/09\/SINAL-VERDE-e1600193401310.jpg\" alt=\"\" \/><\/td>\n<td class=\"has-text-align-center\" data-align=\"center\"><img decoding=\"async\" src=\"http:\/\/www.intergate.net.br\/conector\/wp-content\/uploads\/2020\/09\/SINAL-VERDE-e1600193401310.jpg\" alt=\"\" \/><\/td>\n<\/tr>\n<tr>\n<td>checks<\/td>\n<td>GET<\/td>\n<td class=\"has-text-align-center\" data-align=\"center\"><img decoding=\"async\" src=\"http:\/\/www.intergate.net.br\/conector\/wp-content\/uploads\/2020\/09\/SINAL-VERDE-e1600193401310.jpg\" alt=\"\" \/><\/td>\n<td class=\"has-text-align-center\" data-align=\"center\"><img decoding=\"async\" src=\"http:\/\/www.intergate.net.br\/conector\/wp-content\/uploads\/2020\/09\/SINAL-VERDE-e1600193401310.jpg\" alt=\"\" \/><\/td>\n<\/tr>\n<\/tbody>\n<\/table>\n<figcaption><em>* <strong>Al\u00e9m desses servi\u00e7os, a finAPI contempla todos os servi\u00e7os do API-base salesAPI<\/strong><\/em><\/figcaption>\n<\/figure>\n<p><br \/><strong>Detalhes<\/strong><\/p>\n<p>Basic Auth, body request\/response: application\/json, pagina\u00e7\u00e3o, consulta incremental, monitoramento (usage, database), tratamento de campos custom, roadmap, configur\u00e1vel por cliente, etc.<\/p>\n<p><br \/><strong>Documenta\u00e7\u00e3o da API<\/strong><\/p>\n<p>Nossa p\u00e1gina de documenta\u00e7\u00e3o est\u00e1 exposta via <a href=\"http:\/\/www.intergate.net.br\/blog\/desenvolva-sua-api-com-postman\/\" target=\"_blank\" rel=\"noreferrer noopener\">Postman<\/a> e cont\u00e9m todas as informa\u00e7\u00f5es e atualiza\u00e7\u00f5es, com as melhores pr\u00e1ticas para automa\u00e7\u00f5es e desenvolvimentos usando APIs.<\/p>\n<p><br \/><!-- \/wp:paragraph --><br \/><!-- wp:button {\"backgroundColor\":\"accent\",\"align\":\"center\",\"className\":\"is-style-fill\"} --><a class=\"wp-block-button__link has-accent-background-color has-background\" href=\"https:\/\/documenter.getpostman.com\/view\/8243187\/TVKFzbno\" target=\"_blank\" rel=\"noreferrer noopener\">Veja nossa Documenta\u00e7\u00e3o POSTMAN <\/a><\/p>\n<p><script type=\"text\/javascript\"><br>  (function (p,o,s,t,m,a,n) {<br>    !p[s] && (p[s] = function () { (p[t] || (p[t] = [])).push(arguments); });<br>    !o.getElementById(s+t) && o.getElementsByTagName(\"head\")[0].appendChild((<br>      (n = o.createElement(\"script\")),<br>      (n.id = s+t), (n.async = 1), (n.src = m), n<br>    ));<br>  }(window, document, \"_pm\", \"PostmanRunObject\", \"https:\/\/run.pstmn.io\/button.js\"));<br><\/script><\/p>\n<p><strong>Acesse nosso Blog e saiba mais&#8230;<\/strong><\/p>\n<p><br \/><!-- wp:list --><\/p>\n<ul>\n<li><a href=\"http:\/\/www.intergate.net.br\/blog\/franchise-one-api-integracao-de-processos-comerciais-complexos-com-sap-business-one\/\">FranchiseOne API \u2013 Integra\u00e7\u00e3o de Processos Comerciais Complexos com SAP Business One<\/a><\/li>\n<li><a href=\"http:\/\/www.intergate.net.br\/blog\/como-analisar-vcr-negativo-no-historico-do-imobilizado-no-sap-business-one\/\" target=\"_blank\" rel=\"noreferrer noopener\">Como analisar VCR negativo na Folha Hist\u00f3rico do Imobilizado no SAP Business One<\/a><\/li>\n<li><a href=\"http:\/\/www.intergate.net.br\/blog\/entradas-de-pagamento-totalmente-transparentes-para-reconciliacoes-com-o-sap-business-one\/\" target=\"_blank\" rel=\"noreferrer noopener\">Entradas de pagamento totalmente transparentes para reconcilia\u00e7\u00f5es com o SAP Business One<\/a><\/li>\n<\/ul>\n<p><br \/><!-- \/wp:list --><\/p>\t\t\t\t\t\t\t\t<\/div>\n\t\t\t\t<\/div>\n\t\t\t\t\t<\/div>\n\t\t<\/div>\n\t\t\t\t\t<\/div>\n\t\t<\/section>\n\t\t\t\t<\/div>\n\t\t","protected":false},"excerpt":{"rendered":"<p>\u00a0 Destrave seu ERP com nossa finAPI A API finAPI\u00a0\u00e9 uma API HTTP REST passiva e padronizada para acesso a dados de ERP (como SAP Business One ou TOTVS Protheus), visando a integra\u00e7\u00e3o com sistemas financeiros e cont\u00e1beis. A API finAPI (SAP B1If 1.x) oferece os seguintes servi\u00e7os (v2.1)*: \u00a0 SERVI\u00c7OS M\u00c9TODOS chartAccounts GET bankAccounts&hellip;&nbsp;<a href=\"https:\/\/intergate.net.br\/conector\/finapi\/\" rel=\"bookmark\">Ler mais &raquo;<span class=\"screen-reader-text\">finAPI<\/span><\/a><\/p>\n","protected":false},"author":1,"featured_media":0,"parent":0,"menu_order":0,"comment_status":"closed","ping_status":"closed","template":"page-templates\/template-pagebuilder-full-width.php","meta":{"content-type":"","neve_meta_sidebar":"","neve_meta_container":"","neve_meta_enable_content_width":"","neve_meta_content_width":0,"neve_meta_title_alignment":"","neve_meta_author_avatar":"","neve_post_elements_order":"","neve_meta_disable_header":"","neve_meta_disable_footer":"","neve_meta_disable_title":"","footnotes":""},"class_list":["post-89","page","type-page","status-publish","hentry"],"yoast_head":"<!-- This site is optimized with the Yoast SEO plugin v27.4 - https:\/\/yoast.com\/product\/yoast-seo-wordpress\/ -->\n<title>finAPI - Conectorgate<\/title>\n<meta name=\"description\" content=\"O conector finAPI \u00e9 uma API para acesso a dados de ERPs (como SAP Business One e TOTVS Protheus), visando a integra\u00e7\u00e3o com financeiro.\" \/>\n<meta name=\"robots\" content=\"index, follow, max-snippet:-1, max-image-preview:large, max-video-preview:-1\" \/>\n<link rel=\"canonical\" href=\"https:\/\/intergate.net.br\/conector\/finapi\/\" \/>\n<meta name=\"twitter:card\" content=\"summary_large_image\" \/>\n<meta name=\"twitter:title\" content=\"finAPI - Conectorgate\" \/>\n<meta name=\"twitter:description\" content=\"O conector finAPI \u00e9 uma API para acesso a dados de ERPs (como SAP Business One e TOTVS Protheus), visando a integra\u00e7\u00e3o com financeiro.\" \/>\n<meta name=\"twitter:image\" content=\"http:\/\/www.intergate.net.br\/conector\/wp-content\/uploads\/2020\/09\/finAPI.png\" \/>\n<meta name=\"twitter:label1\" content=\"Tempo estimado de leitura\" \/>\n\t<meta name=\"twitter:data1\" content=\"5 minutos\" \/>\n<script type=\"application\/ld+json\" class=\"yoast-schema-graph\">{\"@context\":\"https:\\\/\\\/schema.org\",\"@graph\":[{\"@type\":\"WebPage\",\"@id\":\"https:\\\/\\\/intergate.net.br\\\/conector\\\/finapi\\\/\",\"url\":\"https:\\\/\\\/intergate.net.br\\\/conector\\\/finapi\\\/\",\"name\":\"finAPI - Conectorgate\",\"isPartOf\":{\"@id\":\"https:\\\/\\\/intergate.net.br\\\/conector\\\/#website\"},\"primaryImageOfPage\":{\"@id\":\"https:\\\/\\\/intergate.net.br\\\/conector\\\/finapi\\\/#primaryimage\"},\"image\":{\"@id\":\"https:\\\/\\\/intergate.net.br\\\/conector\\\/finapi\\\/#primaryimage\"},\"thumbnailUrl\":\"http:\\\/\\\/www.intergate.net.br\\\/conector\\\/wp-content\\\/uploads\\\/2020\\\/09\\\/finAPI.png\",\"datePublished\":\"2020-02-12T17:39:44+00:00\",\"dateModified\":\"2024-05-21T21:18:13+00:00\",\"description\":\"O conector finAPI \u00e9 uma API para acesso a dados de ERPs (como SAP Business One e TOTVS Protheus), visando a integra\u00e7\u00e3o com financeiro.\",\"breadcrumb\":{\"@id\":\"https:\\\/\\\/intergate.net.br\\\/conector\\\/finapi\\\/#breadcrumb\"},\"inLanguage\":\"pt-PT\",\"potentialAction\":[{\"@type\":\"ReadAction\",\"target\":[\"https:\\\/\\\/intergate.net.br\\\/conector\\\/finapi\\\/\"]}]},{\"@type\":\"ImageObject\",\"inLanguage\":\"pt-PT\",\"@id\":\"https:\\\/\\\/intergate.net.br\\\/conector\\\/finapi\\\/#primaryimage\",\"url\":\"http:\\\/\\\/www.intergate.net.br\\\/conector\\\/wp-content\\\/uploads\\\/2020\\\/09\\\/finAPI.png\",\"contentUrl\":\"http:\\\/\\\/www.intergate.net.br\\\/conector\\\/wp-content\\\/uploads\\\/2020\\\/09\\\/finAPI.png\"},{\"@type\":\"BreadcrumbList\",\"@id\":\"https:\\\/\\\/intergate.net.br\\\/conector\\\/finapi\\\/#breadcrumb\",\"itemListElement\":[{\"@type\":\"ListItem\",\"position\":1,\"name\":\"In\u00edcio\",\"item\":\"https:\\\/\\\/intergate.net.br\\\/conector\\\/\"},{\"@type\":\"ListItem\",\"position\":2,\"name\":\"finAPI\"}]},{\"@type\":\"WebSite\",\"@id\":\"https:\\\/\\\/intergate.net.br\\\/conector\\\/#website\",\"url\":\"https:\\\/\\\/intergate.net.br\\\/conector\\\/\",\"name\":\"Conectorgate\",\"description\":\"Integra\u00e7\u00f5es SAP Business One e Totvs Protheus\",\"potentialAction\":[{\"@type\":\"SearchAction\",\"target\":{\"@type\":\"EntryPoint\",\"urlTemplate\":\"https:\\\/\\\/intergate.net.br\\\/conector\\\/?s={search_term_string}\"},\"query-input\":{\"@type\":\"PropertyValueSpecification\",\"valueRequired\":true,\"valueName\":\"search_term_string\"}}],\"inLanguage\":\"pt-PT\"}]}<\/script>\n<!-- \/ Yoast SEO plugin. -->","yoast_head_json":{"title":"finAPI - Conectorgate","description":"O conector finAPI \u00e9 uma API para acesso a dados de ERPs (como SAP Business One e TOTVS Protheus), visando a integra\u00e7\u00e3o com financeiro.","robots":{"index":"index","follow":"follow","max-snippet":"max-snippet:-1","max-image-preview":"max-image-preview:large","max-video-preview":"max-video-preview:-1"},"canonical":"https:\/\/intergate.net.br\/conector\/finapi\/","twitter_card":"summary_large_image","twitter_title":"finAPI - Conectorgate","twitter_description":"O conector finAPI \u00e9 uma API para acesso a dados de ERPs (como SAP Business One e TOTVS Protheus), visando a integra\u00e7\u00e3o com financeiro.","twitter_image":"http:\/\/www.intergate.net.br\/conector\/wp-content\/uploads\/2020\/09\/finAPI.png","twitter_misc":{"Tempo estimado de leitura":"5 minutos"},"schema":{"@context":"https:\/\/schema.org","@graph":[{"@type":"WebPage","@id":"https:\/\/intergate.net.br\/conector\/finapi\/","url":"https:\/\/intergate.net.br\/conector\/finapi\/","name":"finAPI - Conectorgate","isPartOf":{"@id":"https:\/\/intergate.net.br\/conector\/#website"},"primaryImageOfPage":{"@id":"https:\/\/intergate.net.br\/conector\/finapi\/#primaryimage"},"image":{"@id":"https:\/\/intergate.net.br\/conector\/finapi\/#primaryimage"},"thumbnailUrl":"http:\/\/www.intergate.net.br\/conector\/wp-content\/uploads\/2020\/09\/finAPI.png","datePublished":"2020-02-12T17:39:44+00:00","dateModified":"2024-05-21T21:18:13+00:00","description":"O conector finAPI \u00e9 uma API para acesso a dados de ERPs (como SAP Business One e TOTVS Protheus), visando a integra\u00e7\u00e3o com financeiro.","breadcrumb":{"@id":"https:\/\/intergate.net.br\/conector\/finapi\/#breadcrumb"},"inLanguage":"pt-PT","potentialAction":[{"@type":"ReadAction","target":["https:\/\/intergate.net.br\/conector\/finapi\/"]}]},{"@type":"ImageObject","inLanguage":"pt-PT","@id":"https:\/\/intergate.net.br\/conector\/finapi\/#primaryimage","url":"http:\/\/www.intergate.net.br\/conector\/wp-content\/uploads\/2020\/09\/finAPI.png","contentUrl":"http:\/\/www.intergate.net.br\/conector\/wp-content\/uploads\/2020\/09\/finAPI.png"},{"@type":"BreadcrumbList","@id":"https:\/\/intergate.net.br\/conector\/finapi\/#breadcrumb","itemListElement":[{"@type":"ListItem","position":1,"name":"In\u00edcio","item":"https:\/\/intergate.net.br\/conector\/"},{"@type":"ListItem","position":2,"name":"finAPI"}]},{"@type":"WebSite","@id":"https:\/\/intergate.net.br\/conector\/#website","url":"https:\/\/intergate.net.br\/conector\/","name":"Conectorgate","description":"Integra\u00e7\u00f5es SAP Business One e Totvs Protheus","potentialAction":[{"@type":"SearchAction","target":{"@type":"EntryPoint","urlTemplate":"https:\/\/intergate.net.br\/conector\/?s={search_term_string}"},"query-input":{"@type":"PropertyValueSpecification","valueRequired":true,"valueName":"search_term_string"}}],"inLanguage":"pt-PT"}]}},"_links":{"self":[{"href":"https:\/\/intergate.net.br\/conector\/wp-json\/wp\/v2\/pages\/89","targetHints":{"allow":["GET"]}}],"collection":[{"href":"https:\/\/intergate.net.br\/conector\/wp-json\/wp\/v2\/pages"}],"about":[{"href":"https:\/\/intergate.net.br\/conector\/wp-json\/wp\/v2\/types\/page"}],"author":[{"embeddable":true,"href":"https:\/\/intergate.net.br\/conector\/wp-json\/wp\/v2\/users\/1"}],"replies":[{"embeddable":true,"href":"https:\/\/intergate.net.br\/conector\/wp-json\/wp\/v2\/comments?post=89"}],"version-history":[{"count":15,"href":"https:\/\/intergate.net.br\/conector\/wp-json\/wp\/v2\/pages\/89\/revisions"}],"predecessor-version":[{"id":5880,"href":"https:\/\/intergate.net.br\/conector\/wp-json\/wp\/v2\/pages\/89\/revisions\/5880"}],"wp:attachment":[{"href":"https:\/\/intergate.net.br\/conector\/wp-json\/wp\/v2\/media?parent=89"}],"curies":[{"name":"wp","href":"https:\/\/api.w.org\/{rel}","templated":true}]}}