{"id":929,"date":"2020-04-30T21:18:42","date_gmt":"2020-04-30T21:18:42","guid":{"rendered":"http:\/\/intergate.net.br\/conector\/?page_id=929"},"modified":"2024-03-12T16:58:18","modified_gmt":"2024-03-12T19:58:18","slug":"conectorgate-autenticacao","status":"publish","type":"page","link":"https:\/\/intergate.net.br\/conector\/conectorgate-autenticacao\/","title":{"rendered":"ConectorGATE Autentica\u00e7\u00e3o"},"content":{"rendered":"\t\t<div data-elementor-type=\"wp-page\" data-elementor-id=\"929\" class=\"elementor elementor-929\">\n\t\t\t\t\t\t<section class=\"elementor-section elementor-top-section elementor-element elementor-element-312e42ef elementor-section-boxed elementor-section-height-default elementor-section-height-default\" data-id=\"312e42ef\" data-element_type=\"section\" data-e-type=\"section\">\n\t\t\t\t\t\t<div class=\"elementor-container elementor-column-gap-default\">\n\t\t\t\t\t<div class=\"elementor-column elementor-col-100 elementor-top-column elementor-element elementor-element-2fc7b3b7\" data-id=\"2fc7b3b7\" data-element_type=\"column\" data-e-type=\"column\">\n\t\t\t<div class=\"elementor-widget-wrap elementor-element-populated\">\n\t\t\t\t\t\t<div class=\"elementor-element elementor-element-1ad2b984 elementor-widget elementor-widget-text-editor\" data-id=\"1ad2b984\" data-element_type=\"widget\" data-e-type=\"widget\" data-widget_type=\"text-editor.default\">\n\t\t\t\t<div class=\"elementor-widget-container\">\n\t\t\t\t\t\t\t\t\t\n<p>Todos os requests para o ConectorGate utilizam o m\u00e9todo de <strong>autentica\u00e7\u00e3o Basic Auth<\/strong>.<\/p>\n\n\n\n<p>Ou seja, \u00e9 necess\u00e1rio enviar no header do request a key <strong>Authorization <\/strong>com conte\u00fado similar a:<\/p>\n\n\n\n<pre class=\"wp-block-preformatted\">Basic aW50ZXJnYXRlOjAwaX50ZXJUYXRlOTk= <\/pre>\n\n\n\n<p>No Postman, voc\u00ea deve acessar a sess\u00e3o <strong>Authorization<\/strong> do request e preencher:<\/p>\n\n\n\n<ul class=\"wp-block-list\">\n<li>Type = Basic Auth<\/li>\n\n\n\n<li>campos Username e Password<\/li>\n<\/ul>\n\n\n\n<figure class=\"wp-block-image size-large\"><img fetchpriority=\"high\" decoding=\"async\" width=\"1024\" height=\"301\" src=\"http:\/\/intergate.net.br\/conector\/wp-content\/uploads\/2020\/04\/image-2-1024x301.png\" alt=\"\" class=\"wp-image-848\" srcset=\"https:\/\/intergate.net.br\/conector\/wp-content\/uploads\/2020\/04\/image-2-1024x301.png 1024w, https:\/\/intergate.net.br\/conector\/wp-content\/uploads\/2020\/04\/image-2-600x176.png 600w, https:\/\/intergate.net.br\/conector\/wp-content\/uploads\/2020\/04\/image-2-300x88.png 300w, https:\/\/intergate.net.br\/conector\/wp-content\/uploads\/2020\/04\/image-2-768x226.png 768w, https:\/\/intergate.net.br\/conector\/wp-content\/uploads\/2020\/04\/image-2.png 1048w\" sizes=\"(max-width: 1024px) 100vw, 1024px\" \/><figcaption class=\"wp-element-caption\">Request Postman com Basic Auth<\/figcaption><\/figure>\n\n\n\n<p> O local para configura\u00e7\u00e3o de usu\u00e1rios para acesso aos servi\u00e7os da API depende do ERP utilizado.<\/p>\n\n\n\n<p class=\"has-nv-dark-bg-color has-nv-light-bg-background-color has-text-color has-background\" style=\"font-size:30px\">SAP Business One<\/p>\n\n\n\n<p>O cadastro de usu\u00e1rios para utiliza\u00e7\u00e3o da API \u00e9 realizada no SAP B1 Integration Framework. Acesse a sess\u00e3o Maintenance &gt; User Administration &gt; Runtime Users.<\/p>\n\n\n\n<figure class=\"wp-block-image size-large\"><img decoding=\"async\" width=\"396\" height=\"118\" src=\"http:\/\/intergate.net.br\/conector\/wp-content\/uploads\/2020\/05\/image.png\" alt=\"\" class=\"wp-image-962\" srcset=\"https:\/\/intergate.net.br\/conector\/wp-content\/uploads\/2020\/05\/image.png 396w, https:\/\/intergate.net.br\/conector\/wp-content\/uploads\/2020\/05\/image-300x89.png 300w\" sizes=\"(max-width: 396px) 100vw, 396px\" \/><\/figure>\n\n\n\n<figure class=\"wp-block-image size-large\"><img decoding=\"async\" width=\"401\" height=\"94\" src=\"http:\/\/intergate.net.br\/conector\/wp-content\/uploads\/2020\/05\/image-1.png\" alt=\"\" class=\"wp-image-963\" srcset=\"https:\/\/intergate.net.br\/conector\/wp-content\/uploads\/2020\/05\/image-1.png 401w, https:\/\/intergate.net.br\/conector\/wp-content\/uploads\/2020\/05\/image-1-300x70.png 300w\" sizes=\"(max-width: 401px) 100vw, 401px\" \/><\/figure>\n\n\n\n<p>O usu\u00e1rio utilizado pela grava\u00e7\u00f5es no ERP SAP Business One \u00e9 o B1i (2). <\/p>\n\n\n\n<p>Portanto, <strong>\u00e9 necess\u00e1rio ter licen\u00e7a B1i e o SAP B1If instalado.<\/strong><\/p>\n\n\n\n<p class=\"has-nv-dark-bg-color has-nv-light-bg-background-color has-text-color has-background\" style=\"font-size:30px\">TOTVS Protheus<\/p>\n\n\n\n<p>O cadastro de usu\u00e1rios para utiliza\u00e7\u00e3o da API \u00e9 realizada no SIGACFG. Acesse a sess\u00e3o  Usu\u00e1rio &gt; Senha &gt; Usu\u00e1rios.<\/p>\n\n\n\n<figure class=\"wp-block-image size-large\"><img loading=\"lazy\" decoding=\"async\" width=\"364\" height=\"76\" src=\"http:\/\/intergate.net.br\/conector\/wp-content\/uploads\/2020\/05\/image-2.png\" alt=\"\" class=\"wp-image-964\" srcset=\"https:\/\/intergate.net.br\/conector\/wp-content\/uploads\/2020\/05\/image-2.png 364w, https:\/\/intergate.net.br\/conector\/wp-content\/uploads\/2020\/05\/image-2-300x63.png 300w, https:\/\/intergate.net.br\/conector\/wp-content\/uploads\/2020\/05\/image-2-360x76.png 360w\" sizes=\"(max-width: 364px) 100vw, 364px\" \/><figcaption class=\"wp-element-caption\">TOTVS Protheus &#8211; Cadastro de usu\u00e1rios<\/figcaption><\/figure>\n\n\n\n<p>O usu\u00e1rio utilizado pela grava\u00e7\u00f5es no ERP SAP TOTVS Protheus \u00e9 o usu\u00e1rio utilizado na autentica\u00e7\u00e3o da API. <\/p>\n\n\n\n<p><strong>Para o TOTVS Protheus \u00e9 necess\u00e1rio ter licen\u00e7as TOTVS I<\/strong> (4001) para acessar os servi\u00e7os REST disponibilizados pelo ERP. Fonte: https:\/\/centraldeatendimento.totvs.com\/hc\/pt-br\/articles\/360018606751-MP-ADVPL-Consumo-de-Licen%C3%A7a-WS<\/p>\n\n\n\n<div class=\"wp-block-columns is-layout-flex wp-container-core-columns-is-layout-9d6595d7 wp-block-columns-is-layout-flex\">\n<div class=\"wp-block-column is-layout-flow wp-block-column-is-layout-flow\"><\/div>\n<\/div>\n\t\t\t\t\t\t\t\t<\/div>\n\t\t\t\t<\/div>\n\t\t\t\t\t<\/div>\n\t\t<\/div>\n\t\t\t\t\t<\/div>\n\t\t<\/section>\n\t\t\t\t<\/div>\n\t\t","protected":false},"excerpt":{"rendered":"<p>Todos os requests para o ConectorGate utilizam o m\u00e9todo de autentica\u00e7\u00e3o Basic Auth. Ou seja, \u00e9 necess\u00e1rio enviar no header do request a key Authorization com conte\u00fado similar a: Basic aW50ZXJnYXRlOjAwaX50ZXJUYXRlOTk= No Postman, voc\u00ea deve acessar a sess\u00e3o Authorization do request e preencher: O local para configura\u00e7\u00e3o de usu\u00e1rios para acesso aos servi\u00e7os da API&hellip;&nbsp;<a href=\"https:\/\/intergate.net.br\/conector\/conectorgate-autenticacao\/\" rel=\"bookmark\">Ler mais &raquo;<span class=\"screen-reader-text\">ConectorGATE Autentica\u00e7\u00e3o<\/span><\/a><\/p>\n","protected":false},"author":1,"featured_media":0,"parent":0,"menu_order":0,"comment_status":"closed","ping_status":"closed","template":"","meta":{"content-type":"","neve_meta_sidebar":"","neve_meta_container":"","neve_meta_enable_content_width":"","neve_meta_content_width":0,"neve_meta_title_alignment":"","neve_meta_author_avatar":"","neve_post_elements_order":"","neve_meta_disable_header":"","neve_meta_disable_footer":"","neve_meta_disable_title":"","footnotes":""},"class_list":["post-929","page","type-page","status-publish","hentry"],"yoast_head":"<!-- This site is optimized with the Yoast SEO plugin v27.4 - https:\/\/yoast.com\/product\/yoast-seo-wordpress\/ -->\n<title>ConectorGATE Autentica\u00e7\u00e3o - Conectorgate<\/title>\n<meta name=\"description\" content=\"Todos os requests para o ConectorGate utilizam o m\u00e9todo de autentica\u00e7\u00e3o Basic Auth.\" \/>\n<meta name=\"robots\" content=\"index, follow, max-snippet:-1, max-image-preview:large, max-video-preview:-1\" \/>\n<link rel=\"canonical\" href=\"https:\/\/intergate.net.br\/conector\/conectorgate-autenticacao\/\" \/>\n<meta name=\"twitter:card\" content=\"summary_large_image\" \/>\n<meta name=\"twitter:title\" content=\"ConectorGATE Autentica\u00e7\u00e3o - Conectorgate\" \/>\n<meta name=\"twitter:description\" content=\"Todos os requests para o ConectorGate utilizam o m\u00e9todo de autentica\u00e7\u00e3o Basic Auth.\" \/>\n<meta name=\"twitter:image\" content=\"http:\/\/intergate.net.br\/conector\/wp-content\/uploads\/2020\/04\/image-2-1024x301.png\" \/>\n<meta name=\"twitter:label1\" content=\"Tempo estimado de leitura\" \/>\n\t<meta name=\"twitter:data1\" content=\"2 minutos\" \/>\n<script type=\"application\/ld+json\" class=\"yoast-schema-graph\">{\"@context\":\"https:\\\/\\\/schema.org\",\"@graph\":[{\"@type\":\"WebPage\",\"@id\":\"https:\\\/\\\/intergate.net.br\\\/conector\\\/conectorgate-autenticacao\\\/\",\"url\":\"https:\\\/\\\/intergate.net.br\\\/conector\\\/conectorgate-autenticacao\\\/\",\"name\":\"ConectorGATE Autentica\u00e7\u00e3o - Conectorgate\",\"isPartOf\":{\"@id\":\"https:\\\/\\\/intergate.net.br\\\/conector\\\/#website\"},\"primaryImageOfPage\":{\"@id\":\"https:\\\/\\\/intergate.net.br\\\/conector\\\/conectorgate-autenticacao\\\/#primaryimage\"},\"image\":{\"@id\":\"https:\\\/\\\/intergate.net.br\\\/conector\\\/conectorgate-autenticacao\\\/#primaryimage\"},\"thumbnailUrl\":\"http:\\\/\\\/intergate.net.br\\\/conector\\\/wp-content\\\/uploads\\\/2020\\\/04\\\/image-2-1024x301.png\",\"datePublished\":\"2020-04-30T21:18:42+00:00\",\"dateModified\":\"2024-03-12T19:58:18+00:00\",\"description\":\"Todos os requests para o ConectorGate utilizam o m\u00e9todo de autentica\u00e7\u00e3o Basic Auth.\",\"breadcrumb\":{\"@id\":\"https:\\\/\\\/intergate.net.br\\\/conector\\\/conectorgate-autenticacao\\\/#breadcrumb\"},\"inLanguage\":\"pt-PT\",\"potentialAction\":[{\"@type\":\"ReadAction\",\"target\":[\"https:\\\/\\\/intergate.net.br\\\/conector\\\/conectorgate-autenticacao\\\/\"]}]},{\"@type\":\"ImageObject\",\"inLanguage\":\"pt-PT\",\"@id\":\"https:\\\/\\\/intergate.net.br\\\/conector\\\/conectorgate-autenticacao\\\/#primaryimage\",\"url\":\"http:\\\/\\\/intergate.net.br\\\/conector\\\/wp-content\\\/uploads\\\/2020\\\/04\\\/image-2-1024x301.png\",\"contentUrl\":\"http:\\\/\\\/intergate.net.br\\\/conector\\\/wp-content\\\/uploads\\\/2020\\\/04\\\/image-2-1024x301.png\"},{\"@type\":\"BreadcrumbList\",\"@id\":\"https:\\\/\\\/intergate.net.br\\\/conector\\\/conectorgate-autenticacao\\\/#breadcrumb\",\"itemListElement\":[{\"@type\":\"ListItem\",\"position\":1,\"name\":\"In\u00edcio\",\"item\":\"https:\\\/\\\/intergate.net.br\\\/conector\\\/\"},{\"@type\":\"ListItem\",\"position\":2,\"name\":\"ConectorGATE Autentica\u00e7\u00e3o\"}]},{\"@type\":\"WebSite\",\"@id\":\"https:\\\/\\\/intergate.net.br\\\/conector\\\/#website\",\"url\":\"https:\\\/\\\/intergate.net.br\\\/conector\\\/\",\"name\":\"Conectorgate\",\"description\":\"Integra\u00e7\u00f5es SAP Business One e Totvs Protheus\",\"potentialAction\":[{\"@type\":\"SearchAction\",\"target\":{\"@type\":\"EntryPoint\",\"urlTemplate\":\"https:\\\/\\\/intergate.net.br\\\/conector\\\/?s={search_term_string}\"},\"query-input\":{\"@type\":\"PropertyValueSpecification\",\"valueRequired\":true,\"valueName\":\"search_term_string\"}}],\"inLanguage\":\"pt-PT\"}]}<\/script>\n<!-- \/ Yoast SEO plugin. -->","yoast_head_json":{"title":"ConectorGATE Autentica\u00e7\u00e3o - Conectorgate","description":"Todos os requests para o ConectorGate utilizam o m\u00e9todo de autentica\u00e7\u00e3o Basic Auth.","robots":{"index":"index","follow":"follow","max-snippet":"max-snippet:-1","max-image-preview":"max-image-preview:large","max-video-preview":"max-video-preview:-1"},"canonical":"https:\/\/intergate.net.br\/conector\/conectorgate-autenticacao\/","twitter_card":"summary_large_image","twitter_title":"ConectorGATE Autentica\u00e7\u00e3o - Conectorgate","twitter_description":"Todos os requests para o ConectorGate utilizam o m\u00e9todo de autentica\u00e7\u00e3o Basic Auth.","twitter_image":"http:\/\/intergate.net.br\/conector\/wp-content\/uploads\/2020\/04\/image-2-1024x301.png","twitter_misc":{"Tempo estimado de leitura":"2 minutos"},"schema":{"@context":"https:\/\/schema.org","@graph":[{"@type":"WebPage","@id":"https:\/\/intergate.net.br\/conector\/conectorgate-autenticacao\/","url":"https:\/\/intergate.net.br\/conector\/conectorgate-autenticacao\/","name":"ConectorGATE Autentica\u00e7\u00e3o - Conectorgate","isPartOf":{"@id":"https:\/\/intergate.net.br\/conector\/#website"},"primaryImageOfPage":{"@id":"https:\/\/intergate.net.br\/conector\/conectorgate-autenticacao\/#primaryimage"},"image":{"@id":"https:\/\/intergate.net.br\/conector\/conectorgate-autenticacao\/#primaryimage"},"thumbnailUrl":"http:\/\/intergate.net.br\/conector\/wp-content\/uploads\/2020\/04\/image-2-1024x301.png","datePublished":"2020-04-30T21:18:42+00:00","dateModified":"2024-03-12T19:58:18+00:00","description":"Todos os requests para o ConectorGate utilizam o m\u00e9todo de autentica\u00e7\u00e3o Basic Auth.","breadcrumb":{"@id":"https:\/\/intergate.net.br\/conector\/conectorgate-autenticacao\/#breadcrumb"},"inLanguage":"pt-PT","potentialAction":[{"@type":"ReadAction","target":["https:\/\/intergate.net.br\/conector\/conectorgate-autenticacao\/"]}]},{"@type":"ImageObject","inLanguage":"pt-PT","@id":"https:\/\/intergate.net.br\/conector\/conectorgate-autenticacao\/#primaryimage","url":"http:\/\/intergate.net.br\/conector\/wp-content\/uploads\/2020\/04\/image-2-1024x301.png","contentUrl":"http:\/\/intergate.net.br\/conector\/wp-content\/uploads\/2020\/04\/image-2-1024x301.png"},{"@type":"BreadcrumbList","@id":"https:\/\/intergate.net.br\/conector\/conectorgate-autenticacao\/#breadcrumb","itemListElement":[{"@type":"ListItem","position":1,"name":"In\u00edcio","item":"https:\/\/intergate.net.br\/conector\/"},{"@type":"ListItem","position":2,"name":"ConectorGATE Autentica\u00e7\u00e3o"}]},{"@type":"WebSite","@id":"https:\/\/intergate.net.br\/conector\/#website","url":"https:\/\/intergate.net.br\/conector\/","name":"Conectorgate","description":"Integra\u00e7\u00f5es SAP Business One e Totvs Protheus","potentialAction":[{"@type":"SearchAction","target":{"@type":"EntryPoint","urlTemplate":"https:\/\/intergate.net.br\/conector\/?s={search_term_string}"},"query-input":{"@type":"PropertyValueSpecification","valueRequired":true,"valueName":"search_term_string"}}],"inLanguage":"pt-PT"}]}},"_links":{"self":[{"href":"https:\/\/intergate.net.br\/conector\/wp-json\/wp\/v2\/pages\/929","targetHints":{"allow":["GET"]}}],"collection":[{"href":"https:\/\/intergate.net.br\/conector\/wp-json\/wp\/v2\/pages"}],"about":[{"href":"https:\/\/intergate.net.br\/conector\/wp-json\/wp\/v2\/types\/page"}],"author":[{"embeddable":true,"href":"https:\/\/intergate.net.br\/conector\/wp-json\/wp\/v2\/users\/1"}],"replies":[{"embeddable":true,"href":"https:\/\/intergate.net.br\/conector\/wp-json\/wp\/v2\/comments?post=929"}],"version-history":[{"count":5,"href":"https:\/\/intergate.net.br\/conector\/wp-json\/wp\/v2\/pages\/929\/revisions"}],"predecessor-version":[{"id":5747,"href":"https:\/\/intergate.net.br\/conector\/wp-json\/wp\/v2\/pages\/929\/revisions\/5747"}],"wp:attachment":[{"href":"https:\/\/intergate.net.br\/conector\/wp-json\/wp\/v2\/media?parent=929"}],"curies":[{"name":"wp","href":"https:\/\/api.w.org\/{rel}","templated":true}]}}