{"id":946,"date":"2020-04-30T22:44:45","date_gmt":"2020-04-30T22:44:45","guid":{"rendered":"http:\/\/intergate.net.br\/conector\/?page_id=946"},"modified":"2024-03-12T17:02:50","modified_gmt":"2024-03-12T20:02:50","slug":"erpkey-chave-primaria-no-erp","status":"publish","type":"page","link":"https:\/\/intergate.net.br\/conector\/erpkey-chave-primaria-no-erp\/","title":{"rendered":"erpKey &#8211; Chave Prim\u00e1ria no ERP"},"content":{"rendered":"\t\t<div data-elementor-type=\"wp-page\" data-elementor-id=\"946\" class=\"elementor elementor-946\">\n\t\t\t\t\t\t<section class=\"elementor-section elementor-top-section elementor-element elementor-element-15915d67 elementor-section-boxed elementor-section-height-default elementor-section-height-default\" data-id=\"15915d67\" data-element_type=\"section\" data-e-type=\"section\">\n\t\t\t\t\t\t<div class=\"elementor-container elementor-column-gap-default\">\n\t\t\t\t\t<div class=\"elementor-column elementor-col-100 elementor-top-column elementor-element elementor-element-43cf35b3\" data-id=\"43cf35b3\" data-element_type=\"column\" data-e-type=\"column\">\n\t\t\t<div class=\"elementor-widget-wrap elementor-element-populated\">\n\t\t\t\t\t\t<div class=\"elementor-element elementor-element-3cbbaf40 elementor-widget elementor-widget-text-editor\" data-id=\"3cbbaf40\" data-element_type=\"widget\" data-e-type=\"widget\" data-widget_type=\"text-editor.default\">\n\t\t\t\t<div class=\"elementor-widget-container\">\n\t\t\t\t\t\t\t\t\t\n<p>Todos os servi\u00e7os da API ConectorGate utilizam a padroniza\u00e7\u00e3o de chave prim\u00e1rio dos objetos de neg\u00f3cio no ERP.<\/p>\n\n\n\n<p>No ConectorGATE o identificador prim\u00e1rio (primary key) por objeto sempre ser\u00e1 chamado <strong>erpKey<\/strong>, \u00e9 fixo por ERP e baseado na tabela abaixo.<\/p>\n\n\n\n<p>O campo <strong>erpKey <\/strong>ser\u00e1 utilizado tanto para realizar consultas unit\u00e1rias (GET), quanto no response de processos da API.<\/p>\n\n\n\n<p class=\"has-nv-dark-bg-color has-nv-light-bg-background-color has-text-color has-background\" style=\"font-size:20px\">SAP Business One (in review)<\/p>\n\n\n\n<figure class=\"wp-block-table\"><table class=\"has-background\" style=\"background-color:#e7f5fe\"><thead><tr><th> <strong>OBJECT<\/strong> <\/th><th> <strong>erpKey<\/strong> <\/th><\/tr><\/thead><tbody><tr><td>ItemGroups<\/td><td>OITB.ItmsGrpCod<\/td><\/tr><tr><td>Products<\/td><td>OITM.ItemCode<\/td><\/tr><tr><td>Partners<\/td><td>OCRD.CardCode<\/td><\/tr><tr><td>Orders<\/td><td>ORDR.DocEntry<\/td><\/tr><tr><td>Invoices<\/td><td>OINV.DocEntry<\/td><\/tr><tr><td>Picklists<\/td><td>OPKL.AbsEntry<\/td><\/tr><tr><td>Sellers<\/td><td>OSLP.SlpCode<\/td><\/tr><tr><td>Receivables<\/td><td>OJDT.TransId<\/td><\/tr><tr><td>IncPayments<\/td><td>ORCT.DocEntry<\/td><\/tr><\/tbody><\/table><figcaption class=\"wp-element-caption\">erpKey para o ERP SAP Business One<\/figcaption><\/figure>\n\n\n\n<p class=\"has-nv-dark-bg-color has-nv-light-bg-background-color has-text-color has-background\" style=\"font-size:30px\">TOTVS Protheus (in review)<\/p>\n\n\n\n<figure class=\"wp-block-table\"><table class=\"has-background\" style=\"background-color:#e7f5fe\"><thead><tr><th> <strong>OBJECT<\/strong> <\/th><th> <strong>erpKey<\/strong> <\/th><\/tr><\/thead><tbody><tr><td>ItemGroups<\/td><td>BM_GRUPO<\/td><\/tr><tr><td>Products<\/td><td>B1_CODE <\/td><\/tr><tr><td>Partners<\/td><td>A1_COD+A1_LOJA<br>A2_COD+A2_LOJA<br>US_COD+US_LOJA<\/td><\/tr><tr><td>Orders<\/td><td>C5_NUM<\/td><\/tr><tr><td>Invoices<\/td><td>D2_COD<\/td><\/tr><tr><td>Picklists<\/td><td>&#8211;<\/td><\/tr><tr><td>Sellers<\/td><td>A3_COD<\/td><\/tr><tr><td>Receivables<\/td><td>E1_PREFIXO\/E1_NUM<\/td><\/tr><tr><td>IncPayments<\/td><td><\/td><\/tr><\/tbody><\/table><figcaption class=\"wp-element-caption\">erpKey para o ERP TOTVS Protheus<\/figcaption><\/figure>\n\n\n\n<div class=\"wp-block-columns is-layout-flex wp-container-core-columns-is-layout-9d6595d7 wp-block-columns-is-layout-flex\">\n<div class=\"wp-block-column is-layout-flow wp-block-column-is-layout-flow\"><\/div>\n<\/div>\n\n\n\n<p><\/p>\n\t\t\t\t\t\t\t\t<\/div>\n\t\t\t\t<\/div>\n\t\t\t\t\t<\/div>\n\t\t<\/div>\n\t\t\t\t\t<\/div>\n\t\t<\/section>\n\t\t\t\t<\/div>\n\t\t","protected":false},"excerpt":{"rendered":"<p>Todos os servi\u00e7os da API ConectorGate utilizam a padroniza\u00e7\u00e3o de chave prim\u00e1rio dos objetos de neg\u00f3cio no ERP. No ConectorGATE o identificador prim\u00e1rio (primary key) por objeto sempre ser\u00e1 chamado erpKey, \u00e9 fixo por ERP e baseado na tabela abaixo. O campo erpKey ser\u00e1 utilizado tanto para realizar consultas unit\u00e1rias (GET), quanto no response de&hellip;&nbsp;<a href=\"https:\/\/intergate.net.br\/conector\/erpkey-chave-primaria-no-erp\/\" rel=\"bookmark\">Ler mais &raquo;<span class=\"screen-reader-text\">erpKey &#8211; Chave Prim\u00e1ria no ERP<\/span><\/a><\/p>\n","protected":false},"author":1,"featured_media":0,"parent":0,"menu_order":0,"comment_status":"closed","ping_status":"closed","template":"","meta":{"content-type":"","neve_meta_sidebar":"","neve_meta_container":"","neve_meta_enable_content_width":"","neve_meta_content_width":0,"neve_meta_title_alignment":"","neve_meta_author_avatar":"","neve_post_elements_order":"","neve_meta_disable_header":"","neve_meta_disable_footer":"","neve_meta_disable_title":"","footnotes":""},"class_list":["post-946","page","type-page","status-publish","hentry"],"yoast_head":"<!-- This site is optimized with the Yoast SEO plugin v27.4 - https:\/\/yoast.com\/product\/yoast-seo-wordpress\/ -->\n<title>erpKey - Chave Prim\u00e1ria no ERP - Conectorgate<\/title>\n<meta name=\"robots\" content=\"index, follow, max-snippet:-1, max-image-preview:large, max-video-preview:-1\" \/>\n<link rel=\"canonical\" href=\"https:\/\/intergate.net.br\/conector\/erpkey-chave-primaria-no-erp\/\" \/>\n<meta name=\"twitter:card\" content=\"summary_large_image\" \/>\n<meta name=\"twitter:title\" content=\"erpKey - Chave Prim\u00e1ria no ERP - Conectorgate\" \/>\n<meta name=\"twitter:description\" content=\"Todos os servi\u00e7os da API ConectorGate utilizam a padroniza\u00e7\u00e3o de chave prim\u00e1rio dos objetos de neg\u00f3cio no ERP. No ConectorGATE o identificador prim\u00e1rio (primary key) por objeto sempre ser\u00e1 chamado erpKey, \u00e9 fixo por ERP e baseado na tabela abaixo. O campo erpKey ser\u00e1 utilizado tanto para realizar consultas unit\u00e1rias (GET), quanto no response de&hellip;&nbsp;Ler mais &raquo;erpKey &#8211; Chave Prim\u00e1ria no ERP\" \/>\n<meta name=\"twitter:label1\" content=\"Tempo estimado de leitura\" \/>\n\t<meta name=\"twitter:data1\" content=\"1 minuto\" \/>\n<script type=\"application\/ld+json\" class=\"yoast-schema-graph\">{\"@context\":\"https:\\\/\\\/schema.org\",\"@graph\":[{\"@type\":\"WebPage\",\"@id\":\"https:\\\/\\\/intergate.net.br\\\/conector\\\/erpkey-chave-primaria-no-erp\\\/\",\"url\":\"https:\\\/\\\/intergate.net.br\\\/conector\\\/erpkey-chave-primaria-no-erp\\\/\",\"name\":\"erpKey - Chave Prim\u00e1ria no ERP - Conectorgate\",\"isPartOf\":{\"@id\":\"https:\\\/\\\/intergate.net.br\\\/conector\\\/#website\"},\"datePublished\":\"2020-04-30T22:44:45+00:00\",\"dateModified\":\"2024-03-12T20:02:50+00:00\",\"breadcrumb\":{\"@id\":\"https:\\\/\\\/intergate.net.br\\\/conector\\\/erpkey-chave-primaria-no-erp\\\/#breadcrumb\"},\"inLanguage\":\"pt-PT\",\"potentialAction\":[{\"@type\":\"ReadAction\",\"target\":[\"https:\\\/\\\/intergate.net.br\\\/conector\\\/erpkey-chave-primaria-no-erp\\\/\"]}]},{\"@type\":\"BreadcrumbList\",\"@id\":\"https:\\\/\\\/intergate.net.br\\\/conector\\\/erpkey-chave-primaria-no-erp\\\/#breadcrumb\",\"itemListElement\":[{\"@type\":\"ListItem\",\"position\":1,\"name\":\"In\u00edcio\",\"item\":\"https:\\\/\\\/intergate.net.br\\\/conector\\\/\"},{\"@type\":\"ListItem\",\"position\":2,\"name\":\"erpKey &#8211; Chave Prim\u00e1ria no ERP\"}]},{\"@type\":\"WebSite\",\"@id\":\"https:\\\/\\\/intergate.net.br\\\/conector\\\/#website\",\"url\":\"https:\\\/\\\/intergate.net.br\\\/conector\\\/\",\"name\":\"Conectorgate\",\"description\":\"Integra\u00e7\u00f5es SAP Business One e Totvs Protheus\",\"potentialAction\":[{\"@type\":\"SearchAction\",\"target\":{\"@type\":\"EntryPoint\",\"urlTemplate\":\"https:\\\/\\\/intergate.net.br\\\/conector\\\/?s={search_term_string}\"},\"query-input\":{\"@type\":\"PropertyValueSpecification\",\"valueRequired\":true,\"valueName\":\"search_term_string\"}}],\"inLanguage\":\"pt-PT\"}]}<\/script>\n<!-- \/ Yoast SEO plugin. -->","yoast_head_json":{"title":"erpKey - Chave Prim\u00e1ria no ERP - Conectorgate","robots":{"index":"index","follow":"follow","max-snippet":"max-snippet:-1","max-image-preview":"max-image-preview:large","max-video-preview":"max-video-preview:-1"},"canonical":"https:\/\/intergate.net.br\/conector\/erpkey-chave-primaria-no-erp\/","twitter_card":"summary_large_image","twitter_title":"erpKey - Chave Prim\u00e1ria no ERP - Conectorgate","twitter_description":"Todos os servi\u00e7os da API ConectorGate utilizam a padroniza\u00e7\u00e3o de chave prim\u00e1rio dos objetos de neg\u00f3cio no ERP. No ConectorGATE o identificador prim\u00e1rio (primary key) por objeto sempre ser\u00e1 chamado erpKey, \u00e9 fixo por ERP e baseado na tabela abaixo. O campo erpKey ser\u00e1 utilizado tanto para realizar consultas unit\u00e1rias (GET), quanto no response de&hellip;&nbsp;Ler mais &raquo;erpKey &#8211; Chave Prim\u00e1ria no ERP","twitter_misc":{"Tempo estimado de leitura":"1 minuto"},"schema":{"@context":"https:\/\/schema.org","@graph":[{"@type":"WebPage","@id":"https:\/\/intergate.net.br\/conector\/erpkey-chave-primaria-no-erp\/","url":"https:\/\/intergate.net.br\/conector\/erpkey-chave-primaria-no-erp\/","name":"erpKey - Chave Prim\u00e1ria no ERP - Conectorgate","isPartOf":{"@id":"https:\/\/intergate.net.br\/conector\/#website"},"datePublished":"2020-04-30T22:44:45+00:00","dateModified":"2024-03-12T20:02:50+00:00","breadcrumb":{"@id":"https:\/\/intergate.net.br\/conector\/erpkey-chave-primaria-no-erp\/#breadcrumb"},"inLanguage":"pt-PT","potentialAction":[{"@type":"ReadAction","target":["https:\/\/intergate.net.br\/conector\/erpkey-chave-primaria-no-erp\/"]}]},{"@type":"BreadcrumbList","@id":"https:\/\/intergate.net.br\/conector\/erpkey-chave-primaria-no-erp\/#breadcrumb","itemListElement":[{"@type":"ListItem","position":1,"name":"In\u00edcio","item":"https:\/\/intergate.net.br\/conector\/"},{"@type":"ListItem","position":2,"name":"erpKey &#8211; Chave Prim\u00e1ria no ERP"}]},{"@type":"WebSite","@id":"https:\/\/intergate.net.br\/conector\/#website","url":"https:\/\/intergate.net.br\/conector\/","name":"Conectorgate","description":"Integra\u00e7\u00f5es SAP Business One e Totvs Protheus","potentialAction":[{"@type":"SearchAction","target":{"@type":"EntryPoint","urlTemplate":"https:\/\/intergate.net.br\/conector\/?s={search_term_string}"},"query-input":{"@type":"PropertyValueSpecification","valueRequired":true,"valueName":"search_term_string"}}],"inLanguage":"pt-PT"}]}},"_links":{"self":[{"href":"https:\/\/intergate.net.br\/conector\/wp-json\/wp\/v2\/pages\/946","targetHints":{"allow":["GET"]}}],"collection":[{"href":"https:\/\/intergate.net.br\/conector\/wp-json\/wp\/v2\/pages"}],"about":[{"href":"https:\/\/intergate.net.br\/conector\/wp-json\/wp\/v2\/types\/page"}],"author":[{"embeddable":true,"href":"https:\/\/intergate.net.br\/conector\/wp-json\/wp\/v2\/users\/1"}],"replies":[{"embeddable":true,"href":"https:\/\/intergate.net.br\/conector\/wp-json\/wp\/v2\/comments?post=946"}],"version-history":[{"count":4,"href":"https:\/\/intergate.net.br\/conector\/wp-json\/wp\/v2\/pages\/946\/revisions"}],"predecessor-version":[{"id":5759,"href":"https:\/\/intergate.net.br\/conector\/wp-json\/wp\/v2\/pages\/946\/revisions\/5759"}],"wp:attachment":[{"href":"https:\/\/intergate.net.br\/conector\/wp-json\/wp\/v2\/media?parent=946"}],"curies":[{"name":"wp","href":"https:\/\/api.w.org\/{rel}","templated":true}]}}